


{"id":817,"date":"2021-11-01T14:15:42","date_gmt":"2021-11-01T13:15:42","guid":{"rendered":"https:\/\/www.degro.org\/club100\/?page_id=817"},"modified":"2021-11-17T12:11:23","modified_gmt":"2021-11-17T11:11:23","slug":"fortbildungsreise-2021","status":"publish","type":"page","link":"https:\/\/www.degro.org\/club100\/fortbildungsreise-2021\/","title":{"rendered":"Fortbildungsreise 2021"},"content":{"rendered":"<div id=\"pl-817\"><style scoped>#pg-817-0 , #pl-817 .panel-grid-cell .so-panel { margin-bottom:30px } #pg-817-0 .panel-grid-cell { float:none } #pgc-817-1-0 , #pgc-817-1-1 , #pgc-817-1-2 , #pgc-817-1-3 { width:25% } #pg-817-1 .panel-grid-cell { float:left } #pl-817 .panel-grid-cell .so-panel:last-child { margin-bottom:0px } #pg-817-0 , #pg-817-1 { margin-left:-15px;margin-right:-15px } #pg-817-0 .panel-grid-cell , #pg-817-1 .panel-grid-cell { padding-left:15px;padding-right:15px } @media (max-width:780px){ #pg-817-0 .panel-grid-cell , #pg-817-1 .panel-grid-cell { float:none;width:auto } #pgc-817-1-0 , #pgc-817-1-1 , #pgc-817-1-2 { margin-bottom:30px } #pl-817 .panel-grid , #pl-817 .panel-grid-cell {  } #pl-817 .panel-grid .panel-grid-cell-empty { display:none } #pl-817 .panel-grid .panel-grid-cell-mobile-last { margin-bottom:0px }  } <\/style><div class=\"panel-grid\" id=\"pg-817-0\" ><div class=\"panel-grid-cell\" id=\"pgc-817-0-0\" ><div class=\"so-panel widget widget_sow-editor panel-first-child panel-last-child\" id=\"panel-817-0-0-0\" data-index=\"0\"><div class=\"so-widget-sow-editor so-widget-sow-editor-base\"><h3 class=\"widget-title\">Fortbildungsreise nach M\u00fcnster, 22.-23.10.2021<\/h3>\n<div class=\"siteorigin-widget-tinymce textwidget\">\n\t<p>Nachdem es uns 2020 aufgrund der vorherrschenden Corona-Pandemie leider nicht m\u00f6glich war zu Reisen, freuen wir uns umso mehr dar\u00fcber, 2021 wieder eine Reise organisieren zu k\u00f6nnen. Thema unser diesj\u00e4hrigen Fortbildungsreise war \u201eNanoteilchen in der Tumortherapie\u201c und diesmal ging es ins westf\u00e4lische M\u00fcnster.<\/p>\n<p>Am Freitagvormittag trafen sich insgesamt 16 Teilnehmer:innen um 11:30 Uhr am Universit\u00e4tsklinikum M\u00fcnster (UKM), um dort an einer fachkundigen F\u00fchrung durch das Institute for Molecular Imaging teilzunehmen. Wir danken noch einmal besonders herzlich Herrn Professor Sch\u00e4fer, der uns diesen Besuch erm\u00f6glicht hat. <span style=\"font-size: 11.5pt\">Anschlie\u00dfend begab sich die Gruppe nach Steinfurt bei M\u00fcnster um einen Einblick in die Forschung der Fachhochschule Steinfurt, Fachbereich Ingenieurwissenschaften, zu erhalten. Bevor das wissenschaftliche Programm begann, lud uns Prof. J\u00fcstel, Dekan des Fachbereiches, freundlicherweise zu einem gemeinsamen Mittagessen in die Kantine der Fachhochschule ein. Anschlie\u00dfend durften wir einen Einblick in den Fachbereich Ingenieurwissenschaften, Chemieingenieurwesen nehmen und erhielten einen interessanten Vortrag \u00fcber die Bedeutung von Nanoteilchen in der Tumortherapie.<\/span><\/p>\n<p>Nach Ende der Veranstaltung, ca. gegen 17:00 Uhr, trat die Gruppe die R\u00fcckfahrt nach M\u00fcnster an und bezog ihre Hotelzimmer im B&amp;B Hotel M\u00fcnster Hafen. Von dort ging es gegen 19:00 Uhr zum gemeinsamen Abendessen in ein Lokal M\u00fcnster Hafen - ein gem\u00fctlicher Ausklang bei westf\u00e4lischen Spezialit\u00e4ten am Ende des ersten Tages.<\/p>\n<p>Am Samstagmorgen hie\u00df es schon relativ fr\u00fch \"fr\u00fchst\u00fccken\", denn bereits 10:00 Uhr startete die Gruppe zum UKM, Abteilung Strahlenbiologie, f\u00fcr einen interessanten Vortrag zu \u201eNanoteilchen in der Tumortherapie \u2013 Forschung \u00fcber Nanoteilchen\u201c. Wir danken Herrn Professor Greve, Leiter der Abteilung, f\u00fcr seine Unterst\u00fctzung.<\/p>\n<p>Anschlie\u00dfend versammelte sich die Gruppe zum gemeinsamen Mittagsimbiss, um die gemeinsame Fortbildungsreise zu diskutieren sowie positive und auch ggf. negative Kritik an Ablauf und Planung zu besprechen.<\/p>\n<p>Am Nachmittag wurden die Teilnehmer\/innen zur Heimreise verabschiedet.<\/p>\n<p>Wir freuen uns sehr dar\u00fcber, dass die Reise auf gro\u00dfe Zustimmung gesto\u00dfen ist und uns allen, auch den erfahrenen Radiotherapeuten, viele neue interessante wissenswerte Eindr\u00fccke erbracht hat.<\/p>\n<\/div>\n<\/div><\/div><\/div><\/div><div class=\"panel-grid\" id=\"pg-817-1\" ><div class=\"panel-grid-cell\" id=\"pgc-817-1-0\" ><div class=\"so-panel widget widget_sow-image panel-first-child panel-last-child\" id=\"panel-817-1-0-0\" data-index=\"1\"><div class=\"so-widget-sow-image so-widget-sow-image-default-3f547a15eaaa\">\n\n<div class=\"sow-image-container\">\n\t<img src=\"https:\/\/www.degro.org\/club100\/wp-content\/uploads\/sites\/9\/2021\/11\/IMG_3598-scaled.jpg\" width=\"1920\" height=\"2560\" srcset=\"https:\/\/www.degro.org\/club100\/wp-content\/uploads\/sites\/9\/2021\/11\/IMG_3598-scaled.jpg 1920w, https:\/\/www.degro.org\/club100\/wp-content\/uploads\/sites\/9\/2021\/11\/IMG_3598-225x300.jpg 225w, https:\/\/www.degro.org\/club100\/wp-content\/uploads\/sites\/9\/2021\/11\/IMG_3598-768x1024.jpg 768w, https:\/\/www.degro.org\/club100\/wp-content\/uploads\/sites\/9\/2021\/11\/IMG_3598-1152x1536.jpg 1152w, https:\/\/www.degro.org\/club100\/wp-content\/uploads\/sites\/9\/2021\/11\/IMG_3598-1536x2048.jpg 1536w\" title=\"IMG_3598\"  class=\"so-widget-image\"\/>\n<\/div>\n\n<\/div><\/div><\/div><div class=\"panel-grid-cell\" id=\"pgc-817-1-1\" ><div class=\"so-panel widget widget_sow-image panel-first-child panel-last-child\" id=\"panel-817-1-1-0\" data-index=\"2\"><div class=\"so-widget-sow-image so-widget-sow-image-default-3f547a15eaaa\">\n\n<div class=\"sow-image-container\">\n\t<img src=\"https:\/\/www.degro.org\/club100\/wp-content\/uploads\/sites\/9\/2021\/11\/IMG_3594-scaled.jpg\" width=\"1920\" height=\"2560\" srcset=\"https:\/\/www.degro.org\/club100\/wp-content\/uploads\/sites\/9\/2021\/11\/IMG_3594-scaled.jpg 1920w, https:\/\/www.degro.org\/club100\/wp-content\/uploads\/sites\/9\/2021\/11\/IMG_3594-225x300.jpg 225w, https:\/\/www.degro.org\/club100\/wp-content\/uploads\/sites\/9\/2021\/11\/IMG_3594-768x1024.jpg 768w, https:\/\/www.degro.org\/club100\/wp-content\/uploads\/sites\/9\/2021\/11\/IMG_3594-1152x1536.jpg 1152w, https:\/\/www.degro.org\/club100\/wp-content\/uploads\/sites\/9\/2021\/11\/IMG_3594-1536x2048.jpg 1536w\" title=\"IMG_3594\"  class=\"so-widget-image\"\/>\n<\/div>\n\n<\/div><\/div><\/div><div class=\"panel-grid-cell\" id=\"pgc-817-1-2\" ><div class=\"so-panel widget widget_sow-image panel-first-child panel-last-child\" id=\"panel-817-1-2-0\" data-index=\"3\"><div class=\"so-widget-sow-image so-widget-sow-image-default-3f547a15eaaa\">\n\n<div class=\"sow-image-container\">\n\t<img src=\"https:\/\/www.degro.org\/club100\/wp-content\/uploads\/sites\/9\/2021\/11\/IMG_3623-scaled.jpg\" width=\"1920\" height=\"2560\" srcset=\"https:\/\/www.degro.org\/club100\/wp-content\/uploads\/sites\/9\/2021\/11\/IMG_3623-scaled.jpg 1920w, https:\/\/www.degro.org\/club100\/wp-content\/uploads\/sites\/9\/2021\/11\/IMG_3623-225x300.jpg 225w, https:\/\/www.degro.org\/club100\/wp-content\/uploads\/sites\/9\/2021\/11\/IMG_3623-768x1024.jpg 768w, https:\/\/www.degro.org\/club100\/wp-content\/uploads\/sites\/9\/2021\/11\/IMG_3623-1152x1536.jpg 1152w, https:\/\/www.degro.org\/club100\/wp-content\/uploads\/sites\/9\/2021\/11\/IMG_3623-1536x2048.jpg 1536w\" title=\"IMG_3623\"  class=\"so-widget-image\"\/>\n<\/div>\n\n<\/div><\/div><\/div><div class=\"panel-grid-cell\" id=\"pgc-817-1-3\" ><div class=\"so-panel widget widget_sow-image panel-first-child panel-last-child\" id=\"panel-817-1-3-0\" data-index=\"4\"><div class=\"so-widget-sow-image so-widget-sow-image-default-3f547a15eaaa\">\n\n<div class=\"sow-image-container\">\n\t<img src=\"https:\/\/www.degro.org\/club100\/wp-content\/uploads\/sites\/9\/2021\/11\/IMG_3620-scaled.jpg\" width=\"1920\" height=\"2560\" srcset=\"https:\/\/www.degro.org\/club100\/wp-content\/uploads\/sites\/9\/2021\/11\/IMG_3620-scaled.jpg 1920w, https:\/\/www.degro.org\/club100\/wp-content\/uploads\/sites\/9\/2021\/11\/IMG_3620-225x300.jpg 225w, https:\/\/www.degro.org\/club100\/wp-content\/uploads\/sites\/9\/2021\/11\/IMG_3620-768x1024.jpg 768w, https:\/\/www.degro.org\/club100\/wp-content\/uploads\/sites\/9\/2021\/11\/IMG_3620-1152x1536.jpg 1152w, https:\/\/www.degro.org\/club100\/wp-content\/uploads\/sites\/9\/2021\/11\/IMG_3620-1536x2048.jpg 1536w\" title=\"IMG_3620\"  class=\"so-widget-image\"\/>\n<\/div>\n\n<\/div><\/div><\/div><\/div><\/div>","protected":false},"excerpt":{"rendered":"<p>#pg-817-0 , #pl-817 .panel-grid-cell .so-panel { margin-bottom:30px } #pg-817-0 .panel-grid-cell { float:none } #pgc-817-1-0 , #pgc-817-1-1 , #pgc-817-1-2 , #pgc-817-1-3 { width:25% } #pg-817-1 .panel-grid-cell { float:left } #pl-817 .panel-grid-cell .so-panel:last-child { margin-bottom:0px } #pg-817-0 , #pg-817-1 { margin-left:-15px;margin-right:-15px } <\/p>\n","protected":false},"author":8,"featured_media":0,"parent":0,"menu_order":0,"comment_status":"closed","ping_status":"closed","template":"","meta":[],"_links":{"self":[{"href":"https:\/\/www.degro.org\/club100\/wp-json\/wp\/v2\/pages\/817"}],"collection":[{"href":"https:\/\/www.degro.org\/club100\/wp-json\/wp\/v2\/pages"}],"about":[{"href":"https:\/\/www.degro.org\/club100\/wp-json\/wp\/v2\/types\/page"}],"author":[{"embeddable":true,"href":"https:\/\/www.degro.org\/club100\/wp-json\/wp\/v2\/users\/8"}],"replies":[{"embeddable":true,"href":"https:\/\/www.degro.org\/club100\/wp-json\/wp\/v2\/comments?post=817"}],"version-history":[{"count":4,"href":"https:\/\/www.degro.org\/club100\/wp-json\/wp\/v2\/pages\/817\/revisions"}],"predecessor-version":[{"id":855,"href":"https:\/\/www.degro.org\/club100\/wp-json\/wp\/v2\/pages\/817\/revisions\/855"}],"wp:attachment":[{"href":"https:\/\/www.degro.org\/club100\/wp-json\/wp\/v2\/media?parent=817"}],"curies":[{"name":"wp","href":"https:\/\/api.w.org\/{rel}","templated":true}]}}