


{"id":751,"date":"2021-07-05T14:44:49","date_gmt":"2021-07-05T12:44:49","guid":{"rendered":"https:\/\/www.degro.org\/club100\/?page_id=751"},"modified":"2025-10-23T09:35:04","modified_gmt":"2025-10-23T07:35:04","slug":"degro-virtuelle-jahrestagung-2021","status":"publish","type":"page","link":"https:\/\/www.degro.org\/club100\/degro-virtuelle-jahrestagung-2021\/","title":{"rendered":"DEGRO Jahreskongress 2021 Virtuell"},"content":{"rendered":"<div id=\"pl-751\"><style scoped>#pg-751-0 , #pg-751-1 , #pl-751 .panel-grid-cell .so-panel { margin-bottom:30px } #pg-751-0 .panel-grid-cell , #pg-751-1 .panel-grid-cell , #pg-751-2 .panel-grid-cell { float:none } #pl-751 .panel-grid-cell .so-panel:last-child { margin-bottom:0px } #pg-751-0 , #pg-751-1 , #pg-751-2 { margin-left:-15px;margin-right:-15px } #pg-751-0 .panel-grid-cell , #pg-751-1 .panel-grid-cell , #pg-751-2 .panel-grid-cell { padding-left:15px;padding-right:15px } @media (max-width:780px){ #pg-751-0 .panel-grid-cell , #pg-751-1 .panel-grid-cell , #pg-751-2 .panel-grid-cell { float:none;width:auto } #pl-751 .panel-grid , #pl-751 .panel-grid-cell {  } #pl-751 .panel-grid .panel-grid-cell-empty { display:none } #pl-751 .panel-grid .panel-grid-cell-mobile-last { margin-bottom:0px }  } <\/style><div class=\"panel-grid\" id=\"pg-751-0\" ><div class=\"panel-grid-cell\" id=\"pgc-751-0-0\" ><div class=\"so-panel widget widget_sow-image panel-first-child panel-last-child\" id=\"panel-751-0-0-0\" data-index=\"0\"><div class=\"so-widget-sow-image so-widget-sow-image-default-3f547a15eaaa\">\n\n<div class=\"sow-image-container\">\n\t<img src=\"https:\/\/www.degro.org\/club100\/wp-content\/uploads\/sites\/9\/2021\/07\/Banner.jpg\" width=\"453\" height=\"119\" srcset=\"https:\/\/www.degro.org\/club100\/wp-content\/uploads\/sites\/9\/2021\/07\/Banner.jpg 453w, https:\/\/www.degro.org\/club100\/wp-content\/uploads\/sites\/9\/2021\/07\/Banner-300x79.jpg 300w\"  class=\"so-widget-image\"\/>\n<\/div>\n\n<\/div><\/div><\/div><\/div><div class=\"panel-grid\" id=\"pg-751-1\" ><div class=\"panel-grid-cell\" id=\"pgc-751-1-0\" ><div class=\"so-panel widget widget_sow-editor panel-first-child panel-last-child\" id=\"panel-751-1-0-0\" data-index=\"1\"><div class=\"so-widget-sow-editor so-widget-sow-editor-base\">\n<div class=\"siteorigin-widget-tinymce textwidget\">\n\t<article id=\"post-402\" class=\"post-402 page type-page status-publish hentry\">\n<div class=\"entry-content\">\n<div id=\"pl-402\">\n<div id=\"pg-402-2\" class=\"panel-grid\">\n<div id=\"pgc-402-2-0\" class=\"panel-grid-cell\">\n<div id=\"panel-402-2-0-1\" class=\"so-panel widget widget_sow-editor panel-last-child\" data-index=\"6\">\n<div class=\"so-widget-sow-editor so-widget-sow-editor-base\">\n<div class=\"siteorigin-widget-tinymce textwidget\">Die 27. Jahrestagung der DEGRO fand unter der Leitung von Frau Professor Grosu und Herrn Profs. Hehr und Zips vom <strong>24.\u201326. Juni 2021<\/strong> auf Grund der Covid-19-Pandemie vom <strong>24.\u201326. Juni 2021 virtuell<\/strong> statt. Weitere Informationen zur Jahrestagung sind unter <a href=\"http:\/\/www.degro-jahrestagung.de\">www.degro-jahrestagung.de<\/a> zu finden. Die Abstracts der Tagung k\u00f6nnen <a href=\"https:\/\/link.springer.com\/article\/10.1007\/s00066-021-01791-4\">hier<\/a> eingesehen werden.<\/p>\n<\/div>\n<\/div>\n<\/div>\n<\/div>\n<\/div>\n<\/div>\n<\/div>\n<\/article>\n<\/div>\n<\/div><\/div><\/div><\/div><div class=\"panel-grid\" id=\"pg-751-2\" ><div class=\"panel-grid-cell\" id=\"pgc-751-2-0\" ><div class=\"so-panel widget widget_accordion panel-first-child panel-last-child\" id=\"panel-751-2-0-0\" data-index=\"2\"><div class=\"thim-widget-accordion thim-widget-accordion-base\">\n<div class=\"thim-widget-accordion\">\n\t<h3 class=\"widget-title\">\u00dcbersicht der Symposien und Vortr\u00e4ge<\/h3>\t<div id=\"accordion_69eb3c10db347\" class=\"panel-group\" role=\"tablist\" aria-multiselectable=\"true\">\n\t\t<!-- List Panel -->\n\t\t\n\t\t\t<div class=\"panel panel-default\">\n\t\t\t\t<div class=\"panel-heading\" role=\"tab\" id=\"heading_accordion_69eb3c10db347_0\">\n\t\t\t\t\t<h4 class=\"panel-title\">\n\t\t\t\t\t\t<a role=\"button\" class=\"collapsed\" data-toggle=\"collapse\" data-parent=\"#accordion_69eb3c10db347\" href=\"#collapse_accordion_69eb3c10db347_0\" aria-expanded=\"false\" aria-controls=\"collapse_accordion_69eb3c10db347_0\">\n\t\t\t\t\t\t\tSitzung AG Studenten\/Club 100\t\t\t\t\t\t<\/a>\n\t\t\t\t\t<\/h4>\n\t\t\t\t<\/div>\n\t\t\t\t<div id=\"collapse_accordion_69eb3c10db347_0\" class=\"panel-collapse collapse\" role=\"tabpanel\" aria-labelledby=\"heading_accordion_69eb3c10db347_0\">\n\t\t\t\t\t<div class=\"panel-body\">\n\t\t\t\t\t\tF.-J. Prott (Wiesbaden), U. Haverkamp (M\u00fcnster)\n<li>\nBericht des Vorstandes \u00fcber die Aktivit\u00e4ten 2019 und 2020\n<\/li>\n<li>Vorstellung des Programms des Club 100 AG Studenten f\u00fcr die Online-DEGRO-Veranstaltung 2021 am 26.06.22<\/li><li>Veranstaltung der AG (Fortbildungsreise Herbst 2021, soweit es die Corona-Pandemie zul\u00e4sst, Themenvorschl\u00e4ge\/Reisezielvorschl\u00e4ge)<\/li>\t\t\t\t\t<\/div>\n\t\t\t\t<\/div>\n\t\t\t<\/div>\n\n\t\t\n\t\t\t<div class=\"panel panel-default\">\n\t\t\t\t<div class=\"panel-heading\" role=\"tab\" id=\"heading_accordion_69eb3c10db347_1\">\n\t\t\t\t\t<h4 class=\"panel-title\">\n\t\t\t\t\t\t<a role=\"button\" class=\"collapsed\" data-toggle=\"collapse\" data-parent=\"#accordion_69eb3c10db347\" href=\"#collapse_accordion_69eb3c10db347_1\" aria-expanded=\"false\" aria-controls=\"collapse_accordion_69eb3c10db347_1\">\n\t\t\t\t\t\t\tSymposium f\u00fcr Studenten\t\t\t\t\t\t<\/a>\n\t\t\t\t\t<\/h4>\n\t\t\t\t<\/div>\n\t\t\t\t<div id=\"collapse_accordion_69eb3c10db347_1\" class=\"panel-collapse collapse\" role=\"tabpanel\" aria-labelledby=\"heading_accordion_69eb3c10db347_1\">\n\t\t\t\t\t<div class=\"panel-body\">\n\t\t\t\t\t\tModeration:  F.-J. Prott (Wiesbaden)\n<li>Der Einsatz k\u00fcnstlicher Intelligenz (KI) in der Onkologie (L. Schn\u00f6ller, M\u00fcnchen)\n<\/li><li>Patient-reported-Outcome (PROMs) in der Radioonkologie \u2013 Anwendung und Relevanz (T. H\u00f6lscher, Siegen)<\/li><li>The Rise of Artificial Intelligence, Big data, Radiomics, and Machine Learning \u2013 Implications for Medical Imaging in the 21st Century (M. Wintergerst, Heidelberg)<\/li><li>Neural network predicts prognosis of lung cancer patients in multi-institutional computed tomography image datasets (A. Schicht, Berlin)<\/li>\t\t\t\t\t<\/div>\n\t\t\t\t<\/div>\n\t\t\t<\/div>\n\n\t\t\n\t\t\t<div class=\"panel panel-default\">\n\t\t\t\t<div class=\"panel-heading\" role=\"tab\" id=\"heading_accordion_69eb3c10db347_2\">\n\t\t\t\t\t<h4 class=\"panel-title\">\n\t\t\t\t\t\t<a role=\"button\" class=\"collapsed\" data-toggle=\"collapse\" data-parent=\"#accordion_69eb3c10db347\" href=\"#collapse_accordion_69eb3c10db347_2\" aria-expanded=\"false\" aria-controls=\"collapse_accordion_69eb3c10db347_2\">\n\t\t\t\t\t\t\t\u201eTarzan meets Jane - Wie wichtig sind die region\u00e4ren Lymphknoten f\u00fcr die Immunantwort gegen den Tumor?\u201c\t\t\t\t\t\t<\/a>\n\t\t\t\t\t<\/h4>\n\t\t\t\t<\/div>\n\t\t\t\t<div id=\"collapse_accordion_69eb3c10db347_2\" class=\"panel-collapse collapse\" role=\"tabpanel\" aria-labelledby=\"heading_accordion_69eb3c10db347_2\">\n\t\t\t\t\t<div class=\"panel-body\">\n\t\t\t\t\t\tModeration:  H. Geinitz (Linz, AT), M. R\u00fcckert (Erlangen)\n<li>Region\u00e4re Lymphknoten schonen!? Sicht des Radioonkologen (W. Budach, D\u00fcsseldorf)<\/li><li>Region\u00e4re Lymphknoten schonen!? Sicht der Strahlenbiologin (G. Niedermann, Freiburg)<\/li><li>Region\u00e4re Lymphknoten schonen, M\u00f6glichkeiten? Sicht des Physikers (S. Speer, Erlangen)<\/li>\t\t\t\t\t<\/div>\n\t\t\t\t<\/div>\n\t\t\t<\/div>\n\n\t\t\t\t<!-- End: List Panel -->\n\t<\/div>\n\n<\/div><\/div><\/div><\/div><\/div><\/div>","protected":false},"excerpt":{"rendered":"<p>#pg-751-0 , #pg-751-1 , #pl-751 .panel-grid-cell .so-panel { margin-bottom:30px } #pg-751-0 .panel-grid-cell , #pg-751-1 .panel-grid-cell , #pg-751-2 .panel-grid-cell { float:none } #pl-751 .panel-grid-cell .so-panel:last-child { margin-bottom:0px } #pg-751-0 , #pg-751-1 , #pg-751-2 { margin-left:-15px;margin-right:-15px } #pg-751-0 .panel-grid-cell , #pg-751-1 .panel-grid-cell <\/p>\n","protected":false},"author":8,"featured_media":0,"parent":0,"menu_order":0,"comment_status":"closed","ping_status":"closed","template":"","meta":[],"_links":{"self":[{"href":"https:\/\/www.degro.org\/club100\/wp-json\/wp\/v2\/pages\/751"}],"collection":[{"href":"https:\/\/www.degro.org\/club100\/wp-json\/wp\/v2\/pages"}],"about":[{"href":"https:\/\/www.degro.org\/club100\/wp-json\/wp\/v2\/types\/page"}],"author":[{"embeddable":true,"href":"https:\/\/www.degro.org\/club100\/wp-json\/wp\/v2\/users\/8"}],"replies":[{"embeddable":true,"href":"https:\/\/www.degro.org\/club100\/wp-json\/wp\/v2\/comments?post=751"}],"version-history":[{"count":13,"href":"https:\/\/www.degro.org\/club100\/wp-json\/wp\/v2\/pages\/751\/revisions"}],"predecessor-version":[{"id":1296,"href":"https:\/\/www.degro.org\/club100\/wp-json\/wp\/v2\/pages\/751\/revisions\/1296"}],"wp:attachment":[{"href":"https:\/\/www.degro.org\/club100\/wp-json\/wp\/v2\/media?parent=751"}],"curies":[{"name":"wp","href":"https:\/\/api.w.org\/{rel}","templated":true}]}}