


{"id":588,"date":"2019-07-09T15:42:09","date_gmt":"2019-07-09T13:42:09","guid":{"rendered":"https:\/\/www.degro.org\/club100\/?page_id=588"},"modified":"2025-10-23T09:34:36","modified_gmt":"2025-10-23T07:34:36","slug":"degro-jahrestagung-2019","status":"publish","type":"page","link":"https:\/\/www.degro.org\/club100\/degro-jahrestagung-2019\/","title":{"rendered":"DEGRO Jahreskongress 2019"},"content":{"rendered":"<div id=\"pl-588\"><style scoped>#pgc-588-0-0 , #pgc-588-0-1 , #pgc-588-0-2 , #pgc-588-0-3 { width:25% } #pg-588-0 , #pg-588-1 , #pl-588 .panel-grid-cell .so-panel { margin-bottom:30px } #pg-588-0 .panel-grid-cell { float:left } #pg-588-1 .panel-grid-cell , #pg-588-2 .panel-grid-cell { float:none } #pl-588 .panel-grid-cell .so-panel:last-child { margin-bottom:0px } #pg-588-0 , #pg-588-1 , #pg-588-2 { margin-left:-15px;margin-right:-15px } #pg-588-0 .panel-grid-cell , #pg-588-1 .panel-grid-cell , #pg-588-2 .panel-grid-cell { padding-left:15px;padding-right:15px } @media (max-width:780px){ #pg-588-0 .panel-grid-cell , #pg-588-1 .panel-grid-cell , #pg-588-2 .panel-grid-cell { float:none;width:auto } #pgc-588-0-0 , #pgc-588-0-1 , #pgc-588-0-2 { margin-bottom:30px } #pl-588 .panel-grid , #pl-588 .panel-grid-cell {  } #pl-588 .panel-grid .panel-grid-cell-empty { display:none } #pl-588 .panel-grid .panel-grid-cell-mobile-last { margin-bottom:0px }  } <\/style><div class=\"panel-grid\" id=\"pg-588-0\" ><div class=\"panel-grid-cell\" id=\"pgc-588-0-0\" ><div class=\"so-panel widget widget_sow-image panel-first-child panel-last-child\" id=\"panel-588-0-0-0\" data-index=\"0\"><div class=\"so-widget-sow-image so-widget-sow-image-default-3f547a15eaaa\">\n\n<div class=\"sow-image-container\">\n\t<img src=\"https:\/\/www.degro.org\/club100\/wp-content\/uploads\/sites\/9\/2019\/07\/053_DEGRO_150619_00779.jpg\" width=\"3000\" height=\"2000\" srcset=\"https:\/\/www.degro.org\/club100\/wp-content\/uploads\/sites\/9\/2019\/07\/053_DEGRO_150619_00779.jpg 3000w, https:\/\/www.degro.org\/club100\/wp-content\/uploads\/sites\/9\/2019\/07\/053_DEGRO_150619_00779-300x200.jpg 300w, https:\/\/www.degro.org\/club100\/wp-content\/uploads\/sites\/9\/2019\/07\/053_DEGRO_150619_00779-768x512.jpg 768w, https:\/\/www.degro.org\/club100\/wp-content\/uploads\/sites\/9\/2019\/07\/053_DEGRO_150619_00779-1024x683.jpg 1024w, https:\/\/www.degro.org\/club100\/wp-content\/uploads\/sites\/9\/2019\/07\/053_DEGRO_150619_00779-272x182.jpg 272w\"  class=\"so-widget-image\"\/>\n<\/div>\n\n<\/div><\/div><\/div><div class=\"panel-grid-cell\" id=\"pgc-588-0-1\" ><div class=\"so-panel widget widget_sow-image panel-first-child panel-last-child\" id=\"panel-588-0-1-0\" data-index=\"1\"><div class=\"so-widget-sow-image so-widget-sow-image-default-3f547a15eaaa\">\n\n<div class=\"sow-image-container\">\n\t<img src=\"https:\/\/www.degro.org\/club100\/wp-content\/uploads\/sites\/9\/2019\/07\/053_DEGRO_130619_6614.jpg\" width=\"3000\" height=\"1997\" srcset=\"https:\/\/www.degro.org\/club100\/wp-content\/uploads\/sites\/9\/2019\/07\/053_DEGRO_130619_6614.jpg 3000w, https:\/\/www.degro.org\/club100\/wp-content\/uploads\/sites\/9\/2019\/07\/053_DEGRO_130619_6614-300x200.jpg 300w, https:\/\/www.degro.org\/club100\/wp-content\/uploads\/sites\/9\/2019\/07\/053_DEGRO_130619_6614-768x511.jpg 768w, https:\/\/www.degro.org\/club100\/wp-content\/uploads\/sites\/9\/2019\/07\/053_DEGRO_130619_6614-1024x682.jpg 1024w, https:\/\/www.degro.org\/club100\/wp-content\/uploads\/sites\/9\/2019\/07\/053_DEGRO_130619_6614-272x182.jpg 272w\"  class=\"so-widget-image\"\/>\n<\/div>\n\n<\/div><\/div><\/div><div class=\"panel-grid-cell\" id=\"pgc-588-0-2\" ><div class=\"so-panel widget widget_sow-image panel-first-child panel-last-child\" id=\"panel-588-0-2-0\" data-index=\"2\"><div class=\"so-widget-sow-image so-widget-sow-image-default-3f547a15eaaa\">\n\n<div class=\"sow-image-container\">\n\t<img src=\"https:\/\/www.degro.org\/club100\/wp-content\/uploads\/sites\/9\/2019\/06\/Preistr\u00e4gerin-Club-100Studenten.jpg\" width=\"3000\" height=\"1997\" srcset=\"https:\/\/www.degro.org\/club100\/wp-content\/uploads\/sites\/9\/2019\/06\/Preistr\u00e4gerin-Club-100Studenten.jpg 3000w, https:\/\/www.degro.org\/club100\/wp-content\/uploads\/sites\/9\/2019\/06\/Preistr\u00e4gerin-Club-100Studenten-300x200.jpg 300w, https:\/\/www.degro.org\/club100\/wp-content\/uploads\/sites\/9\/2019\/06\/Preistr\u00e4gerin-Club-100Studenten-768x511.jpg 768w, https:\/\/www.degro.org\/club100\/wp-content\/uploads\/sites\/9\/2019\/06\/Preistr\u00e4gerin-Club-100Studenten-1024x682.jpg 1024w, https:\/\/www.degro.org\/club100\/wp-content\/uploads\/sites\/9\/2019\/06\/Preistr\u00e4gerin-Club-100Studenten-272x182.jpg 272w\" title=\"Preistr\u00e4gerin Club 100Studenten\"  class=\"so-widget-image\"\/>\n<\/div>\n\n<\/div><\/div><\/div><div class=\"panel-grid-cell\" id=\"pgc-588-0-3\" ><div class=\"so-panel widget widget_sow-image panel-first-child panel-last-child\" id=\"panel-588-0-3-0\" data-index=\"3\"><div class=\"so-widget-sow-image so-widget-sow-image-default-3f547a15eaaa\">\n\n<div class=\"sow-image-container\">\n\t<img src=\"https:\/\/www.degro.org\/club100\/wp-content\/uploads\/sites\/9\/2019\/07\/044_DEGRO_130619_00254.jpg\" width=\"3000\" height=\"2000\" srcset=\"https:\/\/www.degro.org\/club100\/wp-content\/uploads\/sites\/9\/2019\/07\/044_DEGRO_130619_00254.jpg 3000w, https:\/\/www.degro.org\/club100\/wp-content\/uploads\/sites\/9\/2019\/07\/044_DEGRO_130619_00254-300x200.jpg 300w, https:\/\/www.degro.org\/club100\/wp-content\/uploads\/sites\/9\/2019\/07\/044_DEGRO_130619_00254-768x512.jpg 768w, https:\/\/www.degro.org\/club100\/wp-content\/uploads\/sites\/9\/2019\/07\/044_DEGRO_130619_00254-1024x683.jpg 1024w, https:\/\/www.degro.org\/club100\/wp-content\/uploads\/sites\/9\/2019\/07\/044_DEGRO_130619_00254-272x182.jpg 272w\"  class=\"so-widget-image\"\/>\n<\/div>\n\n<\/div><\/div><\/div><\/div><div class=\"panel-grid\" id=\"pg-588-1\" ><div class=\"panel-grid-cell\" id=\"pgc-588-1-0\" ><div class=\"so-panel widget widget_sow-editor panel-first-child panel-last-child\" id=\"panel-588-1-0-0\" data-index=\"4\"><div class=\"so-widget-sow-editor so-widget-sow-editor-base\">\n<div class=\"siteorigin-widget-tinymce textwidget\">\n\t<p>Auf der <a href=\"http:\/\/www.degro-jahrestagung.de\">25. Jahrestagung der DEGRO<\/a>, fanden am 15. Juni drei Symposien f\u00fcr Studenten statt: eine Session besch\u00e4ftigte sich intensiv mit dem<span class=\"title ng-binding\"> Strahlentherapiepatient und der modernen Therapiebegleitung<\/span>, im Lunch-Symposium <em><span class=\"title ng-binding\">Wie entwickelt sich die Immuntherapie weiter?<\/span><\/em> wurden <span class=\"title ng-binding\">Kombinationen, Ausblick und neue Labortechniken<\/span> diskutiert, schlie\u00dflich wurde in der dritten Sitzung die Herausforderungen der <span class=\"title ng-binding\">Y\/Z Generation<\/span> thematisiert.<\/p>\n<p>Bereits am Donnerstag, den 13. Juni fand die Mitgliederversammlung unserer AG statt. Am Abend trafen sich die Mitglieder des Club 100 zum Auftakt zur einer Stadtf\u00fchrung durch das historische M\u00fcnster und nutzten anschlie\u00dfend die Gelegenheit sich pers\u00f6nlich auszutauschen und Kontakte zu kn\u00fcpfen.<\/p>\n<h4>Preis \"Bester Vortrag\"<\/h4>\n<p>Der Preis f\u00fcr den inhaltlich und stilistisch besten Vortrag des Symposium \"<span class=\"title ng-binding\">Der Strahlentherapiepatient \u2013 moderne Therapiebegleitung\", dotiert mit <strong>\u20ac1000,-<\/strong> ging Sarah Kn\u00f6dler (Ulm) f\u00fcr Ihren Beitrag: <em><span class=\"presentation-title ng-binding\">Digitale Therapiebegleitung - Nutzung und Nutzen von Apps in der Strahlentherapie.<\/span><\/em><\/span> Wir gratulieren Frau Kn\u00f6dler und w\u00fcnschen Ihr viel Freude mit Ihrem Gewinn.<\/p>\n<\/div>\n<\/div><\/div><\/div><\/div><div class=\"panel-grid\" id=\"pg-588-2\" ><div class=\"panel-grid-cell\" id=\"pgc-588-2-0\" ><div class=\"so-panel widget widget_accordion panel-first-child panel-last-child\" id=\"panel-588-2-0-0\" data-index=\"5\"><div class=\"thim-widget-accordion thim-widget-accordion-base\">\n<div class=\"thim-widget-accordion\">\n\t<h3 class=\"widget-title\">\u00dcbersicht der Symposien und Vortr\u00e4ge<\/h3>\t<div id=\"accordion_69f0c5c28afc0\" class=\"panel-group\" role=\"tablist\" aria-multiselectable=\"true\">\n\t\t<!-- List Panel -->\n\t\t\n\t\t\t<div class=\"panel panel-default\">\n\t\t\t\t<div class=\"panel-heading\" role=\"tab\" id=\"heading_accordion_69f0c5c28afc0_0\">\n\t\t\t\t\t<h4 class=\"panel-title\">\n\t\t\t\t\t\t<a role=\"button\" class=\"collapsed\" data-toggle=\"collapse\" data-parent=\"#accordion_69f0c5c28afc0\" href=\"#collapse_accordion_69f0c5c28afc0_0\" aria-expanded=\"false\" aria-controls=\"collapse_accordion_69f0c5c28afc0_0\">\n\t\t\t\t\t\t\tSymposium f\u00fcr Studenten: Der Strahlentherapiepatient \u2013 moderne Therapiebegleitung\t\t\t\t\t\t<\/a>\n\t\t\t\t\t<\/h4>\n\t\t\t\t<\/div>\n\t\t\t\t<div id=\"collapse_accordion_69f0c5c28afc0_0\" class=\"panel-collapse collapse\" role=\"tabpanel\" aria-labelledby=\"heading_accordion_69f0c5c28afc0_0\">\n\t\t\t\t\t<div class=\"panel-body\">\n\t\t\t\t\t\tVorsitzende: U. Haverkamp (M\u00fcnster), F.-J. Prott (Wiesbaden)\n<ul>\n<li>\nErn\u00e4hrungstherapie w\u00e4hrend der Strahlentherapie\/Radiochemotherapie, K. Gennen (K\u00f6ln)\n<\/li>\n<li>\nPsycho-Onkologie in der Strahlentherapie, M. B\u00fcttner (M\u00fcnchen)\n<\/li>\n<li>\nHochdosiertes Vitamin C in der Krebstherapie, L. Schn\u00f6ller (M\u00fcnchen)\n<\/li>\n<li>\nPr\u00e4diktion und Prophylaxe der radiogenen Pneumonitis und Lungenfibrose, G. Goesmann (M\u00fcnchen)\n<\/li>\n<li>\nComparison of online information about prostatectomy versus radiotherapy for prostate cancer patients - does the Internet help in treatment decision-making?, A. R\u00fchle (Heidelberg)\n<\/li>\n<li>\nDigitale Therapiebegleitung - Nutzung und Nutzen von Apps in der Strahlentherapie, S. Kn\u00f6dler (Ulm)\n<\/li>\t\t\t\t\t<\/div>\n\t\t\t\t<\/div>\n\t\t\t<\/div>\n\n\t\t\n\t\t\t<div class=\"panel panel-default\">\n\t\t\t\t<div class=\"panel-heading\" role=\"tab\" id=\"heading_accordion_69f0c5c28afc0_1\">\n\t\t\t\t\t<h4 class=\"panel-title\">\n\t\t\t\t\t\t<a role=\"button\" class=\"collapsed\" data-toggle=\"collapse\" data-parent=\"#accordion_69f0c5c28afc0\" href=\"#collapse_accordion_69f0c5c28afc0_1\" aria-expanded=\"false\" aria-controls=\"collapse_accordion_69f0c5c28afc0_1\">\n\t\t\t\t\t\t\tMERCK SERONO GMBH: Industriesymposium f\u00fcr Studenten: Wie entwickelt sich die Immuntherapie weiter? Kombinationen, Ausblick und neue Labortechniken\t\t\t\t\t\t<\/a>\n\t\t\t\t\t<\/h4>\n\t\t\t\t<\/div>\n\t\t\t\t<div id=\"collapse_accordion_69f0c5c28afc0_1\" class=\"panel-collapse collapse\" role=\"tabpanel\" aria-labelledby=\"heading_accordion_69f0c5c28afc0_1\">\n\t\t\t\t\t<div class=\"panel-body\">\n\t\t\t\t\t\tVorsitzende: R. Baumann (Siegen), S. Kn\u00f6dler (Ulm)\n<ul>\n<li>\nRisiken und Nebenwirkungen der Radioimmuntherapie, A. R\u00fchle (Heidelberg)\n<\/li>\n<li>\nRadio-Chemo-Immuntherapie \u2013 der neue Therapiestandard?, L. K\u00e4smann (M\u00fcnchen)\n<\/li>\n<li>\n Immuntherapie 2.0 \u2013 was kommt nach PD-1\/PD-L1?, S. Kn\u00f6dler (Ulm)\n<\/li>\n<li>\nDie neue Forschungsplattform Arctoris \u2013 Strahlenbiologische Forschung f\u00fcr alle dank Robotics?. K. Dinkelaker (Oxford)\n<\/li>\t\t\t\t\t<\/div>\n\t\t\t\t<\/div>\n\t\t\t<\/div>\n\n\t\t\n\t\t\t<div class=\"panel panel-default\">\n\t\t\t\t<div class=\"panel-heading\" role=\"tab\" id=\"heading_accordion_69f0c5c28afc0_2\">\n\t\t\t\t\t<h4 class=\"panel-title\">\n\t\t\t\t\t\t<a role=\"button\" class=\"collapsed\" data-toggle=\"collapse\" data-parent=\"#accordion_69f0c5c28afc0\" href=\"#collapse_accordion_69f0c5c28afc0_2\" aria-expanded=\"false\" aria-controls=\"collapse_accordion_69f0c5c28afc0_2\">\n\t\t\t\t\t\t\tY\/Z Generation\t\t\t\t\t\t<\/a>\n\t\t\t\t\t<\/h4>\n\t\t\t\t<\/div>\n\t\t\t\t<div id=\"collapse_accordion_69f0c5c28afc0_2\" class=\"panel-collapse collapse\" role=\"tabpanel\" aria-labelledby=\"heading_accordion_69f0c5c28afc0_2\">\n\t\t\t\t\t<div class=\"panel-body\">\n\t\t\t\t\t\tVorsitzende: H. Christiansen (Hannover), S. Rieken (Heidelberg), L. K\u00e4smann (M\u00fcnchen)\n<ul>\n<li>\nWeiterbildung \"Strahlentherapie\/Radioonkologie\" \u2013 die studentische Perspektive,  M. Schneider (Dresden)\n<li>\n<\/li>\nAuf dem Weg zum Facharzt f\u00fcr Strahlentherapie\/Radioonkologie, M. Karin (M\u00fcnchen)\n<\/li>\n<li>\nWissenschaftliche Forschung und klinische Praxis in der Weiterbildung, D. Fleischmann (M\u00fcnchen) \n<\/li>\n<li>\nWeiterbildung Generation Y\/Z \u2013 Herausforderungen an die Weiterbildenden, V. Budach (Berlin)\n<\/li>\n<li>\nDiskussion\n<\/li>\t\t\t\t\t<\/div>\n\t\t\t\t<\/div>\n\t\t\t<\/div>\n\n\t\t\t\t<!-- End: List Panel -->\n\t<\/div>\n\n<\/div><\/div><\/div><\/div><\/div><\/div>","protected":false},"excerpt":{"rendered":"<p>#pgc-588-0-0 , #pgc-588-0-1 , #pgc-588-0-2 , #pgc-588-0-3 { width:25% } #pg-588-0 , #pg-588-1 , #pl-588 .panel-grid-cell .so-panel { margin-bottom:30px } #pg-588-0 .panel-grid-cell { float:left } #pg-588-1 .panel-grid-cell , #pg-588-2 .panel-grid-cell { float:none } #pl-588 .panel-grid-cell .so-panel:last-child { margin-bottom:0px } #pg-588-0 <\/p>\n","protected":false},"author":8,"featured_media":0,"parent":0,"menu_order":0,"comment_status":"closed","ping_status":"closed","template":"","meta":[],"_links":{"self":[{"href":"https:\/\/www.degro.org\/club100\/wp-json\/wp\/v2\/pages\/588"}],"collection":[{"href":"https:\/\/www.degro.org\/club100\/wp-json\/wp\/v2\/pages"}],"about":[{"href":"https:\/\/www.degro.org\/club100\/wp-json\/wp\/v2\/types\/page"}],"author":[{"embeddable":true,"href":"https:\/\/www.degro.org\/club100\/wp-json\/wp\/v2\/users\/8"}],"replies":[{"embeddable":true,"href":"https:\/\/www.degro.org\/club100\/wp-json\/wp\/v2\/comments?post=588"}],"version-history":[{"count":12,"href":"https:\/\/www.degro.org\/club100\/wp-json\/wp\/v2\/pages\/588\/revisions"}],"predecessor-version":[{"id":1295,"href":"https:\/\/www.degro.org\/club100\/wp-json\/wp\/v2\/pages\/588\/revisions\/1295"}],"wp:attachment":[{"href":"https:\/\/www.degro.org\/club100\/wp-json\/wp\/v2\/media?parent=588"}],"curies":[{"name":"wp","href":"https:\/\/api.w.org\/{rel}","templated":true}]}}