


{"id":450,"date":"2018-07-18T11:25:14","date_gmt":"2018-07-18T09:25:14","guid":{"rendered":"https:\/\/www.degro.org\/club100\/?page_id=450"},"modified":"2025-10-23T09:34:11","modified_gmt":"2025-10-23T07:34:11","slug":"degro-jahrestagung-2018","status":"publish","type":"page","link":"https:\/\/www.degro.org\/club100\/degro-jahrestagung-2018\/","title":{"rendered":"DEGRO Jahreskongress 2018"},"content":{"rendered":"<div id=\"pl-450\"><style scoped>#pgc-450-0-0 , #pgc-450-0-1 , #pgc-450-0-2 , #pgc-450-0-3 { width:25% } #pg-450-0 , #pg-450-1 , #pl-450 .panel-grid-cell .so-panel { margin-bottom:30px } #pg-450-0 .panel-grid-cell { float:left } #pg-450-1 .panel-grid-cell , #pg-450-2 .panel-grid-cell { float:none } #pl-450 .panel-grid-cell .so-panel:last-child { margin-bottom:0px } #pg-450-0 , #pg-450-1 , #pg-450-2 { margin-left:-15px;margin-right:-15px } #pg-450-0 .panel-grid-cell , #pg-450-1 .panel-grid-cell , #pg-450-2 .panel-grid-cell { padding-left:15px;padding-right:15px } @media (max-width:780px){ #pg-450-0 .panel-grid-cell , #pg-450-1 .panel-grid-cell , #pg-450-2 .panel-grid-cell { float:none;width:auto } #pgc-450-0-0 , #pgc-450-0-1 , #pgc-450-0-2 { margin-bottom:30px } #pl-450 .panel-grid , #pl-450 .panel-grid-cell {  } #pl-450 .panel-grid .panel-grid-cell-empty { display:none } #pl-450 .panel-grid .panel-grid-cell-mobile-last { margin-bottom:0px }  } <\/style><div class=\"panel-grid\" id=\"pg-450-0\" ><div class=\"panel-grid-cell\" id=\"pgc-450-0-0\" ><div class=\"so-panel widget widget_sow-image panel-first-child panel-last-child\" id=\"panel-450-0-0-0\" data-index=\"0\"><div class=\"so-widget-sow-image so-widget-sow-image-default-3f547a15eaaa\">\n\n<div class=\"sow-image-container\">\n\t<img src=\"https:\/\/www.degro.org\/club100\/wp-content\/uploads\/sites\/9\/2018\/07\/014_DEGRO_210618_04942.jpg\" width=\"1200\" height=\"802\" srcset=\"https:\/\/www.degro.org\/club100\/wp-content\/uploads\/sites\/9\/2018\/07\/014_DEGRO_210618_04942.jpg 1200w, https:\/\/www.degro.org\/club100\/wp-content\/uploads\/sites\/9\/2018\/07\/014_DEGRO_210618_04942-300x201.jpg 300w, https:\/\/www.degro.org\/club100\/wp-content\/uploads\/sites\/9\/2018\/07\/014_DEGRO_210618_04942-768x513.jpg 768w, https:\/\/www.degro.org\/club100\/wp-content\/uploads\/sites\/9\/2018\/07\/014_DEGRO_210618_04942-1024x684.jpg 1024w, https:\/\/www.degro.org\/club100\/wp-content\/uploads\/sites\/9\/2018\/07\/014_DEGRO_210618_04942-272x182.jpg 272w\"  class=\"so-widget-image\"\/>\n<\/div>\n\n<\/div><\/div><\/div><div class=\"panel-grid-cell\" id=\"pgc-450-0-1\" ><div class=\"so-panel widget widget_sow-image panel-first-child panel-last-child\" id=\"panel-450-0-1-0\" data-index=\"1\"><div class=\"so-widget-sow-image so-widget-sow-image-default-3f547a15eaaa\">\n\n<div class=\"sow-image-container\">\n\t<img src=\"https:\/\/www.degro.org\/club100\/wp-content\/uploads\/sites\/9\/2018\/07\/061_DEGRO_210618_5888.jpg\" width=\"1200\" height=\"799\" srcset=\"https:\/\/www.degro.org\/club100\/wp-content\/uploads\/sites\/9\/2018\/07\/061_DEGRO_210618_5888.jpg 1200w, https:\/\/www.degro.org\/club100\/wp-content\/uploads\/sites\/9\/2018\/07\/061_DEGRO_210618_5888-300x200.jpg 300w, https:\/\/www.degro.org\/club100\/wp-content\/uploads\/sites\/9\/2018\/07\/061_DEGRO_210618_5888-768x511.jpg 768w, https:\/\/www.degro.org\/club100\/wp-content\/uploads\/sites\/9\/2018\/07\/061_DEGRO_210618_5888-1024x682.jpg 1024w, https:\/\/www.degro.org\/club100\/wp-content\/uploads\/sites\/9\/2018\/07\/061_DEGRO_210618_5888-272x182.jpg 272w\"  class=\"so-widget-image\"\/>\n<\/div>\n\n<\/div><\/div><\/div><div class=\"panel-grid-cell\" id=\"pgc-450-0-2\" ><div class=\"so-panel widget widget_sow-image panel-first-child panel-last-child\" id=\"panel-450-0-2-0\" data-index=\"2\"><div class=\"so-widget-sow-image so-widget-sow-image-default-3f547a15eaaa\">\n\n<div class=\"sow-image-container\">\n\t<img src=\"https:\/\/www.degro.org\/club100\/wp-content\/uploads\/sites\/9\/2018\/07\/056_DEGRO_230618_7761.jpg\" width=\"1200\" height=\"799\" srcset=\"https:\/\/www.degro.org\/club100\/wp-content\/uploads\/sites\/9\/2018\/07\/056_DEGRO_230618_7761.jpg 1200w, https:\/\/www.degro.org\/club100\/wp-content\/uploads\/sites\/9\/2018\/07\/056_DEGRO_230618_7761-300x200.jpg 300w, https:\/\/www.degro.org\/club100\/wp-content\/uploads\/sites\/9\/2018\/07\/056_DEGRO_230618_7761-768x511.jpg 768w, https:\/\/www.degro.org\/club100\/wp-content\/uploads\/sites\/9\/2018\/07\/056_DEGRO_230618_7761-1024x682.jpg 1024w, https:\/\/www.degro.org\/club100\/wp-content\/uploads\/sites\/9\/2018\/07\/056_DEGRO_230618_7761-272x182.jpg 272w\"  class=\"so-widget-image\"\/>\n<\/div>\n\n<\/div><\/div><\/div><div class=\"panel-grid-cell\" id=\"pgc-450-0-3\" ><div class=\"so-panel widget widget_sow-image panel-first-child panel-last-child\" id=\"panel-450-0-3-0\" data-index=\"3\"><div class=\"so-widget-sow-image so-widget-sow-image-default-3f547a15eaaa\">\n\n<div class=\"sow-image-container\">\n\t<img src=\"https:\/\/www.degro.org\/club100\/wp-content\/uploads\/sites\/9\/2018\/07\/031_DEGRO_230618_07273.jpg\" width=\"1200\" height=\"802\" srcset=\"https:\/\/www.degro.org\/club100\/wp-content\/uploads\/sites\/9\/2018\/07\/031_DEGRO_230618_07273.jpg 1200w, https:\/\/www.degro.org\/club100\/wp-content\/uploads\/sites\/9\/2018\/07\/031_DEGRO_230618_07273-300x201.jpg 300w, https:\/\/www.degro.org\/club100\/wp-content\/uploads\/sites\/9\/2018\/07\/031_DEGRO_230618_07273-768x513.jpg 768w, https:\/\/www.degro.org\/club100\/wp-content\/uploads\/sites\/9\/2018\/07\/031_DEGRO_230618_07273-1024x684.jpg 1024w, https:\/\/www.degro.org\/club100\/wp-content\/uploads\/sites\/9\/2018\/07\/031_DEGRO_230618_07273-272x182.jpg 272w\"  class=\"so-widget-image\"\/>\n<\/div>\n\n<\/div><\/div><\/div><\/div><div class=\"panel-grid\" id=\"pg-450-1\" ><div class=\"panel-grid-cell\" id=\"pgc-450-1-0\" ><div class=\"so-panel widget widget_sow-editor panel-first-child panel-last-child\" id=\"panel-450-1-0-0\" data-index=\"4\"><div class=\"so-widget-sow-editor so-widget-sow-editor-base\">\n<div class=\"siteorigin-widget-tinymce textwidget\">\n\t<p>Auf der <a href=\"http:\/\/degro-jahrestagung.de\"><strong>24. Jahrestagung der DEGRO<\/strong><\/a>, fanden am 23. Juni vier Symposien f\u00fcr Studenten statt: eine Session<span class=\"title ng-binding\"> gab eine \u00dcbersicht<\/span> <strong><span class=\"title ng-binding\">Klinische Radioonkologie f\u00fcr Studenten \u2013 eine Welt voller Strahlen<\/span><\/strong>, im Lunch-Symposium <span class=\"title ng-binding\"><strong>Immuntherapie und Strahlentherapie <\/strong>wurden<strong> Wirkungen und Nebenwirkungen <\/strong>diskutiert<\/span>, in der Sitzung \u201eTarzan meets Jane\u201c wurde\u00a0 die <strong><span class=\"title ng-binding\">Individuelle Strahlensensibilit\u00e4t bei Vorliegen genetischer Erkrankungen oder strahlensensibilisierenden Begleiterkrankungen<\/span>t<\/strong> pr\u00e4sentiert, schlie\u00dflich wurde in der vierten Sitzung\u00a0<strong><span class=\"title ng-binding\">International Arbeiten und Forschen in der Radioonkologie<\/span><\/strong> thematisiert.<\/p>\n<p>Bereits am Donnerstag, den 21. Juni fand die Mitgliederversammlung unserer AG statt. Am Abend trafen sich die Mitglieder des Club 100 zum Auftakt des Get Togethers in der Industrieausstellung und nutzten die Gelegenheit sich pers\u00f6nlich auszutauschen und Kontakte zu kn\u00fcpfen.<\/p>\n<p>Der <strong>Bericht des AG-Vorstands<\/strong> zu den Aktivit\u00e4en 2017\/2018 steht Ihnen <strong><a href=\"https:\/\/www.degro.org\/club100\/wp-content\/uploads\/sites\/9\/2018\/07\/201806_Bericht_Vorstandes_AG-Studenten_Club100.pdf\">hier zum Download<\/a><\/strong> zur Verf\u00fcgung.<\/p>\n<\/div>\n<\/div><\/div><\/div><\/div><div class=\"panel-grid\" id=\"pg-450-2\" ><div class=\"panel-grid-cell\" id=\"pgc-450-2-0\" ><div class=\"so-panel widget widget_accordion panel-first-child panel-last-child\" id=\"panel-450-2-0-0\" data-index=\"5\"><div class=\"thim-widget-accordion thim-widget-accordion-base\">\n<div class=\"thim-widget-accordion\">\n\t<h3 class=\"widget-title\">\u00dcbersicht der Symposien und Vortr\u00e4ge<\/h3>\t<div id=\"accordion_6a02ecdd53507\" class=\"panel-group\" role=\"tablist\" aria-multiselectable=\"true\">\n\t\t<!-- List Panel -->\n\t\t\n\t\t\t<div class=\"panel panel-default\">\n\t\t\t\t<div class=\"panel-heading\" role=\"tab\" id=\"heading_accordion_6a02ecdd53507_0\">\n\t\t\t\t\t<h4 class=\"panel-title\">\n\t\t\t\t\t\t<a role=\"button\" class=\"collapsed\" data-toggle=\"collapse\" data-parent=\"#accordion_6a02ecdd53507\" href=\"#collapse_accordion_6a02ecdd53507_0\" aria-expanded=\"false\" aria-controls=\"collapse_accordion_6a02ecdd53507_0\">\n\t\t\t\t\t\t\tKlinische Radioonkologie f\u00fcr Studenten \u2013 eine Welt voller Strahlen\t\t\t\t\t\t<\/a>\n\t\t\t\t\t<\/h4>\n\t\t\t\t<\/div>\n\t\t\t\t<div id=\"collapse_accordion_6a02ecdd53507_0\" class=\"panel-collapse collapse\" role=\"tabpanel\" aria-labelledby=\"heading_accordion_6a02ecdd53507_0\">\n\t\t\t\t\t<div class=\"panel-body\">\n\t\t\t\t\t\tVorsitzende: U. Haverkamp (M\u00fcnster), F.-J. Prott (Wiesbaden), L. K\u00e4smann (M\u00fcnchen)\n<ul>\n<li>\nStrahlung durch Handy, Tablet, Elektrosmog, A. Penzkofer (Heidelberg)\n<\/li>\n<li>\nH\u00f6henstrahlung \u2013 Strahlenbelastung f\u00fcr fliegendes Personal und Passagiere, T. Rosentreter (Oberschlei\u00dfheim)\n<\/li>\n<li>\nRadonbelastung und deren Auswirkung, T. H\u00f6lscher (K\u00f6ln)\n<\/li>\n<li>\nNat\u00fcrliche Strahlenexposition und Krebsentstehung, K. Gennen (K\u00f6ln)\n<\/li>\n<li>\n Radioaktivit\u00e4t in Nahrungsquellen,  J. Taugner (M\u00fcnchen)\n<\/li>\t\t\t\t\t<\/div>\n\t\t\t\t<\/div>\n\t\t\t<\/div>\n\n\t\t\n\t\t\t<div class=\"panel panel-default\">\n\t\t\t\t<div class=\"panel-heading\" role=\"tab\" id=\"heading_accordion_6a02ecdd53507_1\">\n\t\t\t\t\t<h4 class=\"panel-title\">\n\t\t\t\t\t\t<a role=\"button\" class=\"collapsed\" data-toggle=\"collapse\" data-parent=\"#accordion_6a02ecdd53507\" href=\"#collapse_accordion_6a02ecdd53507_1\" aria-expanded=\"false\" aria-controls=\"collapse_accordion_6a02ecdd53507_1\">\n\t\t\t\t\t\t\tMERCK SERONO GMBH: Industriesymposium f\u00fcr Studenten: Immuntherapie und Strahlentherapie \u2013 Wirkungen und Nebenwirkungen\t\t\t\t\t\t<\/a>\n\t\t\t\t\t<\/h4>\n\t\t\t\t<\/div>\n\t\t\t\t<div id=\"collapse_accordion_6a02ecdd53507_1\" class=\"panel-collapse collapse\" role=\"tabpanel\" aria-labelledby=\"heading_accordion_6a02ecdd53507_1\">\n\t\t\t\t\t<div class=\"panel-body\">\n\t\t\t\t\t\tVorsitzende: R. Baumann (Siegen), T. H\u00f6lscher (K\u00f6ln)\n<ul>\n<li>\n Immuntherapie \u2013 was ist die Rationale dahinter, A. R\u00fchle (Heidelberg)\n<\/li>\n<li>\nRadioimmuntherapie \u2013 Konzepte, Kombinationen und Nebenwirkungen,  L. K\u00e4smann (M\u00fcnchen) \n<\/li>\n<li>\nImmuntherapie \u2013 Highlights vom Amerikanischen Krebskongress 2018,  R. Baumann (Siegen)\n<\/li>\n<li>\n Radioimmuntherapie \u2013 aktuell rekrutierende Studien und Ausblick,  M. Hecht (Erlangen)\n<\/li>\t\t\t\t\t<\/div>\n\t\t\t\t<\/div>\n\t\t\t<\/div>\n\n\t\t\n\t\t\t<div class=\"panel panel-default\">\n\t\t\t\t<div class=\"panel-heading\" role=\"tab\" id=\"heading_accordion_6a02ecdd53507_2\">\n\t\t\t\t\t<h4 class=\"panel-title\">\n\t\t\t\t\t\t<a role=\"button\" class=\"collapsed\" data-toggle=\"collapse\" data-parent=\"#accordion_6a02ecdd53507\" href=\"#collapse_accordion_6a02ecdd53507_2\" aria-expanded=\"false\" aria-controls=\"collapse_accordion_6a02ecdd53507_2\">\n\t\t\t\t\t\t\tStrahlenbiologie Tarzan meets Jane: Individuelle Strahlensensibilit\u00e4t bei Vorliegen genetischer Erkrankungen oder strahlensensibilisierenden Begleiterkrankungen\t\t\t\t\t\t<\/a>\n\t\t\t\t\t<\/h4>\n\t\t\t\t<\/div>\n\t\t\t\t<div id=\"collapse_accordion_6a02ecdd53507_2\" class=\"panel-collapse collapse\" role=\"tabpanel\" aria-labelledby=\"heading_accordion_6a02ecdd53507_2\">\n\t\t\t\t\t<div class=\"panel-body\">\n\t\t\t\t\t\tVorsitzende: N. Cordes (Dresden), H. Geinitz (Linz, \u00d6sterreich)\n<ul>\n<li>\n Erh\u00f6hte Strahlensensibilit\u00e4t: Relevant f\u00fcr die t\u00e4gliche Routine?, H. Geinitz (Linz, \u00d6sterreich) \n<\/li>\n<li>\n Klinisch gesteigerte Strahlensensibilit\u00e4t: Was muss der Strahlentherapeut wann beachten?, J. Wichmann (Hannover) \n<\/li>\n<li>\nStrahlensensibler Patient: Welche Entscheidungshilfe liefert die Strahlenbiologie f\u00fcr individuelle Patienten?, L. Distel (Erlangen) \n<\/li>\t\t\t\t\t<\/div>\n\t\t\t\t<\/div>\n\t\t\t<\/div>\n\n\t\t\n\t\t\t<div class=\"panel panel-default\">\n\t\t\t\t<div class=\"panel-heading\" role=\"tab\" id=\"heading_accordion_6a02ecdd53507_3\">\n\t\t\t\t\t<h4 class=\"panel-title\">\n\t\t\t\t\t\t<a role=\"button\" class=\"collapsed\" data-toggle=\"collapse\" data-parent=\"#accordion_6a02ecdd53507\" href=\"#collapse_accordion_6a02ecdd53507_3\" aria-expanded=\"false\" aria-controls=\"collapse_accordion_6a02ecdd53507_3\">\n\t\t\t\t\t\t\tInternational Arbeiten und Forschen in der Radioonkologie\t\t\t\t\t\t<\/a>\n\t\t\t\t\t<\/h4>\n\t\t\t\t<\/div>\n\t\t\t\t<div id=\"collapse_accordion_6a02ecdd53507_3\" class=\"panel-collapse collapse\" role=\"tabpanel\" aria-labelledby=\"heading_accordion_6a02ecdd53507_3\">\n\t\t\t\t\t<div class=\"panel-body\">\n\t\t\t\t\t\tVorsitzende: C. Ostheimer (Halle\/Saale), L. K\u00e4smann (M\u00fcnchen), S. Kn\u00f6dler (Ulm)\n<ul>\n<li>\nVorteile und Unterst\u00fctzungsm\u00f6glichkeiten des Club100 der DEGRO f\u00fcr Projekte im In- und Ausland, F.-J. Prott (Wiesbaden) \n<\/li>\n<li>\nFamulatur und PJ im Ausland \u2013 Planung, Organisation und Finanzierung, L. K\u00e4smann (M\u00fcnchen)\n<\/li>\n<li>\nStrahlenbiologische Forschung in Gro\u00dfbritannien \u2013 Oxford, M.-I. Bittner (Oxford, UK)\n<\/li>\n<li>\nWeiterbildung, radioonkologische Versorgungsstrukturen und Forschungsoptionen in \u00d6sterreich \u2013 Innsbruck, U. Ganswindt (Innsbruck, \u00d6sterreich)\n<\/li>\t\t\t\t\t<\/div>\n\t\t\t\t<\/div>\n\t\t\t<\/div>\n\n\t\t\t\t<!-- End: List Panel -->\n\t<\/div>\n\n<\/div><\/div><\/div><\/div><\/div><\/div>","protected":false},"excerpt":{"rendered":"<p>#pgc-450-0-0 , #pgc-450-0-1 , #pgc-450-0-2 , #pgc-450-0-3 { width:25% } #pg-450-0 , #pg-450-1 , #pl-450 .panel-grid-cell .so-panel { margin-bottom:30px } #pg-450-0 .panel-grid-cell { float:left } #pg-450-1 .panel-grid-cell , #pg-450-2 .panel-grid-cell { float:none } #pl-450 .panel-grid-cell .so-panel:last-child { margin-bottom:0px } #pg-450-0 <\/p>\n","protected":false},"author":8,"featured_media":0,"parent":0,"menu_order":0,"comment_status":"closed","ping_status":"closed","template":"","meta":[],"_links":{"self":[{"href":"https:\/\/www.degro.org\/club100\/wp-json\/wp\/v2\/pages\/450"}],"collection":[{"href":"https:\/\/www.degro.org\/club100\/wp-json\/wp\/v2\/pages"}],"about":[{"href":"https:\/\/www.degro.org\/club100\/wp-json\/wp\/v2\/types\/page"}],"author":[{"embeddable":true,"href":"https:\/\/www.degro.org\/club100\/wp-json\/wp\/v2\/users\/8"}],"replies":[{"embeddable":true,"href":"https:\/\/www.degro.org\/club100\/wp-json\/wp\/v2\/comments?post=450"}],"version-history":[{"count":8,"href":"https:\/\/www.degro.org\/club100\/wp-json\/wp\/v2\/pages\/450\/revisions"}],"predecessor-version":[{"id":1294,"href":"https:\/\/www.degro.org\/club100\/wp-json\/wp\/v2\/pages\/450\/revisions\/1294"}],"wp:attachment":[{"href":"https:\/\/www.degro.org\/club100\/wp-json\/wp\/v2\/media?parent=450"}],"curies":[{"name":"wp","href":"https:\/\/api.w.org\/{rel}","templated":true}]}}