


{"id":45,"date":"2017-03-16T11:08:45","date_gmt":"2017-03-16T10:08:45","guid":{"rendered":"https:\/\/www.degro.org\/club100\/?page_id=45"},"modified":"2022-09-05T13:50:48","modified_gmt":"2022-09-05T11:50:48","slug":"mitgliedschaft","status":"publish","type":"page","link":"https:\/\/www.degro.org\/club100\/mitgliedschaft\/","title":{"rendered":"Mitgliedschaft"},"content":{"rendered":"<p><strong>Mitglied werden<\/strong><\/p>\n<p>Mitglied werden k\u00f6nnen alle Medizinstudenten, die Ihre Approbation noch nicht erreicht haben. Als Nachweis ist eine Kopie des aktullen Studentenausweises einzureichen. Die Mitgliedschaft kann auf schriftlichen Antrag per E-Mail an <a href=\"mailto:office@degro.org\">office@degro.org<\/a> beantragt werden. Stipendiaten des Patenschaftsprogramm werden automatisch mit der Anmeldung zum Patenschaftsprogramm im Club 100 aufgenommen.<\/p>\n<p><strong>Ende der Mitgliedschaft<\/strong><\/p>\n<p>Nach Erlangung der Approbation darf der Student\/die Studentin, noch f\u00fcr ein weiteres Jahr die Verg\u00fcnstigungen des Club 100 inkl. der kostenfreien Fortbildungsreise, die meistens im Herbst des Jahres stattfindet, in Anspruch nehmen. Nach Ablauf dieses einen Jahres endet die Mitgliedschaft in der AG Studenten\/Club 100 automatisch. Um dann weiter in der Deutschen Gesellschaft f\u00fcr Radioonkologie t\u00e4tig zu bleiben und sich \u00fcber die neuesten Entwicklungen zu informieren, empfehlen wir Ihnen die<strong> <a href=\"https:\/\/www.degro.org\/members\/mitgliedschaft-beantragen\/\">Mitgliedschaft in unserer Gesellschaft<\/a>.<\/strong> Anschlie\u00dfend bietet sich die M\u00f6glichkeit sich in der <a href=\"https:\/\/www.degro.org\/jd\/\"><strong>Arbeitsgemeinschaft \u201eJunge DEGRO\u201c<\/strong><\/a>, die mit der AG Studenten\/Club 100 sehr eng zusammenarbeitet, aktiv einzubringen. Wir w\u00fcrden uns freuen, Sie als aktives junges Mitglied unserer Fachgesellschaft zu begr\u00fc\u00dfen.<\/p>\n<p>Weitere Informationen zu DEGRO-Mitgliedschaft finden Sie <strong><a href=\"https:\/\/www.degro.org\/members\/mitgliedschaft-beantragen\/\">hier<\/a>.<\/strong><\/p>\n","protected":false},"excerpt":{"rendered":"<p>Mitglied werden<br \/>\nMitglied werden k\u00f6nnen alle Medizinstudenten, die Ihre Approbation noch nicht erreicht haben. Als Nachweis ist eine Kopie des aktullen Studentenausweises einzureichen. Die Mitgliedschaft kann auf schriftlichen Antrag per E-Mail an office@degro.org beantragt werden. Stipendiaten des Patenschaftsprogramm werden automatisch <\/p>\n","protected":false},"author":8,"featured_media":0,"parent":0,"menu_order":0,"comment_status":"closed","ping_status":"closed","template":"","meta":[],"_links":{"self":[{"href":"https:\/\/www.degro.org\/club100\/wp-json\/wp\/v2\/pages\/45"}],"collection":[{"href":"https:\/\/www.degro.org\/club100\/wp-json\/wp\/v2\/pages"}],"about":[{"href":"https:\/\/www.degro.org\/club100\/wp-json\/wp\/v2\/types\/page"}],"author":[{"embeddable":true,"href":"https:\/\/www.degro.org\/club100\/wp-json\/wp\/v2\/users\/8"}],"replies":[{"embeddable":true,"href":"https:\/\/www.degro.org\/club100\/wp-json\/wp\/v2\/comments?post=45"}],"version-history":[{"count":6,"href":"https:\/\/www.degro.org\/club100\/wp-json\/wp\/v2\/pages\/45\/revisions"}],"predecessor-version":[{"id":47,"href":"https:\/\/www.degro.org\/club100\/wp-json\/wp\/v2\/pages\/45\/revisions\/47"}],"wp:attachment":[{"href":"https:\/\/www.degro.org\/club100\/wp-json\/wp\/v2\/media?parent=45"}],"curies":[{"name":"wp","href":"https:\/\/api.w.org\/{rel}","templated":true}]}}