


{"id":402,"date":"2018-04-10T11:51:54","date_gmt":"2018-04-10T09:51:54","guid":{"rendered":"https:\/\/www.degro.org\/club100\/?page_id=402"},"modified":"2026-04-17T13:46:07","modified_gmt":"2026-04-17T11:46:07","slug":"aktuelles-2","status":"publish","type":"page","link":"https:\/\/www.degro.org\/club100\/aktuelles-2\/","title":{"rendered":"Aktuelles"},"content":{"rendered":"<div id=\"pl-402\"><style scoped>#pg-402-0 , #pl-402 .panel-grid-cell .so-panel { margin-bottom:30px } #pg-402-0 .panel-grid-cell , #pg-402-1 .panel-grid-cell { float:none } #pl-402 .panel-grid-cell .so-panel:last-child { margin-bottom:0px } #pg-402-0 , #pg-402-1 { margin-left:-15px;margin-right:-15px } #pg-402-0 .panel-grid-cell , #pg-402-1 .panel-grid-cell { padding-left:15px;padding-right:15px } @media (max-width:780px){ #pg-402-0 .panel-grid-cell , #pg-402-1 .panel-grid-cell { float:none;width:auto } #pl-402 .panel-grid , #pl-402 .panel-grid-cell {  } #pl-402 .panel-grid .panel-grid-cell-empty { display:none } #pl-402 .panel-grid .panel-grid-cell-mobile-last { margin-bottom:0px }  } <\/style><div class=\"panel-grid\" id=\"pg-402-0\" ><div class=\"panel-grid-cell\" id=\"pgc-402-0-0\" ><div class=\"so-panel widget widget_heading panel-first-child\" id=\"panel-402-0-0-0\" data-index=\"0\"><div class=\"thim-widget-heading thim-widget-heading-base\"><div class=\"sc_heading text-left\"><h2 class=\"title\">32. DEGRO Kongress 2026<\/h2><span class=\"line\"><\/span><\/div><\/div><\/div><div class=\"so-panel widget widget_sow-editor\" id=\"panel-402-0-0-1\" data-index=\"1\"><div class=\"so-widget-sow-editor so-widget-sow-editor-base\">\n<div class=\"siteorigin-widget-tinymce textwidget\">\n\t<p><img loading=\"lazy\" class=\"alignnone size-medium wp-image-1225\" src=\"https:\/\/www.degro.org\/club100\/wp-content\/uploads\/sites\/9\/2025\/06\/DEGRO2026_StD-Banner_5zu2-300x120.png\" alt=\"\" width=\"300\" height=\"120\" srcset=\"https:\/\/www.degro.org\/club100\/wp-content\/uploads\/sites\/9\/2025\/06\/DEGRO2026_StD-Banner_5zu2-300x120.png 300w, https:\/\/www.degro.org\/club100\/wp-content\/uploads\/sites\/9\/2025\/06\/DEGRO2026_StD-Banner_5zu2-1024x409.png 1024w, https:\/\/www.degro.org\/club100\/wp-content\/uploads\/sites\/9\/2025\/06\/DEGRO2026_StD-Banner_5zu2-768x307.png 768w, https:\/\/www.degro.org\/club100\/wp-content\/uploads\/sites\/9\/2025\/06\/DEGRO2026_StD-Banner_5zu2.png 1398w\" sizes=\"(max-width: 300px) 100vw, 300px\" \/><\/p>\n<p>Der 32. Jahreskongress der DEGRO findet vom <strong>25. bis 27. Juni 2026 <\/strong>im Congress Center Leipzig (CCL) statt. Auch dieses Mal findet am Samstag ein Sonderprogramm f\u00fcr Studenten statt, dabei werden u.a. Themen wie \u201eKI\u201c beleuchtet.<\/p>\n<p>Die Arbeitsgruppe Club 100\/ Studierende trifft sich bereits am Donnerstag zur Mitgliederversammlung. Interessierte sind herzlich eingeladen daran teilzunehmen und sich \u00fcber die Aktivit\u00e4ten der Arbeitsgruppe zu informieren.\u00a0<\/p>\n<p><a href=\"https:\/\/www.degro-kongress.org\/\"><b>Zur Webseite<\/b><\/a><\/p>\n<\/div>\n<\/div><\/div><div class=\"so-panel widget widget_heading\" id=\"panel-402-0-0-2\" data-index=\"2\"><div class=\"thim-widget-heading thim-widget-heading-base\"><div class=\"sc_heading text-left\"><h2 class=\"title\">NEXTBEAM - Strahlentherapie Autumn School<\/h2><span class=\"line\"><\/span><\/div><\/div><\/div><div class=\"so-panel widget widget_sow-editor\" id=\"panel-402-0-0-3\" data-index=\"3\"><div class=\"so-widget-sow-editor so-widget-sow-editor-base\">\n<div class=\"siteorigin-widget-tinymce textwidget\">\n\t<p><img loading=\"lazy\" class=\"alignnone size-medium wp-image-1330\" src=\"https:\/\/www.degro.org\/club100\/wp-content\/uploads\/sites\/9\/2026\/04\/nur-Flyer-o.-Programm-300x169.jpg\" alt=\"\" width=\"300\" height=\"169\" srcset=\"https:\/\/www.degro.org\/club100\/wp-content\/uploads\/sites\/9\/2026\/04\/nur-Flyer-o.-Programm-300x169.jpg 300w, https:\/\/www.degro.org\/club100\/wp-content\/uploads\/sites\/9\/2026\/04\/nur-Flyer-o.-Programm-768x432.jpg 768w, https:\/\/www.degro.org\/club100\/wp-content\/uploads\/sites\/9\/2026\/04\/nur-Flyer-o.-Programm.jpg 960w\" sizes=\"(max-width: 300px) 100vw, 300px\" \/><\/p>\n<ul>\n<li>Datum: 26. September 2026<\/li>\n<li>Ort: Universit\u00e4tsklinikum Hamburg-Eppendorf (UKE)<\/li>\n<li>Das Programm finden Sie <a href=\"https:\/\/www.degro.org\/club100\/wp-content\/uploads\/sites\/9\/2026\/04\/nextBeam_-Flyer-final_neu.pdf\">hier<\/a><\/li>\n<li>Weitere Informationen sowie den Link zur Anmeldung finden Sie <a href=\"https:\/\/www.degro.org\/degro\/nachwuchsfoerderung-2\/\">hier<\/a><\/li>\n<\/ul>\n<\/div>\n<\/div><\/div><div class=\"so-panel widget widget_heading\" id=\"panel-402-0-0-4\" data-index=\"4\"><div class=\"thim-widget-heading thim-widget-heading-base\"><div class=\"sc_heading text-left\"><h2 class=\"title\">Save the Date: Fortbildungsreise 2026<\/h2><span class=\"line\"><\/span><\/div><\/div><\/div><div class=\"so-panel widget widget_sow-editor\" id=\"panel-402-0-0-5\" data-index=\"5\"><div class=\"so-widget-sow-editor so-widget-sow-editor-base\">\n<div class=\"siteorigin-widget-tinymce textwidget\">\n\t<p><img loading=\"lazy\" class=\"alignnone size-medium wp-image-1333\" src=\"https:\/\/www.degro.org\/club100\/wp-content\/uploads\/sites\/9\/2026\/04\/Pausenslides_jDEGRO-zu-Gast-erlangen8-300x169.jpg\" alt=\"\" width=\"300\" height=\"169\" srcset=\"https:\/\/www.degro.org\/club100\/wp-content\/uploads\/sites\/9\/2026\/04\/Pausenslides_jDEGRO-zu-Gast-erlangen8-300x169.jpg 300w, https:\/\/www.degro.org\/club100\/wp-content\/uploads\/sites\/9\/2026\/04\/Pausenslides_jDEGRO-zu-Gast-erlangen8-1024x576.jpg 1024w, https:\/\/www.degro.org\/club100\/wp-content\/uploads\/sites\/9\/2026\/04\/Pausenslides_jDEGRO-zu-Gast-erlangen8-768x432.jpg 768w, https:\/\/www.degro.org\/club100\/wp-content\/uploads\/sites\/9\/2026\/04\/Pausenslides_jDEGRO-zu-Gast-erlangen8-1536x864.jpg 1536w, https:\/\/www.degro.org\/club100\/wp-content\/uploads\/sites\/9\/2026\/04\/Pausenslides_jDEGRO-zu-Gast-erlangen8-2048x1152.jpg 2048w\" sizes=\"(max-width: 300px) 100vw, 300px\" \/><\/p>\n<p>Die n\u00e4chste Fortbildungsreise des Club 100 findet vom <strong>22.-23. Oktober 2026<\/strong> in Salzburg statt.<\/p>\n<p><a href=\"https:\/\/www.degro.org\/club100\/fortbildungsreise-2026\/\">Weitere Informationen finden hier &gt;&gt;&gt;&gt;&gt;<\/a><\/p>\n<\/div>\n<\/div><\/div><div class=\"so-panel widget widget_heading\" id=\"panel-402-0-0-6\" data-index=\"6\"><div class=\"thim-widget-heading thim-widget-heading-base\"><div class=\"sc_heading text-left\"><h2 class=\"title\">jDEGRO zu Gast in Marburg<\/h2><span class=\"line\"><\/span><\/div><\/div><\/div><div class=\"so-panel widget widget_sow-editor panel-last-child\" id=\"panel-402-0-0-7\" data-index=\"7\"><div class=\"so-widget-sow-editor so-widget-sow-editor-base\">\n<div class=\"siteorigin-widget-tinymce textwidget\">\n\t<ul>\n<li>Datum: 6.-7. November 2026<\/li>\n<li>Veranstaltungsort: Universit\u00e4tsklinikums Marburg<\/li>\n<li>Thema: HYPOFRAKTIONIERUNG IN DER MODERNEN RADIOTHERAPIE<\/li>\n<li><a href=\"https:\/\/www.degro.org\/jd\/jdegro-zu-gast\/\">weitere Informationen zum Programm und zur Anmeldung &gt;&gt;&gt;&gt;&gt;&gt;&gt;&gt;&gt;&gt;&gt;&gt;&gt;&gt;&gt;&gt;&gt;&gt;&gt;<\/a><\/li>\n<\/ul>\n<\/div>\n<\/div><\/div><\/div><\/div><div class=\"panel-grid\" id=\"pg-402-1\" ><div class=\"panel-grid-cell\" id=\"pgc-402-1-0\" ><div class=\"so-panel widget widget_heading panel-first-child\" id=\"panel-402-1-0-0\" data-index=\"8\"><div class=\"thim-widget-heading thim-widget-heading-base\"><div class=\"sc_heading text-left\"><h2 class=\"title\">Weiterbildung f\u00fcr Mitarbeitende in der Radioonkologie<\/h2><span class=\"line\"><\/span><\/div><\/div><\/div><div class=\"so-panel widget widget_sow-editor\" id=\"panel-402-1-0-1\" data-index=\"9\"><div class=\"so-widget-sow-editor so-widget-sow-editor-base\">\n<div class=\"siteorigin-widget-tinymce textwidget\">\n\t<p>Die <a href=\"http:\/\/www.degro.org\" target=\"_blank\" rel=\"noopener\">Deutsche Gesellschaft f\u00fcr Radioonkologie (DEGRO) e. V.<\/a> bietet seit diesem Jahr gemeinsam mit ihrer <a href=\"https:\/\/www.degro.org\/jd\/\" target=\"_blank\" rel=\"noopener\">Arbeitsgruppe \"Junge DEGRO\"<\/a> an <strong>jedem zweiten Mittwoch im Monat<\/strong> eine 1,5-st\u00fcndige Online-Weiterbildungsveranstaltung f\u00fcr Mitarbeitende in der Radioonkologie an. Dabei werden unter anderem theoretische sowie klinische Themen behandelt.<\/p>\n<p>Interessierte Studenten k\u00f6nnen f\u00fcr einen verg\u00fcnstigen Tarif an den Fortbildungsveranstaltungen teilnehmen.<\/p>\n<p>Das vollst\u00e4ndige Programm inklusive der Referenten finden Sie unter <a href=\"https:\/\/www.degro.org\/veranstaltungen-degro\/weiterbildung-fuer-mitarbeitende-in-der-radioonkologie\/\" target=\"_blank\" rel=\"noopener\">www.degro.org\/veranstaltungen-degro\/weiterbildung-fuer-mitarbeitende-in-der-radioonkologie\/<\/a><\/p>\n<p><strong>\u00a0<\/strong><\/p>\n<\/div>\n<\/div><\/div><div class=\"so-panel widget widget_sow-image panel-last-child\" id=\"panel-402-1-0-2\" data-index=\"10\"><div class=\"so-widget-sow-image so-widget-sow-image-default-3f547a15eaaa\">\n\n<div class=\"sow-image-container\">\n\t<img title=\"Aktuelles\"  class=\"so-widget-image\"\/>\n<\/div>\n\n<\/div><\/div><\/div><\/div><\/div>","protected":false},"excerpt":{"rendered":"<p>#pg-402-0 , #pl-402 .panel-grid-cell .so-panel { margin-bottom:30px } #pg-402-0 .panel-grid-cell , #pg-402-1 .panel-grid-cell { float:none } #pl-402 .panel-grid-cell .so-panel:last-child { margin-bottom:0px } #pg-402-0 , #pg-402-1 { margin-left:-15px;margin-right:-15px } #pg-402-0 .panel-grid-cell , #pg-402-1 .panel-grid-cell { padding-left:15px;padding-right:15px } @media (max-width:780px){ #pg-402-0 .panel-grid-cell <\/p>\n","protected":false},"author":8,"featured_media":0,"parent":0,"menu_order":0,"comment_status":"closed","ping_status":"closed","template":"","meta":[],"_links":{"self":[{"href":"https:\/\/www.degro.org\/club100\/wp-json\/wp\/v2\/pages\/402"}],"collection":[{"href":"https:\/\/www.degro.org\/club100\/wp-json\/wp\/v2\/pages"}],"about":[{"href":"https:\/\/www.degro.org\/club100\/wp-json\/wp\/v2\/types\/page"}],"author":[{"embeddable":true,"href":"https:\/\/www.degro.org\/club100\/wp-json\/wp\/v2\/users\/8"}],"replies":[{"embeddable":true,"href":"https:\/\/www.degro.org\/club100\/wp-json\/wp\/v2\/comments?post=402"}],"version-history":[{"count":69,"href":"https:\/\/www.degro.org\/club100\/wp-json\/wp\/v2\/pages\/402\/revisions"}],"predecessor-version":[{"id":1335,"href":"https:\/\/www.degro.org\/club100\/wp-json\/wp\/v2\/pages\/402\/revisions\/1335"}],"wp:attachment":[{"href":"https:\/\/www.degro.org\/club100\/wp-json\/wp\/v2\/media?parent=402"}],"curies":[{"name":"wp","href":"https:\/\/api.w.org\/{rel}","templated":true}]}}