


{"id":309,"date":"2017-08-24T12:18:41","date_gmt":"2017-08-24T10:18:41","guid":{"rendered":"https:\/\/www.degro.org\/club100\/?page_id=309"},"modified":"2018-09-18T10:54:07","modified_gmt":"2018-09-18T08:54:07","slug":"prio","status":"publish","type":"page","link":"https:\/\/www.degro.org\/club100\/prio\/","title":{"rendered":"Integrative Onkologie"},"content":{"rendered":"<div id=\"pl-309\"><style scoped>#pg-309-0 , #pg-309-1 , #pg-309-2 , #pl-309 .panel-grid-cell .so-panel { margin-bottom:30px } #pg-309-0 .panel-grid-cell , #pg-309-2 .panel-grid-cell , #pg-309-3 .panel-grid-cell { float:none } #pgc-309-1-0 , #pgc-309-1-1 , #pgc-309-1-2 , #pgc-309-1-3 { width:25% } #pg-309-1 .panel-grid-cell { float:left } #pl-309 .panel-grid-cell .so-panel:last-child { margin-bottom:0px } #pg-309-0 , #pg-309-1 , #pg-309-2 , #pg-309-3 { margin-left:-15px;margin-right:-15px } #pg-309-0 .panel-grid-cell , #pg-309-1 .panel-grid-cell , #pg-309-2 .panel-grid-cell , #pg-309-3 .panel-grid-cell { padding-left:15px;padding-right:15px } @media (max-width:780px){ #pg-309-0 .panel-grid-cell , #pg-309-1 .panel-grid-cell , #pg-309-2 .panel-grid-cell , #pg-309-3 .panel-grid-cell { float:none;width:auto } #pgc-309-1-0 , #pgc-309-1-1 , #pgc-309-1-2 { margin-bottom:30px } #pl-309 .panel-grid , #pl-309 .panel-grid-cell {  } #pl-309 .panel-grid .panel-grid-cell-empty { display:none } #pl-309 .panel-grid .panel-grid-cell-mobile-last { margin-bottom:0px }  } <\/style><div class=\"panel-grid\" id=\"pg-309-0\" ><div class=\"panel-grid-cell\" id=\"pgc-309-0-0\" ><div class=\"so-panel widget widget_sow-image panel-first-child panel-last-child\" id=\"panel-309-0-0-0\" data-index=\"0\"><div class=\"so-widget-sow-image so-widget-sow-image-default-3f547a15eaaa\">\n\n<div class=\"sow-image-container\">\n\t<img src=\"https:\/\/www.degro.org\/club100\/wp-content\/uploads\/sites\/9\/2017\/08\/Fortbildung.png\" width=\"372\" height=\"68\" srcset=\"https:\/\/www.degro.org\/club100\/wp-content\/uploads\/sites\/9\/2017\/08\/Fortbildung.png 372w, https:\/\/www.degro.org\/club100\/wp-content\/uploads\/sites\/9\/2017\/08\/Fortbildung-300x55.png 300w\"  class=\"so-widget-image\"\/>\n<\/div>\n\n<\/div><\/div><\/div><\/div><div class=\"panel-grid\" id=\"pg-309-1\" ><div class=\"panel-grid-cell\" id=\"pgc-309-1-0\" ><div class=\"so-panel widget widget_sow-image panel-first-child panel-last-child\" id=\"panel-309-1-0-0\" data-index=\"1\"><div class=\"so-widget-sow-image so-widget-sow-image-default-3f547a15eaaa\">\n\n<div class=\"sow-image-container\">\n\t<img src=\"https:\/\/www.degro.org\/club100\/wp-content\/uploads\/sites\/9\/2017\/10\/Wiesbaden-4.jpg\" width=\"960\" height=\"719\" srcset=\"https:\/\/www.degro.org\/club100\/wp-content\/uploads\/sites\/9\/2017\/10\/Wiesbaden-4.jpg 960w, https:\/\/www.degro.org\/club100\/wp-content\/uploads\/sites\/9\/2017\/10\/Wiesbaden-4-300x225.jpg 300w, https:\/\/www.degro.org\/club100\/wp-content\/uploads\/sites\/9\/2017\/10\/Wiesbaden-4-768x575.jpg 768w\" title=\"Wiesbaden 4\"  class=\"so-widget-image\"\/>\n<\/div>\n\n<\/div><\/div><\/div><div class=\"panel-grid-cell\" id=\"pgc-309-1-1\" ><div class=\"so-panel widget widget_sow-image panel-first-child panel-last-child\" id=\"panel-309-1-1-0\" data-index=\"2\"><div class=\"so-widget-sow-image so-widget-sow-image-default-3f547a15eaaa\">\n\n<div class=\"sow-image-container\">\n\t<img src=\"https:\/\/www.degro.org\/club100\/wp-content\/uploads\/sites\/9\/2017\/10\/Wiesbaden-1.jpg\" width=\"3264\" height=\"2448\" srcset=\"https:\/\/www.degro.org\/club100\/wp-content\/uploads\/sites\/9\/2017\/10\/Wiesbaden-1.jpg 3264w, https:\/\/www.degro.org\/club100\/wp-content\/uploads\/sites\/9\/2017\/10\/Wiesbaden-1-300x225.jpg 300w, https:\/\/www.degro.org\/club100\/wp-content\/uploads\/sites\/9\/2017\/10\/Wiesbaden-1-768x576.jpg 768w, https:\/\/www.degro.org\/club100\/wp-content\/uploads\/sites\/9\/2017\/10\/Wiesbaden-1-1024x768.jpg 1024w\" title=\"Wiesbaden 1\"  class=\"so-widget-image\"\/>\n<\/div>\n\n<\/div><\/div><\/div><div class=\"panel-grid-cell\" id=\"pgc-309-1-2\" ><div class=\"so-panel widget widget_sow-image panel-first-child panel-last-child\" id=\"panel-309-1-2-0\" data-index=\"3\"><div class=\"so-widget-sow-image so-widget-sow-image-default-3f547a15eaaa\">\n\n<div class=\"sow-image-container\">\n\t<img src=\"https:\/\/www.degro.org\/club100\/wp-content\/uploads\/sites\/9\/2017\/08\/Wiesbaden-5.jpg\" width=\"960\" height=\"719\" srcset=\"https:\/\/www.degro.org\/club100\/wp-content\/uploads\/sites\/9\/2017\/08\/Wiesbaden-5.jpg 960w, https:\/\/www.degro.org\/club100\/wp-content\/uploads\/sites\/9\/2017\/08\/Wiesbaden-5-300x225.jpg 300w, https:\/\/www.degro.org\/club100\/wp-content\/uploads\/sites\/9\/2017\/08\/Wiesbaden-5-768x575.jpg 768w\" title=\"Wiesbaden 5\"  class=\"so-widget-image\"\/>\n<\/div>\n\n<\/div><\/div><\/div><div class=\"panel-grid-cell\" id=\"pgc-309-1-3\" ><div class=\"so-panel widget widget_sow-image panel-first-child panel-last-child\" id=\"panel-309-1-3-0\" data-index=\"4\"><div class=\"so-widget-sow-image so-widget-sow-image-default-3f547a15eaaa\">\n\n<div class=\"sow-image-container\">\n\t<img src=\"https:\/\/www.degro.org\/club100\/wp-content\/uploads\/sites\/9\/2017\/08\/Wiesbaden2.jpg\" width=\"3264\" height=\"2448\" srcset=\"https:\/\/www.degro.org\/club100\/wp-content\/uploads\/sites\/9\/2017\/08\/Wiesbaden2.jpg 3264w, https:\/\/www.degro.org\/club100\/wp-content\/uploads\/sites\/9\/2017\/08\/Wiesbaden2-300x225.jpg 300w, https:\/\/www.degro.org\/club100\/wp-content\/uploads\/sites\/9\/2017\/08\/Wiesbaden2-768x576.jpg 768w, https:\/\/www.degro.org\/club100\/wp-content\/uploads\/sites\/9\/2017\/08\/Wiesbaden2-1024x768.jpg 1024w\"  class=\"so-widget-image\"\/>\n<\/div>\n\n<\/div><\/div><\/div><\/div><div class=\"panel-grid\" id=\"pg-309-2\" ><div class=\"panel-grid-cell\" id=\"pgc-309-2-0\" ><div class=\"so-panel widget widget_sow-editor panel-first-child panel-last-child\" id=\"panel-309-2-0-0\" data-index=\"5\"><div class=\"so-widget-sow-editor so-widget-sow-editor-base\">\n<div class=\"siteorigin-widget-tinymce textwidget\">\n\t<p>Die Arbeitsgemeinschaft Pr\u00e4vention und Integrative Onkologie (PRIO) der Deutschen Krebsgesellschaft (DKG) organisiert die Fortbildungsreihe \"Integrative Onkologie\". Die gesamte Fortbildung besteht aus einer Serie von 4 Einzelseminaren mit jeweils 20 Stunden. In jedem Seminar wird jeweils anhand einer Tumorart oder einer Gruppe von Tumorerkrankungen kurz die konventionelle Therapie referiert (interdisziplin\u00e4r mit Operation, Strahlentherapie und medikament\u00f6ser Therapie), im Wechsel folgen Vortr\u00e4ge zu den zentralen erg\u00e4nzenden Themen der integrativen Onkologie (Pr\u00e4vention und Survivorship, Ern\u00e4hrung,k\u00f6rperliche Aktivit\u00e4t und komplement\u00e4re Medizin).<\/p>\n<p>Die Studenten des Club 100 haben an den Modulen der Fortbildungsreihe 2016\u20132018 teilgenommen und aktiv mitgestaltet.<\/p>\n<\/div>\n<\/div><\/div><\/div><\/div><div class=\"panel-grid\" id=\"pg-309-3\" ><div class=\"panel-grid-cell\" id=\"pgc-309-3-0\" ><div class=\"so-panel widget widget_accordion panel-first-child panel-last-child\" id=\"panel-309-3-0-0\" data-index=\"6\"><div class=\"thim-widget-accordion thim-widget-accordion-base\">\n<div class=\"thim-widget-accordion\">\n\t<h3 class=\"widget-title\">Vortr\u00e4ge und Pr\u00e4sentationen<\/h3>\t<div id=\"accordion_69e312f808584\" class=\"panel-group\" role=\"tablist\" aria-multiselectable=\"true\">\n\t\t<!-- List Panel -->\n\t\t\n\t\t\t<div class=\"panel panel-default\">\n\t\t\t\t<div class=\"panel-heading\" role=\"tab\" id=\"heading_accordion_69e312f808584_0\">\n\t\t\t\t\t<h4 class=\"panel-title\">\n\t\t\t\t\t\t<a role=\"button\" class=\"collapsed\" data-toggle=\"collapse\" data-parent=\"#accordion_69e312f808584\" href=\"#collapse_accordion_69e312f808584_0\" aria-expanded=\"false\" aria-controls=\"collapse_accordion_69e312f808584_0\">\n\t\t\t\t\t\t\tModul Sport, 29.\u201330.01.2016 in Wiesbaden\t\t\t\t\t\t<\/a>\n\t\t\t\t\t<\/h4>\n\t\t\t\t<\/div>\n\t\t\t\t<div id=\"collapse_accordion_69e312f808584_0\" class=\"panel-collapse collapse\" role=\"tabpanel\" aria-labelledby=\"heading_accordion_69e312f808584_0\">\n\t\t\t\t\t<div class=\"panel-body\">\n\t\t\t\t\t\tVortr\u00e4ge im Rahmen des Medical Journal Club\n<ul>\n<li>\nSport und Pr\u00e4vention von Brustkrebs, (Tobias Schr\u00f6der)\n<\/li>\n<li>\nImmuntherapie beim metastasierten Melanom - Grundlage und Innovationen, (Melanie Hegenbarth)\n<\/li>\n<li>\nAktuelle Fragestellungen in der Therapie von Hirnmetastasen, (Louisa Bolm)\n<\/li>\n<li>\nMolekulare Pathomechanismen beim Glioblastoma multiforme, (Florian D\u00e4umer)\n<\/li>\n<li>\nEinfluss ionisierender Strahlung auf Proliferation und Migration von Tumoren durch den TGF-beta 1-Signalweg, (Julian Hartmann)\n<\/li>\n\n\t\t\t\t\t<\/div>\n\t\t\t\t<\/div>\n\t\t\t<\/div>\n\n\t\t\n\t\t\t<div class=\"panel panel-default\">\n\t\t\t\t<div class=\"panel-heading\" role=\"tab\" id=\"heading_accordion_69e312f808584_1\">\n\t\t\t\t\t<h4 class=\"panel-title\">\n\t\t\t\t\t\t<a role=\"button\" class=\"collapsed\" data-toggle=\"collapse\" data-parent=\"#accordion_69e312f808584\" href=\"#collapse_accordion_69e312f808584_1\" aria-expanded=\"false\" aria-controls=\"collapse_accordion_69e312f808584_1\">\n\t\t\t\t\t\t\tModul Ern\u00e4hrung, 16.\u201317.09.2016 in Wiesbaden\t\t\t\t\t\t<\/a>\n\t\t\t\t\t<\/h4>\n\t\t\t\t<\/div>\n\t\t\t\t<div id=\"collapse_accordion_69e312f808584_1\" class=\"panel-collapse collapse\" role=\"tabpanel\" aria-labelledby=\"heading_accordion_69e312f808584_1\">\n\t\t\t\t\t<div class=\"panel-body\">\n\t\t\t\t\t\tVortr\u00e4ge im Rahmen des Medical Journal Club\n<ul>\n<li>\nZwei Eier mit Speck, bitte! Strahlentherapie und ketogene Ern\u00e4hrung, (Dr. Galina Pestel)\n<\/li>\n<li>\nBedeutung und Therapie des pankreopriven Diabetes mellitus in der multimodalen Behandlung von Patienten mit Pankreaskarzinom, (Lukas K\u00e4smann)\n<\/li>\n<li>\nDysphagie bei Patienten mit Bestrahlung des Kopf-Hals-Bereichs - Vorgehen und Perspektiven, (Louisa Bolm)\n<\/li>\n<li>\nImmuntherapie beim nicht-kleinzelligen Bronchialkarzinom, (Melanie Hegenbarth)\n<\/li>\n<li>\nPrognostische Bedeutung zirkulierender Tumorzellen im Blut bei Mammakarzinom-Patienten, (Claudia Mamczak)\n<\/li>\n<li>\nNeue Bildgebungsverfahren als Erg\u00e4nzung f\u00fcr die Bestrahlungsplanung in der Neuroonkologie am Beispiel der ADC-Maps, (Raphael Bodensohn)\n<\/li>\n\t\t\t\t\t<\/div>\n\t\t\t\t<\/div>\n\t\t\t<\/div>\n\n\t\t\n\t\t\t<div class=\"panel panel-default\">\n\t\t\t\t<div class=\"panel-heading\" role=\"tab\" id=\"heading_accordion_69e312f808584_2\">\n\t\t\t\t\t<h4 class=\"panel-title\">\n\t\t\t\t\t\t<a role=\"button\" class=\"collapsed\" data-toggle=\"collapse\" data-parent=\"#accordion_69e312f808584\" href=\"#collapse_accordion_69e312f808584_2\" aria-expanded=\"false\" aria-controls=\"collapse_accordion_69e312f808584_2\">\n\t\t\t\t\t\t\tKomplement\u00e4re evidenzbasierte Onkologie, 31.03.\u201301.04.2017 in Berlin\t\t\t\t\t\t<\/a>\n\t\t\t\t\t<\/h4>\n\t\t\t\t<\/div>\n\t\t\t\t<div id=\"collapse_accordion_69e312f808584_2\" class=\"panel-collapse collapse\" role=\"tabpanel\" aria-labelledby=\"heading_accordion_69e312f808584_2\">\n\t\t\t\t\t<div class=\"panel-body\">\n\t\t\t\t\t\tVortr\u00e4ge im Rahmen des Journal Clubs\n<ul>\n<li>\nAktuelle Fortschritte in der Immuntherapie, (Melanie Hegenbarth)\n<\/li>\n<li>\nWirksamkeit und Evidenz der Misteltherapie beim Mamma-Ca (Sarah Kn\u00f6dler)\n<\/li>\n<li>Komplement\u00e4re Therapie bei Hirntumoren (Florian D\u00e4umer)\n<\/li>\n<li>Akupunktur bei bestrahlungsinduzierter Xerostomie (Benjamin Prokein)\n<\/li>\n<li>Wirksamkeit von Ingwer in der Supportivtherapie (Timo Sabelhaus)\n<\/li>\n\t\t\t\t\t<\/div>\n\t\t\t\t<\/div>\n\t\t\t<\/div>\n\n\t\t\n\t\t\t<div class=\"panel panel-default\">\n\t\t\t\t<div class=\"panel-heading\" role=\"tab\" id=\"heading_accordion_69e312f808584_3\">\n\t\t\t\t\t<h4 class=\"panel-title\">\n\t\t\t\t\t\t<a role=\"button\" class=\"collapsed\" data-toggle=\"collapse\" data-parent=\"#accordion_69e312f808584\" href=\"#collapse_accordion_69e312f808584_3\" aria-expanded=\"false\" aria-controls=\"collapse_accordion_69e312f808584_3\">\n\t\t\t\t\t\t\tModul Ern\u00e4hrung, 12.\u201313 Oktober 2018 in Wiesbaden\t\t\t\t\t\t<\/a>\n\t\t\t\t\t<\/h4>\n\t\t\t\t<\/div>\n\t\t\t\t<div id=\"collapse_accordion_69e312f808584_3\" class=\"panel-collapse collapse\" role=\"tabpanel\" aria-labelledby=\"heading_accordion_69e312f808584_3\">\n\t\t\t\t\t<div class=\"panel-body\">\n\t\t\t\t\t\tVortr\u00e4ge im Rahmen des Journal Clubs \n<ul>\n<li>\nRadioimmuntherapie und der Abskopale Effekt (Philipp Schr\u00f6ter, Heidelberg)\n<\/li>\n<li>\nHochpr\u00e4zisionsstrahlentherapie bei Patienten mit lokal fortgeschrittenen Bronchialkarzinomen (Cedric St\u00fcwe, Heidelberg)\n<\/li>\n<li>\nProphylaktische versus elektive PEG-Anlage in der Radiochemo-\/Radioimmuntherapie (Lukas K\u00e4smann, M\u00fcnchen)\n<\/li>\n<li>\nBedeutung des ver\u00e4nderten Antioxidantensystems f\u00fcr die Strahlenresistenz hypoxischer Tumorzellen (Julian Hlouschek, Essen)\n<\/li>\n<li>\nTargeting ARID1B - a novel approach to increase the radiation sensitivity of ARID1A-mutant colorectal cancer cells (Benedikt Niedermeier, D\u00fcsseldorf)\n<\/li>\n\n\t\t\t\t\t<\/div>\n\t\t\t\t<\/div>\n\t\t\t<\/div>\n\n\t\t\t\t<!-- End: List Panel -->\n\t<\/div>\n\n<\/div><\/div><\/div><\/div><\/div><\/div>","protected":false},"excerpt":{"rendered":"<p>#pg-309-0 , #pg-309-1 , #pg-309-2 , #pl-309 .panel-grid-cell .so-panel { margin-bottom:30px } #pg-309-0 .panel-grid-cell , #pg-309-2 .panel-grid-cell , #pg-309-3 .panel-grid-cell { float:none } #pgc-309-1-0 , #pgc-309-1-1 , #pgc-309-1-2 , #pgc-309-1-3 { width:25% } #pg-309-1 .panel-grid-cell { float:left } #pl-309 .panel-grid-cell <\/p>\n","protected":false},"author":8,"featured_media":0,"parent":0,"menu_order":0,"comment_status":"closed","ping_status":"closed","template":"","meta":[],"_links":{"self":[{"href":"https:\/\/www.degro.org\/club100\/wp-json\/wp\/v2\/pages\/309"}],"collection":[{"href":"https:\/\/www.degro.org\/club100\/wp-json\/wp\/v2\/pages"}],"about":[{"href":"https:\/\/www.degro.org\/club100\/wp-json\/wp\/v2\/types\/page"}],"author":[{"embeddable":true,"href":"https:\/\/www.degro.org\/club100\/wp-json\/wp\/v2\/users\/8"}],"replies":[{"embeddable":true,"href":"https:\/\/www.degro.org\/club100\/wp-json\/wp\/v2\/comments?post=309"}],"version-history":[{"count":11,"href":"https:\/\/www.degro.org\/club100\/wp-json\/wp\/v2\/pages\/309\/revisions"}],"predecessor-version":[{"id":1204,"href":"https:\/\/www.degro.org\/club100\/wp-json\/wp\/v2\/pages\/309\/revisions\/1204"}],"wp:attachment":[{"href":"https:\/\/www.degro.org\/club100\/wp-json\/wp\/v2\/media?parent=309"}],"curies":[{"name":"wp","href":"https:\/\/api.w.org\/{rel}","templated":true}]}}