


{"id":308,"date":"2017-08-24T12:57:50","date_gmt":"2017-08-24T10:57:50","guid":{"rendered":"https:\/\/www.degro.org\/club100\/?page_id=308"},"modified":"2025-10-23T09:33:03","modified_gmt":"2025-10-23T07:33:03","slug":"degro-jahrestagung-2016-3","status":"publish","type":"page","link":"https:\/\/www.degro.org\/club100\/degro-jahrestagung-2016-3\/","title":{"rendered":"DEGRO Jahreskongress 2015"},"content":{"rendered":"<div id=\"pl-308\"><style scoped>#pgc-308-0-0 , #pgc-308-0-1 , #pgc-308-0-2 , #pgc-308-0-3 { width:25% } #pg-308-0 , #pg-308-1 , #pl-308 .panel-grid-cell .so-panel { margin-bottom:30px } #pg-308-0 .panel-grid-cell { float:left } #pg-308-1 .panel-grid-cell , #pg-308-2 .panel-grid-cell { float:none } #pl-308 .panel-grid-cell .so-panel:last-child { margin-bottom:0px } #pg-308-0 , #pg-308-1 , #pg-308-2 { margin-left:-15px;margin-right:-15px } #pg-308-0 .panel-grid-cell , #pg-308-1 .panel-grid-cell , #pg-308-2 .panel-grid-cell { padding-left:15px;padding-right:15px } @media (max-width:780px){ #pg-308-0 .panel-grid-cell , #pg-308-1 .panel-grid-cell , #pg-308-2 .panel-grid-cell { float:none;width:auto } #pgc-308-0-0 , #pgc-308-0-1 , #pgc-308-0-2 { margin-bottom:30px } #pl-308 .panel-grid , #pl-308 .panel-grid-cell {  } #pl-308 .panel-grid .panel-grid-cell-empty { display:none } #pl-308 .panel-grid .panel-grid-cell-mobile-last { margin-bottom:0px }  } <\/style><div class=\"panel-grid\" id=\"pg-308-0\" ><div class=\"panel-grid-cell\" id=\"pgc-308-0-0\" ><div class=\"so-panel widget widget_sow-image panel-first-child panel-last-child\" id=\"panel-308-0-0-0\" data-index=\"0\"><div class=\"so-widget-sow-image so-widget-sow-image-default-3f547a15eaaa\">\n\n<div class=\"sow-image-container\">\n\t<img src=\"https:\/\/www.degro.org\/club100\/wp-content\/uploads\/sites\/9\/2017\/08\/138_DEGRO2606_4827.jpg\" width=\"2126\" height=\"1415\" srcset=\"https:\/\/www.degro.org\/club100\/wp-content\/uploads\/sites\/9\/2017\/08\/138_DEGRO2606_4827.jpg 2126w, https:\/\/www.degro.org\/club100\/wp-content\/uploads\/sites\/9\/2017\/08\/138_DEGRO2606_4827-300x200.jpg 300w, https:\/\/www.degro.org\/club100\/wp-content\/uploads\/sites\/9\/2017\/08\/138_DEGRO2606_4827-768x511.jpg 768w, https:\/\/www.degro.org\/club100\/wp-content\/uploads\/sites\/9\/2017\/08\/138_DEGRO2606_4827-1024x682.jpg 1024w, https:\/\/www.degro.org\/club100\/wp-content\/uploads\/sites\/9\/2017\/08\/138_DEGRO2606_4827-272x182.jpg 272w\"  class=\"so-widget-image\"\/>\n<\/div>\n\n<\/div><\/div><\/div><div class=\"panel-grid-cell\" id=\"pgc-308-0-1\" ><div class=\"so-panel widget widget_sow-image panel-first-child panel-last-child\" id=\"panel-308-0-1-0\" data-index=\"1\"><div class=\"so-widget-sow-image so-widget-sow-image-default-3f547a15eaaa\">\n\n<div class=\"sow-image-container\">\n\t<img src=\"https:\/\/www.degro.org\/club100\/wp-content\/uploads\/sites\/9\/2017\/08\/001_DEGRO2606_5535.jpg\" width=\"2126\" height=\"1415\" srcset=\"https:\/\/www.degro.org\/club100\/wp-content\/uploads\/sites\/9\/2017\/08\/001_DEGRO2606_5535.jpg 2126w, https:\/\/www.degro.org\/club100\/wp-content\/uploads\/sites\/9\/2017\/08\/001_DEGRO2606_5535-300x200.jpg 300w, https:\/\/www.degro.org\/club100\/wp-content\/uploads\/sites\/9\/2017\/08\/001_DEGRO2606_5535-768x511.jpg 768w, https:\/\/www.degro.org\/club100\/wp-content\/uploads\/sites\/9\/2017\/08\/001_DEGRO2606_5535-1024x682.jpg 1024w, https:\/\/www.degro.org\/club100\/wp-content\/uploads\/sites\/9\/2017\/08\/001_DEGRO2606_5535-272x182.jpg 272w\"  class=\"so-widget-image\"\/>\n<\/div>\n\n<\/div><\/div><\/div><div class=\"panel-grid-cell\" id=\"pgc-308-0-2\" ><div class=\"so-panel widget widget_sow-image panel-first-child panel-last-child\" id=\"panel-308-0-2-0\" data-index=\"2\"><div class=\"so-widget-sow-image so-widget-sow-image-default-3f547a15eaaa\">\n\n<div class=\"sow-image-container\">\n\t<img src=\"https:\/\/www.degro.org\/club100\/wp-content\/uploads\/sites\/9\/2017\/08\/68_DEGRO2706_5559.jpg\" width=\"2126\" height=\"1415\" srcset=\"https:\/\/www.degro.org\/club100\/wp-content\/uploads\/sites\/9\/2017\/08\/68_DEGRO2706_5559.jpg 2126w, https:\/\/www.degro.org\/club100\/wp-content\/uploads\/sites\/9\/2017\/08\/68_DEGRO2706_5559-300x200.jpg 300w, https:\/\/www.degro.org\/club100\/wp-content\/uploads\/sites\/9\/2017\/08\/68_DEGRO2706_5559-768x511.jpg 768w, https:\/\/www.degro.org\/club100\/wp-content\/uploads\/sites\/9\/2017\/08\/68_DEGRO2706_5559-1024x682.jpg 1024w, https:\/\/www.degro.org\/club100\/wp-content\/uploads\/sites\/9\/2017\/08\/68_DEGRO2706_5559-272x182.jpg 272w\"  class=\"so-widget-image\"\/>\n<\/div>\n\n<\/div><\/div><\/div><div class=\"panel-grid-cell\" id=\"pgc-308-0-3\" ><div class=\"so-panel widget widget_sow-image panel-first-child panel-last-child\" id=\"panel-308-0-3-0\" data-index=\"3\"><div class=\"so-widget-sow-image so-widget-sow-image-default-3f547a15eaaa\">\n\n<div class=\"sow-image-container\">\n\t<img src=\"https:\/\/www.degro.org\/club100\/wp-content\/uploads\/sites\/9\/2017\/08\/110_DEGRO2506_3573.jpg\" width=\"2126\" height=\"1415\" srcset=\"https:\/\/www.degro.org\/club100\/wp-content\/uploads\/sites\/9\/2017\/08\/110_DEGRO2506_3573.jpg 2126w, https:\/\/www.degro.org\/club100\/wp-content\/uploads\/sites\/9\/2017\/08\/110_DEGRO2506_3573-300x200.jpg 300w, https:\/\/www.degro.org\/club100\/wp-content\/uploads\/sites\/9\/2017\/08\/110_DEGRO2506_3573-768x511.jpg 768w, https:\/\/www.degro.org\/club100\/wp-content\/uploads\/sites\/9\/2017\/08\/110_DEGRO2506_3573-1024x682.jpg 1024w, https:\/\/www.degro.org\/club100\/wp-content\/uploads\/sites\/9\/2017\/08\/110_DEGRO2506_3573-272x182.jpg 272w\"  class=\"so-widget-image\"\/>\n<\/div>\n\n<\/div><\/div><\/div><\/div><div class=\"panel-grid\" id=\"pg-308-1\" ><div class=\"panel-grid-cell\" id=\"pgc-308-1-0\" ><div class=\"so-panel widget widget_sow-editor panel-first-child panel-last-child\" id=\"panel-308-1-0-0\" data-index=\"4\"><div class=\"so-widget-sow-editor so-widget-sow-editor-base\">\n<div class=\"siteorigin-widget-tinymce textwidget\">\n\t<div id=\"pg-267-1\" class=\"panel-grid\">\n<div id=\"pgc-267-1-0\" class=\"panel-grid-cell\">\n<div id=\"panel-267-1-0-0\" class=\"so-panel widget widget_sow-editor panel-first-child panel-last-child\">\n<div class=\"so-widget-sow-editor so-widget-sow-editor-base\">\n<div class=\"siteorigin-widget-tinymce textwidget\">Auf der <a href=\"http:\/\/mitglieder.degro.org\/degro2015\/\"><strong>21. Jahrestagung der DEGRO<\/strong><\/a>, fanden am 27. Juni drei Symposien f\u00fcr Studenten statt: eine Session behandelte <strong>\u00a0Automatisierte Medizin,<\/strong> im Lunch-Symposium wurden <strong>Ergebnisse studentischer Forschungsprojekte im Ausland<\/strong> vorgestellt,schlie\u00dflich wurden in der dritten Sitzung \u201eTarzan meets Jane\u201c\u00a0 <strong>Zielgerichtete Substanzen in Kombination mit der Strahlentherapien<\/strong> diskutiert.<\/p>\n<p>Bereits am Donnerstag, den 25. Juni trafen sich die Mitglieder des Club 100 zum Auftakt des Get Togethers in der Industrieausstellung und nutzten die Gelegenheit sich pers\u00f6nlich auszutauschen und Kontakte zu kn\u00fcpfen.<\/p>\n<\/div>\n<\/div>\n<\/div>\n<\/div>\n<\/div>\n<\/div>\n<\/div><\/div><\/div><\/div><div class=\"panel-grid\" id=\"pg-308-2\" ><div class=\"panel-grid-cell\" id=\"pgc-308-2-0\" ><div class=\"so-panel widget widget_accordion panel-first-child panel-last-child\" id=\"panel-308-2-0-0\" data-index=\"5\"><div class=\"thim-widget-accordion thim-widget-accordion-base\">\n<div class=\"thim-widget-accordion\">\n\t<h3 class=\"widget-title\">\u00dcbersicht der Symposien und Vortr\u00e4ge<\/h3>\t<div id=\"accordion_69de51b98d3d2\" class=\"panel-group\" role=\"tablist\" aria-multiselectable=\"true\">\n\t\t<!-- List Panel -->\n\t\t\n\t\t\t<div class=\"panel panel-default\">\n\t\t\t\t<div class=\"panel-heading\" role=\"tab\" id=\"heading_accordion_69de51b98d3d2_0\">\n\t\t\t\t\t<h4 class=\"panel-title\">\n\t\t\t\t\t\t<a role=\"button\" class=\"collapsed\" data-toggle=\"collapse\" data-parent=\"#accordion_69de51b98d3d2\" href=\"#collapse_accordion_69de51b98d3d2_0\" aria-expanded=\"false\" aria-controls=\"collapse_accordion_69de51b98d3d2_0\">\n\t\t\t\t\t\t\tAutomatisierte Medizin\t\t\t\t\t\t<\/a>\n\t\t\t\t\t<\/h4>\n\t\t\t\t<\/div>\n\t\t\t\t<div id=\"collapse_accordion_69de51b98d3d2_0\" class=\"panel-collapse collapse\" role=\"tabpanel\" aria-labelledby=\"heading_accordion_69de51b98d3d2_0\">\n\t\t\t\t\t<div class=\"panel-body\">\n\t\t\t\t\t\tVorsitz: F.-J. Prott (Wiesbaden), U. Haverkamp (M\u00fcnster)\n<ul>\n<li>\nRapid Plan - wissensbasierte Planung, S. Nuss (Darmstadt)\n<\/li>\n<li>\nAutomatisierter Bestrahlungsablauf, B. Eryilmaz (Hamburg)\n<\/li>\n<li>\nAdaptive Hybrid-Chirurgie \/ Radiochirurgie, K. Kruppa (Feldkirchen)\n<\/li>\n<li>\nZukunft und Risiken der automatisierten Medizin, U. Haverkamp (M\u00fcnster)\n<\/li>\t\t\t\t\t<\/div>\n\t\t\t\t<\/div>\n\t\t\t<\/div>\n\n\t\t\n\t\t\t<div class=\"panel panel-default\">\n\t\t\t\t<div class=\"panel-heading\" role=\"tab\" id=\"heading_accordion_69de51b98d3d2_1\">\n\t\t\t\t\t<h4 class=\"panel-title\">\n\t\t\t\t\t\t<a role=\"button\" class=\"collapsed\" data-toggle=\"collapse\" data-parent=\"#accordion_69de51b98d3d2\" href=\"#collapse_accordion_69de51b98d3d2_1\" aria-expanded=\"false\" aria-controls=\"collapse_accordion_69de51b98d3d2_1\">\n\t\t\t\t\t\t\tStrahlentherapie und Onkologie im Ausland \u2013 Ergebnisse studentischer Forschungsprojekte\t\t\t\t\t\t<\/a>\n\t\t\t\t\t<\/h4>\n\t\t\t\t<\/div>\n\t\t\t\t<div id=\"collapse_accordion_69de51b98d3d2_1\" class=\"panel-collapse collapse\" role=\"tabpanel\" aria-labelledby=\"heading_accordion_69de51b98d3d2_1\">\n\t\t\t\t\t<div class=\"panel-body\">\n\t\t\t\t\t\t<ul>\n<li>\nBegr\u00fc\u00dfung und Einf\u00fchrung zur Strahlentherapie im Ausland, F.-J. Prott (Wiesbaden)\n<\/li>\n<li>\nCrossing borders changes notions, Y. Eller (Bern)\n<\/li>\n<li>\nStrahlentherapie in der Schweiz \u2013 Erfahrungsberichte eines Assistenzarztes; C. Panje (St. Gallen)\n<\/li>\n<li>\nDie Kontroverse um das Pankreaskarzinom \u2013 Eine internationale Perspektive, L. Bolm (L\u00fcbeck)\n<\/li>\n<li>\nBestrahlungstechniken bei HNO-Tumoren im internationalen Vergleich \u2013Standard oder Superlative?, L. K\u00e4smann (L\u00fcbeck)\n<\/li>\n<li>\nUnited States Medical Licensing Examination (USMLE) \u2013 Ist es die M\u00fche wert?, F.A. Giordano (Mannheim)\n<\/li>\t\t\t\t\t<\/div>\n\t\t\t\t<\/div>\n\t\t\t<\/div>\n\n\t\t\n\t\t\t<div class=\"panel panel-default\">\n\t\t\t\t<div class=\"panel-heading\" role=\"tab\" id=\"heading_accordion_69de51b98d3d2_2\">\n\t\t\t\t\t<h4 class=\"panel-title\">\n\t\t\t\t\t\t<a role=\"button\" class=\"collapsed\" data-toggle=\"collapse\" data-parent=\"#accordion_69de51b98d3d2\" href=\"#collapse_accordion_69de51b98d3d2_2\" aria-expanded=\"false\" aria-controls=\"collapse_accordion_69de51b98d3d2_2\">\n\t\t\t\t\t\t\tTarzan meets Jane\t\t\t\t\t\t<\/a>\n\t\t\t\t\t<\/h4>\n\t\t\t\t<\/div>\n\t\t\t\t<div id=\"collapse_accordion_69de51b98d3d2_2\" class=\"panel-collapse collapse\" role=\"tabpanel\" aria-labelledby=\"heading_accordion_69de51b98d3d2_2\">\n\t\t\t\t\t<div class=\"panel-body\">\n\t\t\t\t\t\tVorsitz: N. Cordes (Dresden), F. W\u00fcrschmidt (Hamburg), H. Geinitz (Linz)\n<ul>\n<li>Verleihung des PRO SCIENTIA-F\u00f6rderpreises der Eckhart Buddecke Stiftung, A. Schmidt-Buddecke (M\u00fcnster)\n<\/li>\n<li>\nPreisvortrag: Molekulares Targeting f\u00fcr Kopf-Hals-Tumore: pr\u00e4klinische Forschung l\u00e4\u00dft hoffen, N. Cordes (Dresden)\n<\/li>\n<li>\nZellzyklusmodifikation und Strahlentherapie, A. Ohnesorge (Lund), Y. Eller (Bern)\n<\/li>\n<li>\nBiomarker f\u00fcr die individualisierte Strahlentherapie, M. Krause (Dresden)\n<\/li>\n\t\t\t\t\t<\/div>\n\t\t\t\t<\/div>\n\t\t\t<\/div>\n\n\t\t\t\t<!-- End: List Panel -->\n\t<\/div>\n\n<\/div><\/div><\/div><\/div><\/div><\/div>","protected":false},"excerpt":{"rendered":"<p>#pgc-308-0-0 , #pgc-308-0-1 , #pgc-308-0-2 , #pgc-308-0-3 { width:25% } #pg-308-0 , #pg-308-1 , #pl-308 .panel-grid-cell .so-panel { margin-bottom:30px } #pg-308-0 .panel-grid-cell { float:left } #pg-308-1 .panel-grid-cell , #pg-308-2 .panel-grid-cell { float:none } #pl-308 .panel-grid-cell .so-panel:last-child { margin-bottom:0px } #pg-308-0 <\/p>\n","protected":false},"author":8,"featured_media":0,"parent":0,"menu_order":0,"comment_status":"closed","ping_status":"closed","template":"","meta":[],"_links":{"self":[{"href":"https:\/\/www.degro.org\/club100\/wp-json\/wp\/v2\/pages\/308"}],"collection":[{"href":"https:\/\/www.degro.org\/club100\/wp-json\/wp\/v2\/pages"}],"about":[{"href":"https:\/\/www.degro.org\/club100\/wp-json\/wp\/v2\/types\/page"}],"author":[{"embeddable":true,"href":"https:\/\/www.degro.org\/club100\/wp-json\/wp\/v2\/users\/8"}],"replies":[{"embeddable":true,"href":"https:\/\/www.degro.org\/club100\/wp-json\/wp\/v2\/comments?post=308"}],"version-history":[{"count":7,"href":"https:\/\/www.degro.org\/club100\/wp-json\/wp\/v2\/pages\/308\/revisions"}],"predecessor-version":[{"id":1291,"href":"https:\/\/www.degro.org\/club100\/wp-json\/wp\/v2\/pages\/308\/revisions\/1291"}],"wp:attachment":[{"href":"https:\/\/www.degro.org\/club100\/wp-json\/wp\/v2\/media?parent=308"}],"curies":[{"name":"wp","href":"https:\/\/api.w.org\/{rel}","templated":true}]}}