


{"id":285,"date":"2017-08-24T11:24:06","date_gmt":"2017-08-24T09:24:06","guid":{"rendered":"https:\/\/www.degro.org\/club100\/?page_id=285"},"modified":"2025-10-23T09:33:26","modified_gmt":"2025-10-23T07:33:26","slug":"degro-jahrestagung-2016","status":"publish","type":"page","link":"https:\/\/www.degro.org\/club100\/degro-jahrestagung-2016\/","title":{"rendered":"DEGRO Jahreskongress 2016"},"content":{"rendered":"<div id=\"pl-285\"><style scoped>#pgc-285-0-0 , #pgc-285-0-1 , #pgc-285-0-2 , #pgc-285-0-3 { width:25% } #pg-285-0 , #pg-285-1 , #pl-285 .panel-grid-cell .so-panel { margin-bottom:30px } #pg-285-0 .panel-grid-cell { float:left } #pg-285-1 .panel-grid-cell , #pg-285-2 .panel-grid-cell { float:none } #pl-285 .panel-grid-cell .so-panel:last-child { margin-bottom:0px } #pg-285-0 , #pg-285-1 , #pg-285-2 { margin-left:-15px;margin-right:-15px } #pg-285-0 .panel-grid-cell , #pg-285-1 .panel-grid-cell , #pg-285-2 .panel-grid-cell { padding-left:15px;padding-right:15px } @media (max-width:780px){ #pg-285-0 .panel-grid-cell , #pg-285-1 .panel-grid-cell , #pg-285-2 .panel-grid-cell { float:none;width:auto } #pgc-285-0-0 , #pgc-285-0-1 , #pgc-285-0-2 { margin-bottom:30px } #pl-285 .panel-grid , #pl-285 .panel-grid-cell {  } #pl-285 .panel-grid .panel-grid-cell-empty { display:none } #pl-285 .panel-grid .panel-grid-cell-mobile-last { margin-bottom:0px }  } <\/style><div class=\"panel-grid\" id=\"pg-285-0\" ><div class=\"panel-grid-cell\" id=\"pgc-285-0-0\" ><div class=\"so-panel widget widget_sow-image panel-first-child panel-last-child\" id=\"panel-285-0-0-0\" data-index=\"0\"><div class=\"so-widget-sow-image so-widget-sow-image-default-3f547a15eaaa\">\n\n<div class=\"sow-image-container\">\n\t<img src=\"https:\/\/www.degro.org\/club100\/wp-content\/uploads\/sites\/9\/2017\/08\/002_DEGRO170616_2118.jpg\" width=\"2126\" height=\"1415\" srcset=\"https:\/\/www.degro.org\/club100\/wp-content\/uploads\/sites\/9\/2017\/08\/002_DEGRO170616_2118.jpg 2126w, https:\/\/www.degro.org\/club100\/wp-content\/uploads\/sites\/9\/2017\/08\/002_DEGRO170616_2118-300x200.jpg 300w, https:\/\/www.degro.org\/club100\/wp-content\/uploads\/sites\/9\/2017\/08\/002_DEGRO170616_2118-768x511.jpg 768w, https:\/\/www.degro.org\/club100\/wp-content\/uploads\/sites\/9\/2017\/08\/002_DEGRO170616_2118-1024x682.jpg 1024w, https:\/\/www.degro.org\/club100\/wp-content\/uploads\/sites\/9\/2017\/08\/002_DEGRO170616_2118-272x182.jpg 272w\"  class=\"so-widget-image\"\/>\n<\/div>\n\n<\/div><\/div><\/div><div class=\"panel-grid-cell\" id=\"pgc-285-0-1\" ><div class=\"so-panel widget widget_sow-image panel-first-child panel-last-child\" id=\"panel-285-0-1-0\" data-index=\"1\"><div class=\"so-widget-sow-image so-widget-sow-image-default-3f547a15eaaa\">\n\n<div class=\"sow-image-container\">\n\t<img src=\"https:\/\/www.degro.org\/club100\/wp-content\/uploads\/sites\/9\/2017\/08\/54_DEGRO180616_3895.jpg\" width=\"2126\" height=\"1415\" srcset=\"https:\/\/www.degro.org\/club100\/wp-content\/uploads\/sites\/9\/2017\/08\/54_DEGRO180616_3895.jpg 2126w, https:\/\/www.degro.org\/club100\/wp-content\/uploads\/sites\/9\/2017\/08\/54_DEGRO180616_3895-300x200.jpg 300w, https:\/\/www.degro.org\/club100\/wp-content\/uploads\/sites\/9\/2017\/08\/54_DEGRO180616_3895-768x511.jpg 768w, https:\/\/www.degro.org\/club100\/wp-content\/uploads\/sites\/9\/2017\/08\/54_DEGRO180616_3895-1024x682.jpg 1024w, https:\/\/www.degro.org\/club100\/wp-content\/uploads\/sites\/9\/2017\/08\/54_DEGRO180616_3895-272x182.jpg 272w\"  class=\"so-widget-image\"\/>\n<\/div>\n\n<\/div><\/div><\/div><div class=\"panel-grid-cell\" id=\"pgc-285-0-2\" ><div class=\"so-panel widget widget_sow-image panel-first-child panel-last-child\" id=\"panel-285-0-2-0\" data-index=\"2\"><div class=\"so-widget-sow-image so-widget-sow-image-default-3f547a15eaaa\">\n\n<div class=\"sow-image-container\">\n\t<img src=\"https:\/\/www.degro.org\/club100\/wp-content\/uploads\/sites\/9\/2017\/05\/10_DEGRO180616_3537.jpg\" width=\"2126\" height=\"1415\" srcset=\"https:\/\/www.degro.org\/club100\/wp-content\/uploads\/sites\/9\/2017\/05\/10_DEGRO180616_3537.jpg 2126w, https:\/\/www.degro.org\/club100\/wp-content\/uploads\/sites\/9\/2017\/05\/10_DEGRO180616_3537-300x200.jpg 300w, https:\/\/www.degro.org\/club100\/wp-content\/uploads\/sites\/9\/2017\/05\/10_DEGRO180616_3537-768x511.jpg 768w, https:\/\/www.degro.org\/club100\/wp-content\/uploads\/sites\/9\/2017\/05\/10_DEGRO180616_3537-1024x682.jpg 1024w, https:\/\/www.degro.org\/club100\/wp-content\/uploads\/sites\/9\/2017\/05\/10_DEGRO180616_3537-272x182.jpg 272w\"  class=\"so-widget-image\"\/>\n<\/div>\n\n<\/div><\/div><\/div><div class=\"panel-grid-cell\" id=\"pgc-285-0-3\" ><div class=\"so-panel widget widget_sow-image panel-first-child panel-last-child\" id=\"panel-285-0-3-0\" data-index=\"3\"><div class=\"so-widget-sow-image so-widget-sow-image-default-3f547a15eaaa\">\n\n<div class=\"sow-image-container\">\n\t<img src=\"https:\/\/www.degro.org\/club100\/wp-content\/uploads\/sites\/9\/2017\/08\/19_DEGRO180616_3622.jpg\" width=\"2126\" height=\"1415\" srcset=\"https:\/\/www.degro.org\/club100\/wp-content\/uploads\/sites\/9\/2017\/08\/19_DEGRO180616_3622.jpg 2126w, https:\/\/www.degro.org\/club100\/wp-content\/uploads\/sites\/9\/2017\/08\/19_DEGRO180616_3622-300x200.jpg 300w, https:\/\/www.degro.org\/club100\/wp-content\/uploads\/sites\/9\/2017\/08\/19_DEGRO180616_3622-768x511.jpg 768w, https:\/\/www.degro.org\/club100\/wp-content\/uploads\/sites\/9\/2017\/08\/19_DEGRO180616_3622-1024x682.jpg 1024w, https:\/\/www.degro.org\/club100\/wp-content\/uploads\/sites\/9\/2017\/08\/19_DEGRO180616_3622-272x182.jpg 272w\"  class=\"so-widget-image\"\/>\n<\/div>\n\n<\/div><\/div><\/div><\/div><div class=\"panel-grid\" id=\"pg-285-1\" ><div class=\"panel-grid-cell\" id=\"pgc-285-1-0\" ><div class=\"so-panel widget widget_sow-editor panel-first-child panel-last-child\" id=\"panel-285-1-0-0\" data-index=\"4\"><div class=\"so-widget-sow-editor so-widget-sow-editor-base\">\n<div class=\"siteorigin-widget-tinymce textwidget\">\n\t<div id=\"pg-267-1\" class=\"panel-grid\">\n<div id=\"pgc-267-1-0\" class=\"panel-grid-cell\">\n<div id=\"panel-267-1-0-0\" class=\"so-panel widget widget_sow-editor panel-first-child panel-last-child\">\n<div class=\"so-widget-sow-editor so-widget-sow-editor-base\">\n<div class=\"siteorigin-widget-tinymce textwidget\">Auf der <a href=\"http:\/\/mitglieder.degro.org\/degro2016\/\"><strong>22. Jahrestagung der DEGRO<\/strong><\/a>, fanden am 18. Juni vier Symposien f\u00fcr Studenten statt: eine Session behandelte <strong>Ern\u00e4hrung, Bewegung und Krebs,<\/strong> im Lunch-Symposium wurde eine <strong>Onkologische Tumorkonferenz<\/strong> nachgestellt und der Therapieverlauf verschiedener onkologischer Erkrankungen vorgestellt und diskutiert, in der Sitzung \u201eTarzan meets Jane\u201c wurde der PRO SCIENTIA-F\u00f6rderpreis der Eckhart Buddecke Stiftung verliehen, schlie\u00dflich wurden in der vierten Sitzung die Thematik <strong>How to become a Facharzt<\/strong> pr\u00e4sentiert.<\/p>\n<p>Bereits am Donnerstag, den 16. Juni fand die Mitgliederversammlung unserer AG statt. Am Abend trafen sich die Mitglieder des Club 100 zum Auftakt des Get Togethers in der Industrieausstellung und nutzten die Gelegenheit sich pers\u00f6nlich auszutauschen und Kontakte zu kn\u00fcpfen.<\/p>\n<\/div>\n<\/div>\n<\/div>\n<\/div>\n<\/div>\n<\/div>\n<\/div><\/div><\/div><\/div><div class=\"panel-grid\" id=\"pg-285-2\" ><div class=\"panel-grid-cell\" id=\"pgc-285-2-0\" ><div class=\"so-panel widget widget_accordion panel-first-child panel-last-child\" id=\"panel-285-2-0-0\" data-index=\"5\"><div class=\"thim-widget-accordion thim-widget-accordion-base\">\n<div class=\"thim-widget-accordion\">\n\t<h3 class=\"widget-title\">\u00dcbersicht der Symposien und Vortr\u00e4ge<\/h3>\t<div id=\"accordion_69eb387d61a47\" class=\"panel-group\" role=\"tablist\" aria-multiselectable=\"true\">\n\t\t<!-- List Panel -->\n\t\t\n\t\t\t<div class=\"panel panel-default\">\n\t\t\t\t<div class=\"panel-heading\" role=\"tab\" id=\"heading_accordion_69eb387d61a47_0\">\n\t\t\t\t\t<h4 class=\"panel-title\">\n\t\t\t\t\t\t<a role=\"button\" class=\"collapsed\" data-toggle=\"collapse\" data-parent=\"#accordion_69eb387d61a47\" href=\"#collapse_accordion_69eb387d61a47_0\" aria-expanded=\"false\" aria-controls=\"collapse_accordion_69eb387d61a47_0\">\n\t\t\t\t\t\t\tSymposium (f\u00fcr Studenten) \u2013 Ern\u00e4hrung, Bewegung und Krebs\t\t\t\t\t\t<\/a>\n\t\t\t\t\t<\/h4>\n\t\t\t\t<\/div>\n\t\t\t\t<div id=\"collapse_accordion_69eb387d61a47_0\" class=\"panel-collapse collapse\" role=\"tabpanel\" aria-labelledby=\"heading_accordion_69eb387d61a47_0\">\n\t\t\t\t\t<div class=\"panel-body\">\n\t\t\t\t\t\tVorsitz: F.-J. Prott (Wiesbaden), U. Haverkamp (M\u00fcnster)\n<ul>\n<li>\nDas Problem mit der Nahrungsaufnahme bei Strahlentherapie, F.-J. Prott (Wiesbaden)\n<\/li>\n<li>\nDie M\u00f6glichkeiten einer Ern\u00e4hrungstherapie bei Mundschleimhautentz\u00fcndungen, Y. Leonhardt (Frankfurt\/Main)\n<\/li>\n<li>\nSupportivtherapie durch Sport und Ern\u00e4hrung, C. Voigt (Kiel)\n<\/li>\n<li>\nKrank und doch das Recht auf Genuss\n<\/li>\t\t\t\t\t<\/div>\n\t\t\t\t<\/div>\n\t\t\t<\/div>\n\n\t\t\n\t\t\t<div class=\"panel panel-default\">\n\t\t\t\t<div class=\"panel-heading\" role=\"tab\" id=\"heading_accordion_69eb387d61a47_1\">\n\t\t\t\t\t<h4 class=\"panel-title\">\n\t\t\t\t\t\t<a role=\"button\" class=\"collapsed\" data-toggle=\"collapse\" data-parent=\"#accordion_69eb387d61a47\" href=\"#collapse_accordion_69eb387d61a47_1\" aria-expanded=\"false\" aria-controls=\"collapse_accordion_69eb387d61a47_1\">\n\t\t\t\t\t\t\tLunchsymposium: Onkologische Tumorkonferenz \u2013 Vorstellung und Festlegung des Therapieverlaufes verschiedener onkologischer Erkrankungen\t\t\t\t\t\t<\/a>\n\t\t\t\t\t<\/h4>\n\t\t\t\t<\/div>\n\t\t\t\t<div id=\"collapse_accordion_69eb387d61a47_1\" class=\"panel-collapse collapse\" role=\"tabpanel\" aria-labelledby=\"heading_accordion_69eb387d61a47_1\">\n\t\t\t\t\t<div class=\"panel-body\">\n\t\t\t\t\t\tVorsitz: R. Engenhart-Cabillic (Marburg), F.-J. Prott (Wiesbaden)\n<ul>\nDiskussionsteilnehmer: B. Gabriel, Gyn\u00e4kologe; S. Farkas, Allgemein- und Viszeralchirurg; J. We\u00dfling, Radiologe; S. Trainer, Thoraxchirurg; A. Fissler-Eckhoff, Pathologin; K. Merx, H\u00e4matoonkologin\t\t\t\t\t<\/div>\n\t\t\t\t<\/div>\n\t\t\t<\/div>\n\n\t\t\n\t\t\t<div class=\"panel panel-default\">\n\t\t\t\t<div class=\"panel-heading\" role=\"tab\" id=\"heading_accordion_69eb387d61a47_2\">\n\t\t\t\t\t<h4 class=\"panel-title\">\n\t\t\t\t\t\t<a role=\"button\" class=\"collapsed\" data-toggle=\"collapse\" data-parent=\"#accordion_69eb387d61a47\" href=\"#collapse_accordion_69eb387d61a47_2\" aria-expanded=\"false\" aria-controls=\"collapse_accordion_69eb387d61a47_2\">\n\t\t\t\t\t\t\tSymposium: Tarzan meets Jane\t\t\t\t\t\t<\/a>\n\t\t\t\t\t<\/h4>\n\t\t\t\t<\/div>\n\t\t\t\t<div id=\"collapse_accordion_69eb387d61a47_2\" class=\"panel-collapse collapse\" role=\"tabpanel\" aria-labelledby=\"heading_accordion_69eb387d61a47_2\">\n\t\t\t\t\t<div class=\"panel-body\">\n\t\t\t\t\t\tVorsitz: N. Cordes (Dresden), F. W\u00fcrschmidt (Hamburg), H. Geinitz (Linz)\n<ul>\n<li>Verleihung des PRO SCIENTIA-F\u00f6rderpreises der Eckhart Buddecke Stiftung, A. Schmidt-Buddecke (M\u00fcnster)\n<\/li>\n<li>\nPreisvortrag: Molekulares Targeting f\u00fcr Kopf-Hals-Tumore: pr\u00e4klinische Forschung l\u00e4\u00dft hoffen, N. Cordes (Dresden)\n<\/li>\n<li>\nZellzyklusmodifikation und Strahlentherapie, A. Ohnesorge (Lund), Y. Eller (Bern)\n<\/li>\n<li>\nBiomarker f\u00fcr die individualisierte Strahlentherapie, M. Krause (Dresden)\n<\/li>\n\t\t\t\t\t<\/div>\n\t\t\t\t<\/div>\n\t\t\t<\/div>\n\n\t\t\n\t\t\t<div class=\"panel panel-default\">\n\t\t\t\t<div class=\"panel-heading\" role=\"tab\" id=\"heading_accordion_69eb387d61a47_3\">\n\t\t\t\t\t<h4 class=\"panel-title\">\n\t\t\t\t\t\t<a role=\"button\" class=\"collapsed\" data-toggle=\"collapse\" data-parent=\"#accordion_69eb387d61a47\" href=\"#collapse_accordion_69eb387d61a47_3\" aria-expanded=\"false\" aria-controls=\"collapse_accordion_69eb387d61a47_3\">\n\t\t\t\t\t\t\tHow to become a Facharzt\t\t\t\t\t\t<\/a>\n\t\t\t\t\t<\/h4>\n\t\t\t\t<\/div>\n\t\t\t\t<div id=\"collapse_accordion_69eb387d61a47_3\" class=\"panel-collapse collapse\" role=\"tabpanel\" aria-labelledby=\"heading_accordion_69eb387d61a47_3\">\n\t\t\t\t\t<div class=\"panel-body\">\n\t\t\t\t\t\tVorsitz: L. K\u00e4smann (L\u00fcbeck), Y. Eller (Bern), A. Ohnesorge (Lund)\n<ul>\nBrandneues Symposium mit Er\u00f6ffnungsg\u00e4sten aus \u00d6sterreich \u2013 60 Min. von gr\u00f6sstem Interesse f\u00fcr Studenten, Examensabsolventen und Jungassistenten zur fach\u00e4rztlichen Weiterbildung im internationalen Vergleich bzgl. Universit\u00e4tskliniken und Weiterbildungs-Curricula (mit Informationsmaterial), Erfahrungen und Besonderheiten \u201eaus dem N\u00e4hk\u00e4stchen\u201c mit kurzer Podiumsdiskussion. \nVortr\u00e4ge ebenfalls hinsichtlich Teilnahme externer Veranstaltungen (Fachkongresse, Teaching Courses), Lehrorganisation intern und Forschungsaktivit\u00e4t bzw. M\u00f6glichkeiten zu Erstautorenschaften w\u00e4hrend Weiterbildung.\n<ul>\n<b>\n\u00d6sterreich\n<\/b>\n<li>\nC. L\u00fctgendorf-Caucig (Wien)\n<\/li>\n<li>\nC.R. Arnold (Innsbruck)\t\t\t\n<\/li>\n<b>\nDeutschland\n<\/b>\n<li>\nS. Exner (Berlin)\n<\/li>\n<li>\nA. Gr\u00fcn (Berlin)\n<\/li>\n\t\t\t\t\t<\/div>\n\t\t\t\t<\/div>\n\t\t\t<\/div>\n\n\t\t\t\t<!-- End: List Panel -->\n\t<\/div>\n\n<\/div><\/div><\/div><\/div><\/div><\/div>","protected":false},"excerpt":{"rendered":"<p>#pgc-285-0-0 , #pgc-285-0-1 , #pgc-285-0-2 , #pgc-285-0-3 { width:25% } #pg-285-0 , #pg-285-1 , #pl-285 .panel-grid-cell .so-panel { margin-bottom:30px } #pg-285-0 .panel-grid-cell { float:left } #pg-285-1 .panel-grid-cell , #pg-285-2 .panel-grid-cell { float:none } #pl-285 .panel-grid-cell .so-panel:last-child { margin-bottom:0px } #pg-285-0 <\/p>\n","protected":false},"author":8,"featured_media":0,"parent":0,"menu_order":0,"comment_status":"closed","ping_status":"closed","template":"","meta":[],"_links":{"self":[{"href":"https:\/\/www.degro.org\/club100\/wp-json\/wp\/v2\/pages\/285"}],"collection":[{"href":"https:\/\/www.degro.org\/club100\/wp-json\/wp\/v2\/pages"}],"about":[{"href":"https:\/\/www.degro.org\/club100\/wp-json\/wp\/v2\/types\/page"}],"author":[{"embeddable":true,"href":"https:\/\/www.degro.org\/club100\/wp-json\/wp\/v2\/users\/8"}],"replies":[{"embeddable":true,"href":"https:\/\/www.degro.org\/club100\/wp-json\/wp\/v2\/comments?post=285"}],"version-history":[{"count":15,"href":"https:\/\/www.degro.org\/club100\/wp-json\/wp\/v2\/pages\/285\/revisions"}],"predecessor-version":[{"id":1292,"href":"https:\/\/www.degro.org\/club100\/wp-json\/wp\/v2\/pages\/285\/revisions\/1292"}],"wp:attachment":[{"href":"https:\/\/www.degro.org\/club100\/wp-json\/wp\/v2\/media?parent=285"}],"curies":[{"name":"wp","href":"https:\/\/api.w.org\/{rel}","templated":true}]}}