


{"id":27,"date":"2017-03-16T11:21:56","date_gmt":"2017-03-16T10:21:56","guid":{"rendered":"https:\/\/www.degro.org\/club100\/?page_id=27"},"modified":"2025-06-24T12:39:24","modified_gmt":"2025-06-24T10:39:24","slug":"patenschaftsprogramm","status":"publish","type":"page","link":"https:\/\/www.degro.org\/club100\/patenschaftsprogramm\/","title":{"rendered":"Patenschaftsprogramm"},"content":{"rendered":"<div id=\"pl-27\"><style scoped>#pg-27-0 .panel-grid-cell { float:none } #pl-27 .panel-grid-cell .so-panel { margin-bottom:30px } #pl-27 .panel-grid-cell .so-panel:last-child { margin-bottom:0px } #pg-27-0 { margin-left:-15px;margin-right:-15px } #pg-27-0 .panel-grid-cell { padding-left:15px;padding-right:15px } @media (max-width:780px){ #pg-27-0 .panel-grid-cell { float:none;width:auto } #pl-27 .panel-grid , #pl-27 .panel-grid-cell {  } #pl-27 .panel-grid .panel-grid-cell-empty { display:none } #pl-27 .panel-grid .panel-grid-cell-mobile-last { margin-bottom:0px }  } <\/style><div class=\"panel-grid\" id=\"pg-27-0\" ><div class=\"panel-grid-cell\" id=\"pgc-27-0-0\" ><div class=\"so-panel widget widget_sow-editor panel-first-child panel-last-child\" id=\"panel-27-0-0-0\" data-index=\"0\"><div class=\"so-widget-sow-editor so-widget-sow-editor-base\">\n<div class=\"siteorigin-widget-tinymce textwidget\">\n\t<h2><em>Talente f\u00fcr die Radioonkologie \u2013 Ideen f\u00fcr Morgen<\/em><\/h2>\n<div>Seit 2011 l\u00e4dt die Deutsche Gesellschaft f\u00fcr Radioonkologie unter dem Motto \"<em>Talente f\u00fcr die Radioonkologie \u2013 Ideen f\u00fcr Morgen\u201c<\/em> regelm\u00e4\u00dfig Studentinnen und Studenten, die sich f\u00fcr unser Fachgebiet interessieren, zum <a href=\"https:\/\/www.degro-kongress.org\/\">Jahreskongress<\/a> ein. Mittlerweile sind \u00fcber 100 junge Kolleginnen und Kollegen Mitglieder des Club 100 geworden, dazu haben Paten alle mit Ihrem Stipendium beigetragen.<\/div>\n<h3>Die Idee<\/h3>\n<div>Alle strahlentherapeutischen Einrichtungen sind aufgerufen, herausragende interessierte junge Mediziner\/-innen, die Ihnen in Ihrer Klinik mit gro\u00dfem Interesse f\u00fcr unser Fachgebiet aufgefallen sind, unter Zuhilfenahme des <a href=\"https:\/\/www.degro.org\/club100\/wp-content\/uploads\/sites\/9\/2025\/06\/DEGRO2026_Patenschaft_Anmeldung.pdf\"><strong>Anmeldeformulars <\/strong><\/a>zur Kongressteilnahme einzuladen. Die Kosten hierf\u00fcr werden jeweils zur H\u00e4lfte vom Leiter der strahlentherapeutischen Einrichtung und der DEGRO \u00fcbernommen.\u00a0 Nat\u00fcrlich kann ein Pate auch mehrere Studenten anmelden.<\/div>\n<div>\u00a0<\/div>\n<h3>Das Stipendium<\/h3>\n<div>Mit dieser Patenschaft wird den Stipendiaten eine kostenfreie Teilnahme Jahreskongress erm\u00f6glicht. Ein zielgenaues Kongressangebot eigens f\u00fcr Studierende rundet das Programm ab. Stipendiaten werden automatisch mit der Anmeldung zum Patenschaftsprogramm in den Club 100 aufgenommen. Die Mitgliedschaft erlischt ein Jahr nach Beendigung des Studiums.<\/div>\n<div>\u00a0<\/div>\n<h4><a href=\"https:\/\/www.degro.org\/club100\/informationen-fuer-paten\/\"><strong>Informationen f\u00fcr Paten und F\u00f6rder<\/strong><\/a><\/h4>\n<h4><a href=\"https:\/\/www.degro.org\/club100\/informationen-fuer-stipendiaten\/\"><strong>Informationen f\u00fcr Stipendiaten<\/strong><\/a><\/h4>\n<div>\u00a0<\/div>\n<\/div>\n<\/div><\/div><\/div><\/div><\/div>","protected":false},"excerpt":{"rendered":"<p>#pg-27-0 .panel-grid-cell { float:none } #pl-27 .panel-grid-cell .so-panel { margin-bottom:30px } #pl-27 .panel-grid-cell .so-panel:last-child { margin-bottom:0px } #pg-27-0 { margin-left:-15px;margin-right:-15px } #pg-27-0 .panel-grid-cell { padding-left:15px;padding-right:15px } @media (max-width:780px){ #pg-27-0 .panel-grid-cell { float:none;width:auto } #pl-27 .panel-grid , #pl-27 .panel-grid-cell {  <\/p>\n","protected":false},"author":3,"featured_media":0,"parent":0,"menu_order":0,"comment_status":"closed","ping_status":"closed","template":"","meta":[],"_links":{"self":[{"href":"https:\/\/www.degro.org\/club100\/wp-json\/wp\/v2\/pages\/27"}],"collection":[{"href":"https:\/\/www.degro.org\/club100\/wp-json\/wp\/v2\/pages"}],"about":[{"href":"https:\/\/www.degro.org\/club100\/wp-json\/wp\/v2\/types\/page"}],"author":[{"embeddable":true,"href":"https:\/\/www.degro.org\/club100\/wp-json\/wp\/v2\/users\/3"}],"replies":[{"embeddable":true,"href":"https:\/\/www.degro.org\/club100\/wp-json\/wp\/v2\/comments?post=27"}],"version-history":[{"count":15,"href":"https:\/\/www.degro.org\/club100\/wp-json\/wp\/v2\/pages\/27\/revisions"}],"predecessor-version":[{"id":728,"href":"https:\/\/www.degro.org\/club100\/wp-json\/wp\/v2\/pages\/27\/revisions\/728"}],"wp:attachment":[{"href":"https:\/\/www.degro.org\/club100\/wp-json\/wp\/v2\/media?parent=27"}],"curies":[{"name":"wp","href":"https:\/\/api.w.org\/{rel}","templated":true}]}}