


{"id":267,"date":"2017-08-24T10:44:22","date_gmt":"2017-08-24T08:44:22","guid":{"rendered":"https:\/\/www.degro.org\/club100\/?page_id=267"},"modified":"2025-10-23T09:33:49","modified_gmt":"2025-10-23T07:33:49","slug":"degro-jahrestagung-2017","status":"publish","type":"page","link":"https:\/\/www.degro.org\/club100\/degro-jahrestagung-2017\/","title":{"rendered":"DEGRO Jahreskongress 2017"},"content":{"rendered":"<div id=\"pl-267\"><style scoped>#pgc-267-0-0 , #pgc-267-0-1 , #pgc-267-0-2 , #pgc-267-0-3 { width:25% } #pg-267-0 , #pg-267-1 , #pl-267 .panel-grid-cell .so-panel { margin-bottom:30px } #pg-267-0 .panel-grid-cell { float:left } #pg-267-1 .panel-grid-cell , #pg-267-2 .panel-grid-cell { float:none } #pl-267 .panel-grid-cell .so-panel:last-child { margin-bottom:0px } #pg-267-0 , #pg-267-1 , #pg-267-2 { margin-left:-15px;margin-right:-15px } #pg-267-0 .panel-grid-cell , #pg-267-1 .panel-grid-cell , #pg-267-2 .panel-grid-cell { padding-left:15px;padding-right:15px } @media (max-width:780px){ #pg-267-0 .panel-grid-cell , #pg-267-1 .panel-grid-cell , #pg-267-2 .panel-grid-cell { float:none;width:auto } #pgc-267-0-0 , #pgc-267-0-1 , #pgc-267-0-2 { margin-bottom:30px } #pl-267 .panel-grid , #pl-267 .panel-grid-cell {  } #pl-267 .panel-grid .panel-grid-cell-empty { display:none } #pl-267 .panel-grid .panel-grid-cell-mobile-last { margin-bottom:0px }  } <\/style><div class=\"panel-grid\" id=\"pg-267-0\" ><div class=\"panel-grid-cell\" id=\"pgc-267-0-0\" ><div class=\"so-panel widget widget_sow-image panel-first-child panel-last-child\" id=\"panel-267-0-0-0\" data-index=\"0\"><div class=\"so-widget-sow-image so-widget-sow-image-default-3f547a15eaaa\">\n\n<div class=\"sow-image-container\">\n\t<img src=\"https:\/\/www.degro.org\/club100\/wp-content\/uploads\/sites\/9\/2017\/08\/Club-100.jpg\" width=\"1200\" height=\"799\" srcset=\"https:\/\/www.degro.org\/club100\/wp-content\/uploads\/sites\/9\/2017\/08\/Club-100.jpg 1200w, https:\/\/www.degro.org\/club100\/wp-content\/uploads\/sites\/9\/2017\/08\/Club-100-300x200.jpg 300w, https:\/\/www.degro.org\/club100\/wp-content\/uploads\/sites\/9\/2017\/08\/Club-100-768x511.jpg 768w, https:\/\/www.degro.org\/club100\/wp-content\/uploads\/sites\/9\/2017\/08\/Club-100-1024x682.jpg 1024w, https:\/\/www.degro.org\/club100\/wp-content\/uploads\/sites\/9\/2017\/08\/Club-100-272x182.jpg 272w\" title=\"Club 100\"  class=\"so-widget-image\"\/>\n<\/div>\n\n<\/div><\/div><\/div><div class=\"panel-grid-cell\" id=\"pgc-267-0-1\" ><div class=\"so-panel widget widget_sow-image panel-first-child panel-last-child\" id=\"panel-267-0-1-0\" data-index=\"1\"><div class=\"so-widget-sow-image so-widget-sow-image-default-3f547a15eaaa\">\n\n<div class=\"sow-image-container\">\n\t<img src=\"https:\/\/www.degro.org\/club100\/wp-content\/uploads\/sites\/9\/2017\/08\/Poster.jpg\" width=\"1200\" height=\"799\" srcset=\"https:\/\/www.degro.org\/club100\/wp-content\/uploads\/sites\/9\/2017\/08\/Poster.jpg 1200w, https:\/\/www.degro.org\/club100\/wp-content\/uploads\/sites\/9\/2017\/08\/Poster-300x200.jpg 300w, https:\/\/www.degro.org\/club100\/wp-content\/uploads\/sites\/9\/2017\/08\/Poster-768x511.jpg 768w, https:\/\/www.degro.org\/club100\/wp-content\/uploads\/sites\/9\/2017\/08\/Poster-1024x682.jpg 1024w, https:\/\/www.degro.org\/club100\/wp-content\/uploads\/sites\/9\/2017\/08\/Poster-272x182.jpg 272w\"  class=\"so-widget-image\"\/>\n<\/div>\n\n<\/div><\/div><\/div><div class=\"panel-grid-cell\" id=\"pgc-267-0-2\" ><div class=\"so-panel widget widget_sow-image panel-first-child panel-last-child\" id=\"panel-267-0-2-0\" data-index=\"2\"><div class=\"so-widget-sow-image so-widget-sow-image-default-3f547a15eaaa\">\n\n<div class=\"sow-image-container\">\n\t<img src=\"https:\/\/www.degro.org\/club100\/wp-content\/uploads\/sites\/9\/2017\/08\/Vortagssaal.jpg\" width=\"1200\" height=\"802\" srcset=\"https:\/\/www.degro.org\/club100\/wp-content\/uploads\/sites\/9\/2017\/08\/Vortagssaal.jpg 1200w, https:\/\/www.degro.org\/club100\/wp-content\/uploads\/sites\/9\/2017\/08\/Vortagssaal-300x201.jpg 300w, https:\/\/www.degro.org\/club100\/wp-content\/uploads\/sites\/9\/2017\/08\/Vortagssaal-768x513.jpg 768w, https:\/\/www.degro.org\/club100\/wp-content\/uploads\/sites\/9\/2017\/08\/Vortagssaal-1024x684.jpg 1024w, https:\/\/www.degro.org\/club100\/wp-content\/uploads\/sites\/9\/2017\/08\/Vortagssaal-272x182.jpg 272w\"  class=\"so-widget-image\"\/>\n<\/div>\n\n<\/div><\/div><\/div><div class=\"panel-grid-cell\" id=\"pgc-267-0-3\" ><div class=\"so-panel widget widget_sow-image panel-first-child panel-last-child\" id=\"panel-267-0-3-0\" data-index=\"3\"><div class=\"so-widget-sow-image so-widget-sow-image-default-3f547a15eaaa\">\n\n<div class=\"sow-image-container\">\n\t<img src=\"https:\/\/www.degro.org\/club100\/wp-content\/uploads\/sites\/9\/2017\/08\/Kongresspr\u00e4sidenten_2017.jpg\" width=\"3000\" height=\"1997\" srcset=\"https:\/\/www.degro.org\/club100\/wp-content\/uploads\/sites\/9\/2017\/08\/Kongresspr\u00e4sidenten_2017.jpg 3000w, https:\/\/www.degro.org\/club100\/wp-content\/uploads\/sites\/9\/2017\/08\/Kongresspr\u00e4sidenten_2017-300x200.jpg 300w, https:\/\/www.degro.org\/club100\/wp-content\/uploads\/sites\/9\/2017\/08\/Kongresspr\u00e4sidenten_2017-768x511.jpg 768w, https:\/\/www.degro.org\/club100\/wp-content\/uploads\/sites\/9\/2017\/08\/Kongresspr\u00e4sidenten_2017-1024x682.jpg 1024w, https:\/\/www.degro.org\/club100\/wp-content\/uploads\/sites\/9\/2017\/08\/Kongresspr\u00e4sidenten_2017-272x182.jpg 272w\"  class=\"so-widget-image\"\/>\n<\/div>\n\n<\/div><\/div><\/div><\/div><div class=\"panel-grid\" id=\"pg-267-1\" ><div class=\"panel-grid-cell\" id=\"pgc-267-1-0\" ><div class=\"so-panel widget widget_sow-editor panel-first-child panel-last-child\" id=\"panel-267-1-0-0\" data-index=\"4\"><div class=\"so-widget-sow-editor so-widget-sow-editor-base\">\n<div class=\"siteorigin-widget-tinymce textwidget\">\n\t<p>Auf der <a href=\"http:\/\/www.degro2017.mci-berlin.de\/\"><strong>23. Jahrestagung der DEGRO<\/strong><\/a>, fanden am 17. Juni vier Symposien f\u00fcr Studenten statt: eine Session behandelte <strong>Gefahren und M\u00f6glichkeiten der Cyber-Medizin<\/strong>, im Lunch-Symposium wurde ein <strong>Ausblick der Strahlentherapie<\/strong> der Zukunft gegeben, in der Sitzung \u201eTarzan meets Jane\u201c wurde das Thema Strahlenresistenz diskutiert, schlie\u00dflich wurden in der vierten Sitzung <strong>Karriere-Wege in der Radioonkologie<\/strong> pr\u00e4sentiert.<\/p>\n<p>Bereits am Donnerstag, den 15. Juni fand die Mitgliederversammlung unserer AG statt. Am Abend trafen sich die Mitglieder des Club 100 zum Auftakt des Get Togethers in der Industrieausstellung und nutzten die Gelegenheit sich pers\u00f6nlich auszutauschen und Kontakte zu kn\u00fcpfen.<\/p>\n<\/div>\n<\/div><\/div><\/div><\/div><div class=\"panel-grid\" id=\"pg-267-2\" ><div class=\"panel-grid-cell\" id=\"pgc-267-2-0\" ><div class=\"so-panel widget widget_accordion panel-first-child panel-last-child\" id=\"panel-267-2-0-0\" data-index=\"5\"><div class=\"thim-widget-accordion thim-widget-accordion-base\">\n<div class=\"thim-widget-accordion\">\n\t<h3 class=\"widget-title\">\u00dcbersicht der Symposien und Vortr\u00e4ge<\/h3>\t<div id=\"accordion_69e29e7e03364\" class=\"panel-group\" role=\"tablist\" aria-multiselectable=\"true\">\n\t\t<!-- List Panel -->\n\t\t\n\t\t\t<div class=\"panel panel-default\">\n\t\t\t\t<div class=\"panel-heading\" role=\"tab\" id=\"heading_accordion_69e29e7e03364_0\">\n\t\t\t\t\t<h4 class=\"panel-title\">\n\t\t\t\t\t\t<a role=\"button\" class=\"collapsed\" data-toggle=\"collapse\" data-parent=\"#accordion_69e29e7e03364\" href=\"#collapse_accordion_69e29e7e03364_0\" aria-expanded=\"false\" aria-controls=\"collapse_accordion_69e29e7e03364_0\">\n\t\t\t\t\t\t\tGefahren und M\u00f6glichkeiten der Cyber-Medizin\t\t\t\t\t\t<\/a>\n\t\t\t\t\t<\/h4>\n\t\t\t\t<\/div>\n\t\t\t\t<div id=\"collapse_accordion_69e29e7e03364_0\" class=\"panel-collapse collapse\" role=\"tabpanel\" aria-labelledby=\"heading_accordion_69e29e7e03364_0\">\n\t\t\t\t\t<div class=\"panel-body\">\n\t\t\t\t\t\tVorsitzende: U. Haverkamp (M\u00fcnster), F.-J. Prott (Wiesbaden)\n<ul>\n<li>\n Cyberangriff in der Medizin, M. Gierling (M\u00fcnster)\n<\/li>\n<li>\nAutomatisierung in der Medizin (Brainlab), U. Beifuss (M\u00fcnchen) \n<\/li>\n<li>\nAutomatisierte Patientenleitsysteme (OPASCA), A. Swerdlow (Mannheim) \n<\/li>\n<li>\neHealth in der Versorgungsforschung der Radioonkologie, L. K\u00e4smann (L\u00fcbeck)\n<\/li>\n\n\t\t\t\t\t<\/div>\n\t\t\t\t<\/div>\n\t\t\t<\/div>\n\n\t\t\n\t\t\t<div class=\"panel panel-default\">\n\t\t\t\t<div class=\"panel-heading\" role=\"tab\" id=\"heading_accordion_69e29e7e03364_1\">\n\t\t\t\t\t<h4 class=\"panel-title\">\n\t\t\t\t\t\t<a role=\"button\" class=\"collapsed\" data-toggle=\"collapse\" data-parent=\"#accordion_69e29e7e03364\" href=\"#collapse_accordion_69e29e7e03364_1\" aria-expanded=\"false\" aria-controls=\"collapse_accordion_69e29e7e03364_1\">\n\t\t\t\t\t\t\tLunchsymposium f\u00fcr Studenten\t\t\t\t\t\t<\/a>\n\t\t\t\t\t<\/h4>\n\t\t\t\t<\/div>\n\t\t\t\t<div id=\"collapse_accordion_69e29e7e03364_1\" class=\"panel-collapse collapse\" role=\"tabpanel\" aria-labelledby=\"heading_accordion_69e29e7e03364_1\">\n\t\t\t\t\t<div class=\"panel-body\">\n\t\t\t\t\t\tVorsitz: H. T. Eich (M\u00fcnster), C. Carl (Bremen)\n<ul>\n<li>\nDie Entwicklung der deutschen Strahlentherapie \u2013 wie ich sie erlebt habe, R. Sauer (Erlangen)\n<\/li>\n<li>\nIndividualisierte Medizinversorgung  (Vertreter der Firma ACCURAY), A. Gr\u00fcn (Berlin)\n<\/li>\n<li>\nBig Data (Vertreter der Firma Vamed), F. Wrede (Berlin)\n<\/li>\n<li>\nAusblicke \u2013 Strahlentherapie der Zukunft, D. Schmitt (Heidelberg)\n<\/li>\t\t\t\t\t<\/div>\n\t\t\t\t<\/div>\n\t\t\t<\/div>\n\n\t\t\n\t\t\t<div class=\"panel panel-default\">\n\t\t\t\t<div class=\"panel-heading\" role=\"tab\" id=\"heading_accordion_69e29e7e03364_2\">\n\t\t\t\t\t<h4 class=\"panel-title\">\n\t\t\t\t\t\t<a role=\"button\" class=\"collapsed\" data-toggle=\"collapse\" data-parent=\"#accordion_69e29e7e03364\" href=\"#collapse_accordion_69e29e7e03364_2\" aria-expanded=\"false\" aria-controls=\"collapse_accordion_69e29e7e03364_2\">\n\t\t\t\t\t\t\tKarrierewege in der Radioonkologie\t\t\t\t\t\t<\/a>\n\t\t\t\t\t<\/h4>\n\t\t\t\t<\/div>\n\t\t\t\t<div id=\"collapse_accordion_69e29e7e03364_2\" class=\"panel-collapse collapse\" role=\"tabpanel\" aria-labelledby=\"heading_accordion_69e29e7e03364_2\">\n\t\t\t\t\t<div class=\"panel-body\">\n\t\t\t\t\t\tVorsitz: R. Engenhart-Cabillic (Marburg), S. Combs (M\u00fcnchen), C. Ostheimer, jDEGRO (Halle\/Saale)\n<ul>\n<li>\nWas erwarte ich von einer Karriere in der Radioonkologie, C. Ostheimer (Halle\/Saale)\n<\/li>\n<li>Wie plane ich meine Karriere?\n<\/li>\n<li>M\u00f6gliche Karrierewege nach dem Facharzt, C. Henkenberens (Hannover)\n<\/li>\n<li>\nVereinbarkeit von Beruf und Familie in der Radioonkologie, H. Vorwerk (Marburg)<\/li>\n<\/li>\t\t\t\t\t<\/div>\n\t\t\t\t<\/div>\n\t\t\t<\/div>\n\n\t\t\n\t\t\t<div class=\"panel panel-default\">\n\t\t\t\t<div class=\"panel-heading\" role=\"tab\" id=\"heading_accordion_69e29e7e03364_3\">\n\t\t\t\t\t<h4 class=\"panel-title\">\n\t\t\t\t\t\t<a role=\"button\" class=\"collapsed\" data-toggle=\"collapse\" data-parent=\"#accordion_69e29e7e03364\" href=\"#collapse_accordion_69e29e7e03364_3\" aria-expanded=\"false\" aria-controls=\"collapse_accordion_69e29e7e03364_3\">\n\t\t\t\t\t\t\tVortragssitzung Club 100 - Vorstellung der wissenschaftlichen Arbeiten von Studenten f\u00fcr Studenten\t\t\t\t\t\t<\/a>\n\t\t\t\t\t<\/h4>\n\t\t\t\t<\/div>\n\t\t\t\t<div id=\"collapse_accordion_69e29e7e03364_3\" class=\"panel-collapse collapse\" role=\"tabpanel\" aria-labelledby=\"heading_accordion_69e29e7e03364_3\">\n\t\t\t\t\t<div class=\"panel-body\">\n\t\t\t\t\t\tVorsitz: L. Bolm (L\u00fcbeck), L. K\u00e4smann, jDEGRO (L\u00fcbeck)\n<ul>\n<li>\nRadiosensibilisierung von mesenchymalen Stammzellen durch Cisplatin, A. R\u00fchle (Heidelberg)\n<\/li>\n<li>\nPrognostic value of inflammation-based markers in limited disease small-cell lung cancer (LD-SCLC), L. K\u00e4smann (L\u00fcbeck)\n<\/li>\n<li>\nSetup for tumor growth delay studies in small animals for low energy x-rays and small irradiation fields. A. Hunger (M\u00fcnchen)\n<\/li>\n<li>\nLangzeit-Blutbildver\u00e4nderungen nach intraoperativer Radiotherapie mit und ohne Ganzbrustbestrahlung beim Mammakarzinom, C. Wersal (Mannheim)\n<\/li>\n<li>\nUltrastrukturelle Untersuchung von DoppelstrangbruchReparaturfoci mit superhochaufl\u00f6sender Mikroskopie, M. Frister (Heidelberg)\n<\/li>\n\n\t\t\t\t\t<\/div>\n\t\t\t\t<\/div>\n\t\t\t<\/div>\n\n\t\t\t\t<!-- End: List Panel -->\n\t<\/div>\n\n<\/div><\/div><\/div><\/div><\/div><\/div>","protected":false},"excerpt":{"rendered":"<p>#pgc-267-0-0 , #pgc-267-0-1 , #pgc-267-0-2 , #pgc-267-0-3 { width:25% } #pg-267-0 , #pg-267-1 , #pl-267 .panel-grid-cell .so-panel { margin-bottom:30px } #pg-267-0 .panel-grid-cell { float:left } #pg-267-1 .panel-grid-cell , #pg-267-2 .panel-grid-cell { float:none } #pl-267 .panel-grid-cell .so-panel:last-child { margin-bottom:0px } #pg-267-0 <\/p>\n","protected":false},"author":8,"featured_media":0,"parent":0,"menu_order":0,"comment_status":"closed","ping_status":"closed","template":"","meta":[],"_links":{"self":[{"href":"https:\/\/www.degro.org\/club100\/wp-json\/wp\/v2\/pages\/267"}],"collection":[{"href":"https:\/\/www.degro.org\/club100\/wp-json\/wp\/v2\/pages"}],"about":[{"href":"https:\/\/www.degro.org\/club100\/wp-json\/wp\/v2\/types\/page"}],"author":[{"embeddable":true,"href":"https:\/\/www.degro.org\/club100\/wp-json\/wp\/v2\/users\/8"}],"replies":[{"embeddable":true,"href":"https:\/\/www.degro.org\/club100\/wp-json\/wp\/v2\/comments?post=267"}],"version-history":[{"count":14,"href":"https:\/\/www.degro.org\/club100\/wp-json\/wp\/v2\/pages\/267\/revisions"}],"predecessor-version":[{"id":1293,"href":"https:\/\/www.degro.org\/club100\/wp-json\/wp\/v2\/pages\/267\/revisions\/1293"}],"wp:attachment":[{"href":"https:\/\/www.degro.org\/club100\/wp-json\/wp\/v2\/media?parent=267"}],"curies":[{"name":"wp","href":"https:\/\/api.w.org\/{rel}","templated":true}]}}