


{"id":225,"date":"2017-08-14T15:56:32","date_gmt":"2017-08-14T13:56:32","guid":{"rendered":"https:\/\/www.degro.org\/club100\/?page_id=225"},"modified":"2018-04-10T12:25:11","modified_gmt":"2018-04-10T10:25:11","slug":"aktuelles","status":"publish","type":"page","link":"https:\/\/www.degro.org\/club100\/aktuelles\/","title":{"rendered":"Fortbildungsreise 2017"},"content":{"rendered":"<div id=\"pl-225\"><style scoped>#pg-225-0 , #pl-225 .panel-grid-cell .so-panel { margin-bottom:30px } #pg-225-0 .panel-grid-cell { float:none } #pgc-225-1-0 , #pgc-225-1-1 , #pgc-225-1-2 { width:33.333% } #pg-225-1 .panel-grid-cell { float:left } #pl-225 .panel-grid-cell .so-panel:last-child { margin-bottom:0px } #pg-225-0 , #pg-225-1 { margin-left:-15px;margin-right:-15px } #pg-225-0 .panel-grid-cell , #pg-225-1 .panel-grid-cell { padding-left:15px;padding-right:15px } @media (max-width:780px){ #pg-225-0 .panel-grid-cell , #pg-225-1 .panel-grid-cell { float:none;width:auto } #pgc-225-1-0 , #pgc-225-1-1 { margin-bottom:30px } #pl-225 .panel-grid , #pl-225 .panel-grid-cell {  } #pl-225 .panel-grid .panel-grid-cell-empty { display:none } #pl-225 .panel-grid .panel-grid-cell-mobile-last { margin-bottom:0px }  } <\/style><div class=\"panel-grid\" id=\"pg-225-0\" ><div class=\"panel-grid-cell\" id=\"pgc-225-0-0\" ><div class=\"so-panel widget widget_sow-editor panel-first-child panel-last-child\" id=\"panel-225-0-0-0\" data-index=\"0\"><div class=\"so-widget-sow-editor so-widget-sow-editor-base\"><h3 class=\"widget-title\">Fortbildungsreise nach Berlin, Oktober 2017<\/h3>\n<div class=\"siteorigin-widget-tinymce textwidget\">\n\t<p>Im Oktober 2017 hat uns unsere Fortbildungsreise nach Berlin gef\u00fchrt. Am 27. Oktober durften wir die Firma Eckert&amp;Ziegler BEBIG in Berlin-Buch besichtigen. Eckert&amp;Ziegler ist einer der f\u00fchrenden Hersteller Deutschlands f\u00fcr radioaktive Substanzen im medizinischen Bereich sowie die daf\u00fcr zur Verwendung kommenden Brachytherapieger\u00e4te. Anschlie\u00dfend konnte wir die Zeit nutzen um die Hauptstadt auf eigene Faust zu erkunden. Am Abend trafen wir uns zu einem gemeinsamen Abendessen im gem\u00fctlichen Restaurant Augustiner am Gendarmenmakrt in Mitte. Am Samstag stand uns der Vormittag nochmals f\u00fcr Sightseeing und Shopping uzur Verf\u00fcgung. Am Mittag trafen wir uns am\u00a0 Medizinhistorischen Museum der Charit\u00e9e\u00a0 um die Sonderausstellung \"<em>Hieb&amp;Stich - dem Verbrechen auf der Spur\"\u00a0<\/em>zu besuchen. Anschlie\u00dfend traten wir die R\u00fcckreise an.<\/p>\n<p>Eine \u00dcbersicht des Programms finden Sie <a href=\"\/\/www.degro.org\/club100\/wp-content\/uploads\/sites\/9\/2017\/10\/Final-Agenda-Besuch-EckertZiegler-27.10.17.pdf\">hier<\/a>.<\/p>\n<\/div>\n<\/div><\/div><\/div><\/div><div class=\"panel-grid\" id=\"pg-225-1\" ><div class=\"panel-grid-cell\" id=\"pgc-225-1-0\" ><div class=\"so-panel widget widget_sow-image panel-first-child panel-last-child\" id=\"panel-225-1-0-0\" data-index=\"1\"><div class=\"so-widget-sow-image so-widget-sow-image-default-3f547a15eaaa\">\n\n<div class=\"sow-image-container\">\n\t<img src=\"https:\/\/www.degro.org\/club100\/wp-content\/uploads\/sites\/9\/2017\/11\/IMG_7297-300x225.jpg\" width=\"300\" height=\"225\" srcset=\"https:\/\/www.degro.org\/club100\/wp-content\/uploads\/sites\/9\/2017\/11\/IMG_7297-300x225.jpg 300w, https:\/\/www.degro.org\/club100\/wp-content\/uploads\/sites\/9\/2017\/11\/IMG_7297-768x576.jpg 768w, https:\/\/www.degro.org\/club100\/wp-content\/uploads\/sites\/9\/2017\/11\/IMG_7297-1024x768.jpg 1024w\"  class=\"so-widget-image\"\/>\n<\/div>\n\n<\/div><\/div><\/div><div class=\"panel-grid-cell\" id=\"pgc-225-1-1\" ><div class=\"so-panel widget widget_sow-image panel-first-child panel-last-child\" id=\"panel-225-1-1-0\" data-index=\"2\"><div class=\"so-widget-sow-image so-widget-sow-image-default-3f547a15eaaa\">\n\n<div class=\"sow-image-container\">\n\t<img src=\"https:\/\/www.degro.org\/club100\/wp-content\/uploads\/sites\/9\/2017\/11\/IMG_7310.jpg\" width=\"4032\" height=\"3024\" srcset=\"https:\/\/www.degro.org\/club100\/wp-content\/uploads\/sites\/9\/2017\/11\/IMG_7310.jpg 4032w, https:\/\/www.degro.org\/club100\/wp-content\/uploads\/sites\/9\/2017\/11\/IMG_7310-300x225.jpg 300w, https:\/\/www.degro.org\/club100\/wp-content\/uploads\/sites\/9\/2017\/11\/IMG_7310-768x576.jpg 768w, https:\/\/www.degro.org\/club100\/wp-content\/uploads\/sites\/9\/2017\/11\/IMG_7310-1024x768.jpg 1024w\"  class=\"so-widget-image\"\/>\n<\/div>\n\n<\/div><\/div><\/div><div class=\"panel-grid-cell\" id=\"pgc-225-1-2\" ><div class=\"so-panel widget widget_sow-image panel-first-child panel-last-child\" id=\"panel-225-1-2-0\" data-index=\"3\"><div class=\"so-widget-sow-image so-widget-sow-image-default-3f547a15eaaa\">\n\n<div class=\"sow-image-container\">\n\t<img src=\"https:\/\/www.degro.org\/club100\/wp-content\/uploads\/sites\/9\/2017\/11\/IMG_7306.jpg\" width=\"4032\" height=\"3024\" srcset=\"https:\/\/www.degro.org\/club100\/wp-content\/uploads\/sites\/9\/2017\/11\/IMG_7306.jpg 4032w, https:\/\/www.degro.org\/club100\/wp-content\/uploads\/sites\/9\/2017\/11\/IMG_7306-300x225.jpg 300w, https:\/\/www.degro.org\/club100\/wp-content\/uploads\/sites\/9\/2017\/11\/IMG_7306-768x576.jpg 768w, https:\/\/www.degro.org\/club100\/wp-content\/uploads\/sites\/9\/2017\/11\/IMG_7306-1024x768.jpg 1024w\"  class=\"so-widget-image\"\/>\n<\/div>\n\n<\/div><\/div><\/div><\/div><\/div>","protected":false},"excerpt":{"rendered":"<p>#pg-225-0 , #pl-225 .panel-grid-cell .so-panel { margin-bottom:30px } #pg-225-0 .panel-grid-cell { float:none } #pgc-225-1-0 , #pgc-225-1-1 , #pgc-225-1-2 { width:33.333% } #pg-225-1 .panel-grid-cell { float:left } #pl-225 .panel-grid-cell .so-panel:last-child { margin-bottom:0px } #pg-225-0 , #pg-225-1 { margin-left:-15px;margin-right:-15px } #pg-225-0 .panel-grid-cell <\/p>\n","protected":false},"author":8,"featured_media":0,"parent":0,"menu_order":0,"comment_status":"closed","ping_status":"closed","template":"","meta":[],"_links":{"self":[{"href":"https:\/\/www.degro.org\/club100\/wp-json\/wp\/v2\/pages\/225"}],"collection":[{"href":"https:\/\/www.degro.org\/club100\/wp-json\/wp\/v2\/pages"}],"about":[{"href":"https:\/\/www.degro.org\/club100\/wp-json\/wp\/v2\/types\/page"}],"author":[{"embeddable":true,"href":"https:\/\/www.degro.org\/club100\/wp-json\/wp\/v2\/users\/8"}],"replies":[{"embeddable":true,"href":"https:\/\/www.degro.org\/club100\/wp-json\/wp\/v2\/comments?post=225"}],"version-history":[{"count":14,"href":"https:\/\/www.degro.org\/club100\/wp-json\/wp\/v2\/pages\/225\/revisions"}],"predecessor-version":[{"id":413,"href":"https:\/\/www.degro.org\/club100\/wp-json\/wp\/v2\/pages\/225\/revisions\/413"}],"wp:attachment":[{"href":"https:\/\/www.degro.org\/club100\/wp-json\/wp\/v2\/media?parent=225"}],"curies":[{"name":"wp","href":"https:\/\/api.w.org\/{rel}","templated":true}]}}