


{"id":2,"date":"2017-03-02T19:03:13","date_gmt":"2017-03-02T18:03:13","guid":{"rendered":"https:\/\/www.degro.org\/club100\/?page_id=2"},"modified":"2025-06-24T11:54:45","modified_gmt":"2025-06-24T09:54:45","slug":"beispiel-seite","status":"publish","type":"page","link":"https:\/\/www.degro.org\/club100\/","title":{"rendered":"\u00dcber uns"},"content":{"rendered":"<div id=\"pl-2\"><style scoped>#pg-2-0 .panel-grid-cell { float:none } #pl-2 .panel-grid-cell .so-panel { margin-bottom:30px } #pl-2 .panel-grid-cell .so-panel:last-child { margin-bottom:0px } #pg-2-0 { margin-left:-15px;margin-right:-15px } #pg-2-0 .panel-grid-cell { padding-left:15px;padding-right:15px } @media (max-width:780px){ #pg-2-0 .panel-grid-cell { float:none;width:auto } #pl-2 .panel-grid , #pl-2 .panel-grid-cell {  } #pl-2 .panel-grid .panel-grid-cell-empty { display:none } #pl-2 .panel-grid .panel-grid-cell-mobile-last { margin-bottom:0px }  } <\/style><div class=\"panel-grid\" id=\"pg-2-0\" ><div class=\"panel-grid-cell\" id=\"pgc-2-0-0\" ><div class=\"so-panel widget widget_heading panel-first-child\" id=\"panel-2-0-0-0\" data-index=\"0\"><div class=\"thim-widget-heading thim-widget-heading-base\"><div class=\"sc_heading text-left\"><h3 class=\"title\">Herzlich willkommen bei der AG Studenten\/Club 100!<\/h3><span class=\"line\"><\/span><\/div><\/div><\/div><div class=\"so-panel widget widget_sow-image\" id=\"panel-2-0-0-1\" data-index=\"1\"><div class=\"so-widget-sow-image so-widget-sow-image-default-1c389ca87c1a\">\n\n<div class=\"sow-image-container\">\n\t<img src=\"https:\/\/www.degro.org\/club100\/wp-content\/uploads\/sites\/9\/2025\/06\/Club100_2025.jpg\" width=\"605\" height=\"248\" srcset=\"https:\/\/www.degro.org\/club100\/wp-content\/uploads\/sites\/9\/2025\/06\/Club100_2025.jpg 605w, https:\/\/www.degro.org\/club100\/wp-content\/uploads\/sites\/9\/2025\/06\/Club100_2025-300x123.jpg 300w\"  class=\"so-widget-image\"\/>\n<\/div>\n\n<\/div><\/div><div class=\"so-panel widget widget_sow-editor panel-last-child\" id=\"panel-2-0-0-2\" data-index=\"2\"><div class=\"so-widget-sow-editor so-widget-sow-editor-base\">\n<div class=\"siteorigin-widget-tinymce textwidget\">\n\t<p>Seit 2011 engagiert sich die Deutsche Gesellschaft f\u00fcr Radioonkologie aktiv f\u00fcr die Nachwuchsf\u00f6rderung und l\u00e4d regelm\u00e4\u00dfig Studentinnen und Studenten, die sich f\u00fcr unser Fachgebiet interessieren, zur Jahrestagung ein. Mittlerweile sind \u00fcber 100 junge Kolleginnen und Kollegen Mitglieder des Club 100 geworden.<\/p>\n<p>Um die Aktivit\u00e4ten zu konkretisieren wurde am 6. Juni 2012 wurde die AG Studenten\/Club 100 als Arbeitsgruppe der DEGRO mit Beschluss des Vorstands gegr\u00fcndet.<\/p>\n<\/div>\n<\/div><\/div><\/div><\/div><\/div>","protected":false},"excerpt":{"rendered":"<p>#pg-2-0 .panel-grid-cell { float:none } #pl-2 .panel-grid-cell .so-panel { margin-bottom:30px } #pl-2 .panel-grid-cell .so-panel:last-child { margin-bottom:0px } #pg-2-0 { margin-left:-15px;margin-right:-15px } #pg-2-0 .panel-grid-cell { padding-left:15px;padding-right:15px } @media (max-width:780px){ #pg-2-0 .panel-grid-cell { float:none;width:auto } #pl-2 .panel-grid , #pl-2 .panel-grid-cell {  <\/p>\n","protected":false},"author":3,"featured_media":0,"parent":0,"menu_order":0,"comment_status":"closed","ping_status":"open","template":"","meta":[],"_links":{"self":[{"href":"https:\/\/www.degro.org\/club100\/wp-json\/wp\/v2\/pages\/2"}],"collection":[{"href":"https:\/\/www.degro.org\/club100\/wp-json\/wp\/v2\/pages"}],"about":[{"href":"https:\/\/www.degro.org\/club100\/wp-json\/wp\/v2\/types\/page"}],"author":[{"embeddable":true,"href":"https:\/\/www.degro.org\/club100\/wp-json\/wp\/v2\/users\/3"}],"replies":[{"embeddable":true,"href":"https:\/\/www.degro.org\/club100\/wp-json\/wp\/v2\/comments?post=2"}],"version-history":[{"count":7,"href":"https:\/\/www.degro.org\/club100\/wp-json\/wp\/v2\/pages\/2\/revisions"}],"predecessor-version":[{"id":1243,"href":"https:\/\/www.degro.org\/club100\/wp-json\/wp\/v2\/pages\/2\/revisions\/1243"}],"wp:attachment":[{"href":"https:\/\/www.degro.org\/club100\/wp-json\/wp\/v2\/media?parent=2"}],"curies":[{"name":"wp","href":"https:\/\/api.w.org\/{rel}","templated":true}]}}