


{"id":173,"date":"2017-06-07T11:07:37","date_gmt":"2017-06-07T09:07:37","guid":{"rendered":"https:\/\/www.degro.org\/club100\/?page_id=173"},"modified":"2025-06-24T11:30:27","modified_gmt":"2025-06-24T09:30:27","slug":"informationen-fuer-stipendiaten","status":"publish","type":"page","link":"https:\/\/www.degro.org\/club100\/informationen-fuer-stipendiaten\/","title":{"rendered":"Information f\u00fcr Stipendiaten"},"content":{"rendered":"<p>Das Stipendium ist ein Rundum-Paket, das den Studenten eine kostenfreie Teilnahme am <a href=\"https:\/\/www.degro-kongress.org\/\">DEGRO-Kongress<\/a> erm\u00f6glicht. Dieser findet vom 25.-27. Juni 2026 in Leipzig statt.<\/p>\n<h2 class=\"title\">Leistungsumfang Patenschaftsprogramm 2026<\/h2>\n<ul>\n<li>Kostenfreien Zugang zu allen Sitzungen des <a href=\"https:\/\/www.degro-kongress.org\/\">DEGRO-Jahreskongress 2026<\/a><\/li>\n<li>Sonderprogramm f\u00fcr Studenten<\/li>\n<li>Zugang zur Mediathek und den virtuellen Inhalten on demand<\/li>\n<li>Mitgliedschaft im <a href=\"https:\/\/www.degro.org\/club100\/aktivitaeten\/\">Club 100<\/a> und somit F\u00f6rderung \u00fcber die Veranstaltung hinaus\n<ul>\n<li>Kostenfreie Teilnahme an j\u00e4hrlichen Fortbildungsreisen<\/li>\n<li>Kostenfreie Teilnahme an Fortbildungsveranstaltungen der PRIO<\/li>\n<li>Unterst\u00fctzung durch Vermittlung von Promotionsarbeiten, FamPublikationen, Auslandsaufenthalten<\/li>\n<li>Unterst\u00fctzung durch individuelle F\u00f6rderung bei Stipendien oder in finanziellen Notlagen<\/li>\n<\/ul>\n<\/li>\n<\/ul>\n<h3>Allgemeine Hinweise<\/h3>\n<p>Die kostenfreie Teilnahme am Patenschaftsprogramm ist jedoch nur dann m\u00f6glich, wenn Sie einen Paten\/eine Patin aus dem Kreis Ihrer Hochschullehrer oder F\u00f6rderer haben, der bereit ist, die F\u00f6rderungsgeb\u00fchr von \u20ac150,\u2013 zu zahlen. Sollten Sie Schwierigkeiten haben, einen Paten\/eine Patin zu finden, unterst\u00fctzen wir Sie gern dabei.<\/p>\n<p>Bitte kontaktieren Sie die DEGRO-Gesch\u00e4ftstelle per E-Mail <a href=\"mailto:office@degro.org\">office@degro.org<\/a> oder Telefon 030\/8441 9188.<\/p>\n","protected":false},"excerpt":{"rendered":"<p>Das Stipendium ist ein Rundum-Paket, das den Studenten eine kostenfreie Teilnahme am DEGRO-Kongress erm\u00f6glicht. Dieser findet vom 25.-27. Juni 2026 in Leipzig statt.<br \/>\nLeistungsumfang Patenschaftsprogramm 2026<\/p>\n<p>Kostenfreien Zugang zu allen Sitzungen des DEGRO-Jahreskongress 2026<br \/>\nSonderprogramm f\u00fcr Studenten<br \/>\nZugang zur <\/p>\n","protected":false},"author":8,"featured_media":0,"parent":0,"menu_order":0,"comment_status":"closed","ping_status":"closed","template":"","meta":[],"_links":{"self":[{"href":"https:\/\/www.degro.org\/club100\/wp-json\/wp\/v2\/pages\/173"}],"collection":[{"href":"https:\/\/www.degro.org\/club100\/wp-json\/wp\/v2\/pages"}],"about":[{"href":"https:\/\/www.degro.org\/club100\/wp-json\/wp\/v2\/types\/page"}],"author":[{"embeddable":true,"href":"https:\/\/www.degro.org\/club100\/wp-json\/wp\/v2\/users\/8"}],"replies":[{"embeddable":true,"href":"https:\/\/www.degro.org\/club100\/wp-json\/wp\/v2\/comments?post=173"}],"version-history":[{"count":26,"href":"https:\/\/www.degro.org\/club100\/wp-json\/wp\/v2\/pages\/173\/revisions"}],"predecessor-version":[{"id":1238,"href":"https:\/\/www.degro.org\/club100\/wp-json\/wp\/v2\/pages\/173\/revisions\/1238"}],"wp:attachment":[{"href":"https:\/\/www.degro.org\/club100\/wp-json\/wp\/v2\/media?parent=173"}],"curies":[{"name":"wp","href":"https:\/\/api.w.org\/{rel}","templated":true}]}}