


{"id":171,"date":"2017-06-07T11:07:12","date_gmt":"2017-06-07T09:07:12","guid":{"rendered":"https:\/\/www.degro.org\/club100\/?page_id=171"},"modified":"2025-06-24T12:42:40","modified_gmt":"2025-06-24T10:42:40","slug":"informationen-fuer-paten","status":"publish","type":"page","link":"https:\/\/www.degro.org\/club100\/informationen-fuer-paten\/","title":{"rendered":"Information f\u00fcr Paten"},"content":{"rendered":"<div id=\"pl-171\"><style scoped>#pg-171-0 .panel-grid-cell { float:none } #pl-171 .panel-grid-cell .so-panel { margin-bottom:30px } #pl-171 .panel-grid-cell .so-panel:last-child { margin-bottom:0px } #pg-171-0 { margin-left:-15px;margin-right:-15px } #pg-171-0 .panel-grid-cell { padding-left:15px;padding-right:15px } @media (max-width:780px){ #pg-171-0 .panel-grid-cell { float:none;width:auto } #pl-171 .panel-grid , #pl-171 .panel-grid-cell {  } #pl-171 .panel-grid .panel-grid-cell-empty { display:none } #pl-171 .panel-grid .panel-grid-cell-mobile-last { margin-bottom:0px }  } <\/style><div class=\"panel-grid\" id=\"pg-171-0\" ><div class=\"panel-grid-cell\" id=\"pgc-171-0-0\" ><div class=\"so-panel widget widget_sow-editor panel-first-child\" id=\"panel-171-0-0-0\" data-index=\"0\"><div class=\"so-widget-sow-editor so-widget-sow-editor-base\"><h3 class=\"widget-title\">Und so funktioniert&#039;s - Informationen f\u00fcr Paten und F\u00f6rderer<\/h3>\n<div class=\"siteorigin-widget-tinymce textwidget\">\n\t<p>Bitte melden Sie auch zum diesj\u00e4hrigen <a href=\"https:\/\/www.degro-kongress.org\/\">DEGRO Kongress<\/a> interessierte junge Mediziner\/-innen, die Ihnen in Ihrer Klinik mit gro\u00dfem Interesse f\u00fcr unser Fachgebiet aufgefallen sind, unter Zuhilfenahme des <a href=\"https:\/\/www.degro.org\/club100\/wp-content\/uploads\/sites\/9\/2025\/06\/DEGRO2026_Patenschaft_Anmeldung.pdf\" target=\"_blank\" rel=\"noopener\">Anmeldeformulars<\/a> an. Gerne k\u00f6nnen Sie auch mehrere Stipendiaten einladen.<\/p>\n<p>Die Kosten hierf\u00fcr werden jeweils zur H\u00e4lfte vom Leiter der strahlentherapeutischen Einrichtung und der DEGRO \u00fcbernommen. F\u00fcr jeden Stipendiaten beteiligen Sie sich mit einem Beitrag von \u20ac150,\u2013 auf das u.g. Konto der DEGRO.\u00a0<\/p>\n<p>Bitte senden Sie das ausgef\u00fcllte und unterschrieben <a href=\"https:\/\/www.degro.org\/club100\/wp-content\/uploads\/sites\/9\/2025\/06\/DEGRO2026_Patenschaft_Anmeldung.pdf\" target=\"_blank\" rel=\"noopener\">Formular<\/a> anschlie\u00dfend direkt an die DEGRO-Gesch\u00e4ftsstelle<\/p>\n<div><em> vorzugsweise per E-Mail:<\/em> <a href=\"mailto:office@degro.org\">office@degro.org<\/a><\/div>\n<div>\u00a0<\/div>\n<div><em>oder per Post:<\/em><\/div>\n<div>Deutsche Gesellschaft f\u00fcr Radioonkologie e. V.<\/div>\n<div>Reinhardtstr. 47,<\/div>\n<div>10117 Berlin<\/div>\n<\/div>\n<\/div><\/div><div class=\"so-panel widget widget_sow-editor panel-last-child\" id=\"panel-171-0-0-1\" data-index=\"1\"><div class=\"so-widget-sow-editor so-widget-sow-editor-base\">\n<div class=\"siteorigin-widget-tinymce textwidget\">\n\t<h4>Lassen Sie die Nachwuchsoffensive der DEGRO zum Erfolg werden und \u00fcbernehmen Sie die Patenschaft f\u00fcr einen- oder auch mehrere- Nachwuchstalente<\/h4>\n<div>F\u00fcr R\u00fcckfragen steht Ihnen die DEGRO-Gesch\u00e4ftsstelle unter\u00a0 (030) 8441 9188 gern zur Verf\u00fcgung.<\/div>\n<div>\u00a0<\/div>\n<div>\n<div>\u00dcberweisen Sie bitte \u20ac 150,\u2013\u00a0 auf das Konto der DEGRO. Nach Eingang der Zahlung erh\u00e4lt der\/die Stipendiat\/in alle n\u00f6tigen Informationen f\u00fcr die <a href=\"https:\/\/www.degro.org\/club100\/wp-content\/uploads\/sites\/9\/2025\/06\/DEGRO2026_Patenschaft_Anmeldung.pdf\" target=\"_blank\" rel=\"noopener\">Anmeldung<\/a>. Gern senden wir Ihnen bei Bedarf eine Spendenbescheinigung zu.<\/div>\n<div>\u00a0<\/div>\n<div><strong>Bankverbindung:<\/strong><\/div>\n<div>Empf\u00e4nger: DEGRO - Deutsche Gesellschaft f\u00fcr Radioonkologie e.V.<\/div>\n<div>Bank: Deutsche Bank AG<\/div>\n<div>IBAN: DE94 6407 0024 0123 4111 00<\/div>\n<div>BIC: DEUTDEDB640<\/div>\n<div>Verwendungszweck: Spende <em>Name Stipendiat\/in, Name des Paten\/in<\/em><\/div>\n<\/div>\n<\/div>\n<\/div><\/div><\/div><\/div><\/div>","protected":false},"excerpt":{"rendered":"<p>#pg-171-0 .panel-grid-cell { float:none } #pl-171 .panel-grid-cell .so-panel { margin-bottom:30px } #pl-171 .panel-grid-cell .so-panel:last-child { margin-bottom:0px } #pg-171-0 { margin-left:-15px;margin-right:-15px } #pg-171-0 .panel-grid-cell { padding-left:15px;padding-right:15px } @media (max-width:780px){ #pg-171-0 .panel-grid-cell { float:none;width:auto } #pl-171 .panel-grid , #pl-171 .panel-grid-cell {  <\/p>\n","protected":false},"author":8,"featured_media":0,"parent":0,"menu_order":0,"comment_status":"closed","ping_status":"closed","template":"","meta":[],"_links":{"self":[{"href":"https:\/\/www.degro.org\/club100\/wp-json\/wp\/v2\/pages\/171"}],"collection":[{"href":"https:\/\/www.degro.org\/club100\/wp-json\/wp\/v2\/pages"}],"about":[{"href":"https:\/\/www.degro.org\/club100\/wp-json\/wp\/v2\/types\/page"}],"author":[{"embeddable":true,"href":"https:\/\/www.degro.org\/club100\/wp-json\/wp\/v2\/users\/8"}],"replies":[{"embeddable":true,"href":"https:\/\/www.degro.org\/club100\/wp-json\/wp\/v2\/comments?post=171"}],"version-history":[{"count":11,"href":"https:\/\/www.degro.org\/club100\/wp-json\/wp\/v2\/pages\/171\/revisions"}],"predecessor-version":[{"id":1251,"href":"https:\/\/www.degro.org\/club100\/wp-json\/wp\/v2\/pages\/171\/revisions\/1251"}],"wp:attachment":[{"href":"https:\/\/www.degro.org\/club100\/wp-json\/wp\/v2\/media?parent=171"}],"curies":[{"name":"wp","href":"https:\/\/api.w.org\/{rel}","templated":true}]}}