


{"id":1312,"date":"2026-03-11T12:35:19","date_gmt":"2026-03-11T11:35:19","guid":{"rendered":"https:\/\/www.degro.org\/club100\/?page_id=1312"},"modified":"2026-03-14T13:58:57","modified_gmt":"2026-03-14T12:58:57","slug":"fortbildungsreise-2026","status":"publish","type":"page","link":"https:\/\/www.degro.org\/club100\/fortbildungsreise-2026\/","title":{"rendered":"Fortbildungsreise 2026"},"content":{"rendered":"<div id=\"pl-1312\"><style scoped>#pg-1312-0 .panel-grid-cell { float:none } #pl-1312 .panel-grid-cell .so-panel { margin-bottom:30px } #pl-1312 .panel-grid-cell .so-panel:last-child { margin-bottom:0px } #pg-1312-0 { margin-left:-15px;margin-right:-15px } #pg-1312-0 .panel-grid-cell { padding-left:15px;padding-right:15px } @media (max-width:780px){ #pg-1312-0 .panel-grid-cell { float:none;width:auto } #pl-1312 .panel-grid , #pl-1312 .panel-grid-cell {  } #pl-1312 .panel-grid .panel-grid-cell-empty { display:none } #pl-1312 .panel-grid .panel-grid-cell-mobile-last { margin-bottom:0px }  } <\/style><div class=\"panel-grid\" id=\"pg-1312-0\" ><div class=\"panel-grid-cell\" id=\"pgc-1312-0-0\" ><div class=\"so-panel widget widget_heading panel-first-child\" id=\"panel-1312-0-0-0\" data-index=\"0\"><div class=\"thim-widget-heading thim-widget-heading-base\"><div class=\"sc_heading text-left\"><h3 class=\"title\">Fortbildungsreise nach Salzburg am 22.-23. Oktober 2026<\/h3><span class=\"line\"><\/span><\/div><\/div><\/div><div class=\"so-panel widget widget_sow-editor panel-last-child\" id=\"panel-1312-0-0-1\" data-index=\"1\"><div class=\"so-widget-sow-editor so-widget-sow-editor-base\">\n<div class=\"siteorigin-widget-tinymce textwidget\">\n\t<p>Wie in jedem Jahr veranstaltet auch in diesem Herbst die AG Studenten eine Fortbildungsreise, dieses Mal nach Salzburg von Donnerstag, den 22.10.26 bis Freitag, den 23.10.26.<\/p>\n<p>Wir folgen insbesondere einer Einladung von Herrn Professor Falk R\u00f6der, Vorstand der Universit\u00e4tsklinik f\u00fcr Radiotherapie und Radioonkologie der Universit\u00e4t Salzburg. Sein Hauptschwerpunktgebiet liegt auf der bildgef\u00fchrten intraoperativen Radiotherapie (IORT).<\/p>\n<p>Wir haben zusammen mit unserer AG Studenten das Gl\u00fcck am 23.10.26, bei zwei bis drei intraoperativen Radiotherapien in zwei Gruppen anwesend zu sein und live die Strahlenapplikation im OP miterleben zu d\u00fcrfen.<\/p>\n<p>Des Weiteren freuen wir uns, dass wir am Tag zuvor, am 22.10.26, eine Einladung der Firma <a href=\"https:\/\/www.medphoton.at\/\">Medphoton<\/a> in Salzburg erhalten haben.\u00a0<a href=\"https:\/\/www.medphoton.at\/\">Medphoton<\/a> ist ein Medizintechnikunternehmen in Salzburg, es entwickelt und produziert robotergest\u00fctzte Bildgebungssysteme, z.B. mobile R\u00f6ntgenger\u00e4te, die in der Chirurgie und Strahlentherapie eingesetzt werden. Besonders hervorzuheben ist hier der mobile Bildgebungsroboter Loop-X.<\/p>\n<p>Die Anreise nach Salzburg erfolgt am 22.10.26 bis etwa 11:30 Uhr.\u00a0Zun\u00e4chst ist die Besichtigung von Medphoton angesetzt, gefolgt von einem gemeinsamen Abendessen und einer \u00dcbernachtung (die Kosten hierf\u00fcr werden jeweils durch die Akademische Gesellschaft zur F\u00f6rderung des ganzheitlichen Strahlenschutzes e.V. \u00fcbernommen).\u00a0Anschlie\u00dfend erfolget am 23.10.26 der Besuch des Salzburger Landesklinikums, wo wir die intraoperativen Strahlentherapien anschauen werden.<\/p>\n<p>Wie auch im letzten Jahr \u00fcbernimmt der Club 100\/AG Studenten die Anreisekosten bis zu 99,00 \u20ac, sowie 1 \u00dcbernachtung im Einzelzimmer in Salzburg.<\/p>\n<p>Anmeldungen sind bis zum <strong>30.09.2026<\/strong> per E-Mail an <a href=\"mailto:ms.studenten@rns-wiesbaden.de\">ms.studenten@rns-wiesbaden.de<\/a> m\u00f6glich!<\/p>\n<\/div>\n<\/div><\/div><\/div><\/div><\/div>","protected":false},"excerpt":{"rendered":"<p>#pg-1312-0 .panel-grid-cell { float:none } #pl-1312 .panel-grid-cell .so-panel { margin-bottom:30px } #pl-1312 .panel-grid-cell .so-panel:last-child { margin-bottom:0px } #pg-1312-0 { margin-left:-15px;margin-right:-15px } #pg-1312-0 .panel-grid-cell { padding-left:15px;padding-right:15px } @media (max-width:780px){ #pg-1312-0 .panel-grid-cell { float:none;width:auto } #pl-1312 .panel-grid , #pl-1312 .panel-grid-cell {  <\/p>\n","protected":false},"author":8,"featured_media":0,"parent":0,"menu_order":0,"comment_status":"closed","ping_status":"closed","template":"","meta":[],"_links":{"self":[{"href":"https:\/\/www.degro.org\/club100\/wp-json\/wp\/v2\/pages\/1312"}],"collection":[{"href":"https:\/\/www.degro.org\/club100\/wp-json\/wp\/v2\/pages"}],"about":[{"href":"https:\/\/www.degro.org\/club100\/wp-json\/wp\/v2\/types\/page"}],"author":[{"embeddable":true,"href":"https:\/\/www.degro.org\/club100\/wp-json\/wp\/v2\/users\/8"}],"replies":[{"embeddable":true,"href":"https:\/\/www.degro.org\/club100\/wp-json\/wp\/v2\/comments?post=1312"}],"version-history":[{"count":7,"href":"https:\/\/www.degro.org\/club100\/wp-json\/wp\/v2\/pages\/1312\/revisions"}],"predecessor-version":[{"id":1314,"href":"https:\/\/www.degro.org\/club100\/wp-json\/wp\/v2\/pages\/1312\/revisions\/1314"}],"wp:attachment":[{"href":"https:\/\/www.degro.org\/club100\/wp-json\/wp\/v2\/media?parent=1312"}],"curies":[{"name":"wp","href":"https:\/\/api.w.org\/{rel}","templated":true}]}}