


{"id":1275,"date":"2025-10-22T12:55:44","date_gmt":"2025-10-22T10:55:44","guid":{"rendered":"https:\/\/www.degro.org\/club100\/?page_id=1275"},"modified":"2025-10-22T13:03:01","modified_gmt":"2025-10-22T11:03:01","slug":"fortbildungsreise-2025","status":"publish","type":"page","link":"https:\/\/www.degro.org\/club100\/fortbildungsreise-2025\/","title":{"rendered":"Fortbildungsreise 2025"},"content":{"rendered":"<p><strong>Fortbildungsreise des Club 100 nach Hamburg<\/strong><\/p>\n<p><img loading=\"lazy\" src=\"https:\/\/www.degro.org\/club100\/wp-content\/uploads\/sites\/9\/2025\/10\/Club-100-300x300.jpg\" alt=\"\" width=\"300\" height=\"300\" class=\"alignnone size-medium wp-image-1278\" srcset=\"https:\/\/www.degro.org\/club100\/wp-content\/uploads\/sites\/9\/2025\/10\/Club-100-300x300.jpg 300w, https:\/\/www.degro.org\/club100\/wp-content\/uploads\/sites\/9\/2025\/10\/Club-100-1024x1024.jpg 1024w, https:\/\/www.degro.org\/club100\/wp-content\/uploads\/sites\/9\/2025\/10\/Club-100-150x150.jpg 150w, https:\/\/www.degro.org\/club100\/wp-content\/uploads\/sites\/9\/2025\/10\/Club-100-768x768.jpg 768w, https:\/\/www.degro.org\/club100\/wp-content\/uploads\/sites\/9\/2025\/10\/Club-100-1536x1536.jpg 1536w, https:\/\/www.degro.org\/club100\/wp-content\/uploads\/sites\/9\/2025\/10\/Club-100-2048x2048.jpg 2048w\" sizes=\"(max-width: 300px) 100vw, 300px\" \/><\/p>\n<p>\ud83c\udf1f R\u00fcckblick: AG-Studierendenfortbildung 2025 in Hamburg \ud83c\udf1f<br \/>\nWir freuen uns, dass wir auch in diesem Jahr wieder eine spannende Fortbildung f\u00fcr unsere AG-Studierenden anbieten konnten \u2013 diesmal in der wundersch\u00f6nen Hansestadt Hamburg.<\/p>\n<p>Auf dem Programm standen viele Highlights:<br \/>\n \ud83c\udfe5 Eine exklusive F\u00fchrung durch die Strahlentherapeutische Klinik des Universit\u00e4tsklinikums Eppendorf (UKE) unter der Leitung von Prof. Dr. med.Cordula Petersen, inklusive Live-Demonstrationen verschiedener Strahlenapplikationen und spannender wissenschaftlicher Vortr\u00e4ge zu aktuellen Forschungsprojekten, vorgestellt von PD Dr. med. David Krug.<\/p>\n<p>\ud83d\udd2c Ein weiterer H\u00f6hepunkt war der Besuch bei Philips Medical Systems. Dort erhielten die Teilnehmenden faszinierende Einblicke in die Herstellung von Glasstrahlern, die Generatorenproduktion und die CT-Testung \u2013 eine seltene Gelegenheit, modernste Medizintechnik hautnah zu erleben.<\/p>\n<p>Neben den fachlichen Eindr\u00fccken kam nat\u00fcrlich auch der pers\u00f6nliche Austausch nicht zu kurz \u2013 etwa beim gemeinsamen Abendessen in Hamburgs inspirierender Atmosph\u00e4re.<\/p>\n<p>Ein herzliches Dankesch\u00f6n an alle Referentinnen, Referenten und Teilnehmenden, die diese Fortbildung zu einem besonderen Erlebnis gemacht haben! \ud83d\ude4c<\/p>\n","protected":false},"excerpt":{"rendered":"<p>Fortbildungsreise des Club 100 nach Hamburg<\/p>\n<p>\ud83c\udf1f R\u00fcckblick: AG-Studierendenfortbildung 2025 in Hamburg \ud83c\udf1f<br \/>\nWir freuen uns, dass wir auch in diesem Jahr wieder eine spannende Fortbildung f\u00fcr unsere AG-Studierenden anbieten konnten \u2013 diesmal in der wundersch\u00f6nen Hansestadt Hamburg.<br \/>\nAuf <\/p>\n","protected":false},"author":8,"featured_media":0,"parent":0,"menu_order":0,"comment_status":"closed","ping_status":"closed","template":"","meta":[],"_links":{"self":[{"href":"https:\/\/www.degro.org\/club100\/wp-json\/wp\/v2\/pages\/1275"}],"collection":[{"href":"https:\/\/www.degro.org\/club100\/wp-json\/wp\/v2\/pages"}],"about":[{"href":"https:\/\/www.degro.org\/club100\/wp-json\/wp\/v2\/types\/page"}],"author":[{"embeddable":true,"href":"https:\/\/www.degro.org\/club100\/wp-json\/wp\/v2\/users\/8"}],"replies":[{"embeddable":true,"href":"https:\/\/www.degro.org\/club100\/wp-json\/wp\/v2\/comments?post=1275"}],"version-history":[{"count":5,"href":"https:\/\/www.degro.org\/club100\/wp-json\/wp\/v2\/pages\/1275\/revisions"}],"predecessor-version":[{"id":1282,"href":"https:\/\/www.degro.org\/club100\/wp-json\/wp\/v2\/pages\/1275\/revisions\/1282"}],"wp:attachment":[{"href":"https:\/\/www.degro.org\/club100\/wp-json\/wp\/v2\/media?parent=1275"}],"curies":[{"name":"wp","href":"https:\/\/api.w.org\/{rel}","templated":true}]}}