


{"id":1184,"date":"2024-11-26T11:12:07","date_gmt":"2024-11-26T10:12:07","guid":{"rendered":"https:\/\/www.degro.org\/club100\/?page_id=1184"},"modified":"2024-11-26T12:30:05","modified_gmt":"2024-11-26T11:30:05","slug":"fortbildungsreise-2024","status":"publish","type":"page","link":"https:\/\/www.degro.org\/club100\/fortbildungsreise-2024\/","title":{"rendered":"Fortbildungsreise 2024"},"content":{"rendered":"<div id=\"pl-1184\"><style scoped>#pg-1184-0 , #pl-1184 .panel-grid-cell .so-panel { margin-bottom:30px } #pg-1184-0 .panel-grid-cell { float:none } #pgc-1184-1-0 , #pgc-1184-1-1 , #pgc-1184-1-2 , #pgc-1184-1-3 { width:25% } #pg-1184-1 .panel-grid-cell { float:left } #pl-1184 .panel-grid-cell .so-panel:last-child { margin-bottom:0px } #pg-1184-0 , #pg-1184-1 { margin-left:-15px;margin-right:-15px } #pg-1184-0 .panel-grid-cell , #pg-1184-1 .panel-grid-cell { padding-left:15px;padding-right:15px } @media (max-width:780px){ #pg-1184-0 .panel-grid-cell , #pg-1184-1 .panel-grid-cell { float:none;width:auto } #pgc-1184-1-0 , #pgc-1184-1-1 , #pgc-1184-1-2 { margin-bottom:30px } #pl-1184 .panel-grid , #pl-1184 .panel-grid-cell {  } #pl-1184 .panel-grid .panel-grid-cell-empty { display:none } #pl-1184 .panel-grid .panel-grid-cell-mobile-last { margin-bottom:0px }  } <\/style><div class=\"panel-grid\" id=\"pg-1184-0\" ><div class=\"panel-grid-cell\" id=\"pgc-1184-0-0\" ><div class=\"so-panel widget widget_sow-editor panel-first-child panel-last-child\" id=\"panel-1184-0-0-0\" data-index=\"0\"><div class=\"so-widget-sow-editor so-widget-sow-editor-base\"><h3 class=\"widget-title\">Fortbildungsreise nach Kemrath am 17.-18. Oktober 2024<\/h3>\n<div class=\"siteorigin-widget-tinymce textwidget\">\n\t<p>Wir freuen uns dass es uns m\u00f6glich war auch in diesen Jahr unsere traditionelle Fortbildungreise anbieten zu k\u00f6nnen. Diesmal ging unsere Reise nach Kemrath.<\/p>\n<p><span id=\"wpaicg-chat-message-47968\" class=\"wpaicg-chat-message\">Am Donnerstagnachmittag trafen sich die Teilnehmenden am <a href=\"https:\/\/www.mvz-weiden.de\/standorte\/weiden-nukleartherapie\/\">MVZ Strahlentherapie\/Nuklearmedizin Nord Oberpfalz<\/a> in Weiden. Nach der Ankunft bis 14.00 Uhr begann das Programm um 14.15 Uhr mit einer herzlichen Begr\u00fc\u00dfung und der Vorstellung des Varian Portfolios durch Andreas Voelkl und Prof. Prott. Im Anschluss folgte eine informative Sitzung zum Thema Treatment Planning, geleitet von Manuel Soldani, gefolgt von einem Vortrag \u00fcber Nachhaltigkeit und die Erl\u00f6ssituation in der Erstattung, ebenfalls von Andreas Voelkl. Um 16.00 Uhr stellte PD Dr. Bernd Gagel den neuen Ethos Linearbeschleuniger vor. Gegen 17.00 Uhr endete die Veranstaltung, und die Gruppe fuhr zum Hotel Stadtkrug in Weiden, wo sie um 19.00 Uhr ein gemeinsames Abendessen im Restaurant genossen.<\/span><\/p>\n<p><span id=\"wpaicg-chat-message-47968\" class=\"wpaicg-chat-message\">Am Freitag, den 18.10.2024, begann der Tag mit einer Anreise nach Kemnath. Dort besichtigten die Teilnehmenden den von <a href=\"https:\/\/www.siemens-healthineers.com\/\">Siemens Healthineers<\/a> renovierten Standort, an dem die Halcyon und Ethos Linearbeschleuniger sowie weitere medizinische Ger\u00e4te hergestellt werden. Gaby Suft gab um 10.30 Uhr einen \u00dcberblick \u00fcber das Werk, gefolgt von einer Produktionsbesichtigung in zwei Gruppen um 11.00 Uhr. Nach einem z\u00fcnftigen bayrischen Mittagessen mit Wei\u00dfwurst gegen 12.30 Uhr endete die Veranstaltung um 13.00 Uhr, und die Teilnehmenden traten ihre individuelle Abreise an.<\/p>\n<p>Diese Fortbildungsreise bot den Teilnehmenden wertvolle Einblicke in aktuelle Technologien und Entwicklungen im Bereich der Strahlentherapie und Nuklearmedizin.<\/span><\/p>\n<\/div>\n<\/div><\/div><\/div><\/div><div class=\"panel-grid\" id=\"pg-1184-1\" ><div class=\"panel-grid-cell\" id=\"pgc-1184-1-0\" ><div class=\"so-panel widget widget_sow-image panel-first-child panel-last-child\" id=\"panel-1184-1-0-0\" data-index=\"1\"><div class=\"so-widget-sow-image so-widget-sow-image-default-3f547a15eaaa\">\n\n<div class=\"sow-image-container\">\n\t<img src=\"https:\/\/www.degro.org\/club100\/wp-content\/uploads\/sites\/9\/2024\/11\/Club100_3-scaled.jpg\" width=\"2560\" height=\"1446\" srcset=\"https:\/\/www.degro.org\/club100\/wp-content\/uploads\/sites\/9\/2024\/11\/Club100_3-scaled.jpg 2560w, https:\/\/www.degro.org\/club100\/wp-content\/uploads\/sites\/9\/2024\/11\/Club100_3-300x169.jpg 300w, https:\/\/www.degro.org\/club100\/wp-content\/uploads\/sites\/9\/2024\/11\/Club100_3-1024x578.jpg 1024w, https:\/\/www.degro.org\/club100\/wp-content\/uploads\/sites\/9\/2024\/11\/Club100_3-768x434.jpg 768w, https:\/\/www.degro.org\/club100\/wp-content\/uploads\/sites\/9\/2024\/11\/Club100_3-1536x867.jpg 1536w, https:\/\/www.degro.org\/club100\/wp-content\/uploads\/sites\/9\/2024\/11\/Club100_3-2048x1157.jpg 2048w\" title=\"Club100_3\"  class=\"so-widget-image\"\/>\n<\/div>\n\n<\/div><\/div><\/div><div class=\"panel-grid-cell\" id=\"pgc-1184-1-1\" ><div class=\"so-panel widget widget_sow-image panel-first-child panel-last-child\" id=\"panel-1184-1-1-0\" data-index=\"2\"><div class=\"so-widget-sow-image so-widget-sow-image-default-3f547a15eaaa\">\n\n<div class=\"sow-image-container\">\n\t<img src=\"https:\/\/www.degro.org\/club100\/wp-content\/uploads\/sites\/9\/2024\/11\/Club100_2-1-scaled.jpg\" width=\"2560\" height=\"1528\" srcset=\"https:\/\/www.degro.org\/club100\/wp-content\/uploads\/sites\/9\/2024\/11\/Club100_2-1-scaled.jpg 2560w, https:\/\/www.degro.org\/club100\/wp-content\/uploads\/sites\/9\/2024\/11\/Club100_2-1-300x179.jpg 300w, https:\/\/www.degro.org\/club100\/wp-content\/uploads\/sites\/9\/2024\/11\/Club100_2-1-1024x611.jpg 1024w, https:\/\/www.degro.org\/club100\/wp-content\/uploads\/sites\/9\/2024\/11\/Club100_2-1-768x459.jpg 768w, https:\/\/www.degro.org\/club100\/wp-content\/uploads\/sites\/9\/2024\/11\/Club100_2-1-1536x917.jpg 1536w, https:\/\/www.degro.org\/club100\/wp-content\/uploads\/sites\/9\/2024\/11\/Club100_2-1-2048x1223.jpg 2048w\" title=\"Club100_2\"  class=\"so-widget-image\"\/>\n<\/div>\n\n<\/div><\/div><\/div><div class=\"panel-grid-cell\" id=\"pgc-1184-1-2\" ><div class=\"so-panel widget widget_sow-image panel-first-child panel-last-child\" id=\"panel-1184-1-2-0\" data-index=\"3\"><div class=\"so-widget-sow-image so-widget-sow-image-default-3f547a15eaaa\">\n\n<div class=\"sow-image-container\">\n\t<img src=\"https:\/\/www.degro.org\/club100\/wp-content\/uploads\/sites\/9\/2024\/11\/Club100_1-1-scaled.jpg\" width=\"2560\" height=\"1920\" srcset=\"https:\/\/www.degro.org\/club100\/wp-content\/uploads\/sites\/9\/2024\/11\/Club100_1-1-scaled.jpg 2560w, https:\/\/www.degro.org\/club100\/wp-content\/uploads\/sites\/9\/2024\/11\/Club100_1-1-300x225.jpg 300w, https:\/\/www.degro.org\/club100\/wp-content\/uploads\/sites\/9\/2024\/11\/Club100_1-1-1024x768.jpg 1024w, https:\/\/www.degro.org\/club100\/wp-content\/uploads\/sites\/9\/2024\/11\/Club100_1-1-768x576.jpg 768w, https:\/\/www.degro.org\/club100\/wp-content\/uploads\/sites\/9\/2024\/11\/Club100_1-1-1536x1152.jpg 1536w, https:\/\/www.degro.org\/club100\/wp-content\/uploads\/sites\/9\/2024\/11\/Club100_1-1-2048x1536.jpg 2048w\" title=\"Club100_1\"  class=\"so-widget-image\"\/>\n<\/div>\n\n<\/div><\/div><\/div><div class=\"panel-grid-cell\" id=\"pgc-1184-1-3\" ><div class=\"so-panel widget widget_sow-image panel-first-child panel-last-child\" id=\"panel-1184-1-3-0\" data-index=\"4\"><div class=\"so-widget-sow-image so-widget-sow-image-default-3f547a15eaaa\">\n\n<div class=\"sow-image-container\">\n\t<img src=\"https:\/\/www.degro.org\/club100\/wp-content\/uploads\/sites\/9\/2024\/11\/Club100_4-scaled.jpg\" width=\"2560\" height=\"1241\" srcset=\"https:\/\/www.degro.org\/club100\/wp-content\/uploads\/sites\/9\/2024\/11\/Club100_4-scaled.jpg 2560w, https:\/\/www.degro.org\/club100\/wp-content\/uploads\/sites\/9\/2024\/11\/Club100_4-300x145.jpg 300w, https:\/\/www.degro.org\/club100\/wp-content\/uploads\/sites\/9\/2024\/11\/Club100_4-1024x496.jpg 1024w, https:\/\/www.degro.org\/club100\/wp-content\/uploads\/sites\/9\/2024\/11\/Club100_4-768x372.jpg 768w, https:\/\/www.degro.org\/club100\/wp-content\/uploads\/sites\/9\/2024\/11\/Club100_4-1536x744.jpg 1536w, https:\/\/www.degro.org\/club100\/wp-content\/uploads\/sites\/9\/2024\/11\/Club100_4-2048x993.jpg 2048w\" title=\"Club100_4\"  class=\"so-widget-image\"\/>\n<\/div>\n\n<\/div><\/div><\/div><\/div><\/div>","protected":false},"excerpt":{"rendered":"<p>#pg-1184-0 , #pl-1184 .panel-grid-cell .so-panel { margin-bottom:30px } #pg-1184-0 .panel-grid-cell { float:none } #pgc-1184-1-0 , #pgc-1184-1-1 , #pgc-1184-1-2 , #pgc-1184-1-3 { width:25% } #pg-1184-1 .panel-grid-cell { float:left } #pl-1184 .panel-grid-cell .so-panel:last-child { margin-bottom:0px } #pg-1184-0 , #pg-1184-1 { margin-left:-15px;margin-right:-15px } <\/p>\n","protected":false},"author":8,"featured_media":0,"parent":0,"menu_order":0,"comment_status":"closed","ping_status":"closed","template":"","meta":[],"_links":{"self":[{"href":"https:\/\/www.degro.org\/club100\/wp-json\/wp\/v2\/pages\/1184"}],"collection":[{"href":"https:\/\/www.degro.org\/club100\/wp-json\/wp\/v2\/pages"}],"about":[{"href":"https:\/\/www.degro.org\/club100\/wp-json\/wp\/v2\/types\/page"}],"author":[{"embeddable":true,"href":"https:\/\/www.degro.org\/club100\/wp-json\/wp\/v2\/users\/8"}],"replies":[{"embeddable":true,"href":"https:\/\/www.degro.org\/club100\/wp-json\/wp\/v2\/comments?post=1184"}],"version-history":[{"count":4,"href":"https:\/\/www.degro.org\/club100\/wp-json\/wp\/v2\/pages\/1184\/revisions"}],"predecessor-version":[{"id":1200,"href":"https:\/\/www.degro.org\/club100\/wp-json\/wp\/v2\/pages\/1184\/revisions\/1200"}],"wp:attachment":[{"href":"https:\/\/www.degro.org\/club100\/wp-json\/wp\/v2\/media?parent=1184"}],"curies":[{"name":"wp","href":"https:\/\/api.w.org\/{rel}","templated":true}]}}