


{"id":1159,"date":"2024-06-25T15:14:49","date_gmt":"2024-06-25T13:14:49","guid":{"rendered":"https:\/\/www.degro.org\/club100\/?page_id=1159"},"modified":"2024-07-01T12:54:27","modified_gmt":"2024-07-01T10:54:27","slug":"degro-jahreskongress-2024","status":"publish","type":"page","link":"https:\/\/www.degro.org\/club100\/degro-jahreskongress-2024\/","title":{"rendered":"Jahreskongress 2024"},"content":{"rendered":"<div id=\"pl-1159\"><style scoped>#pgc-1159-0-0 , #pgc-1159-0-1 , #pgc-1159-0-2 , #pgc-1159-0-3 { width:25% } #pg-1159-0 , #pl-1159 .panel-grid-cell .so-panel { margin-bottom:30px } #pg-1159-0 .panel-grid-cell { float:left } #pg-1159-1 .panel-grid-cell { float:none } #pl-1159 .panel-grid-cell .so-panel:last-child { margin-bottom:0px } #pg-1159-0 , #pg-1159-1 { margin-left:-15px;margin-right:-15px } #pg-1159-0 .panel-grid-cell , #pg-1159-1 .panel-grid-cell { padding-left:15px;padding-right:15px } @media (max-width:780px){ #pg-1159-0 .panel-grid-cell , #pg-1159-1 .panel-grid-cell { float:none;width:auto } #pgc-1159-0-0 , #pgc-1159-0-1 , #pgc-1159-0-2 { margin-bottom:30px } #pl-1159 .panel-grid , #pl-1159 .panel-grid-cell {  } #pl-1159 .panel-grid .panel-grid-cell-empty { display:none } #pl-1159 .panel-grid .panel-grid-cell-mobile-last { margin-bottom:0px }  } <\/style><div class=\"panel-grid\" id=\"pg-1159-0\" ><div class=\"panel-grid-cell\" id=\"pgc-1159-0-0\" ><div class=\"so-panel widget widget_sow-image panel-first-child panel-last-child\" id=\"panel-1159-0-0-0\" data-index=\"0\"><div class=\"so-widget-sow-image so-widget-sow-image-default-3f547a15eaaa\">\n\n<div class=\"sow-image-container\">\n\t<img src=\"https:\/\/www.degro.org\/club100\/wp-content\/uploads\/sites\/9\/2024\/07\/DEGRO2024_Kongresspraesidium.jpg\" width=\"2180\" height=\"1063\" srcset=\"https:\/\/www.degro.org\/club100\/wp-content\/uploads\/sites\/9\/2024\/07\/DEGRO2024_Kongresspraesidium.jpg 2180w, https:\/\/www.degro.org\/club100\/wp-content\/uploads\/sites\/9\/2024\/07\/DEGRO2024_Kongresspraesidium-300x146.jpg 300w, https:\/\/www.degro.org\/club100\/wp-content\/uploads\/sites\/9\/2024\/07\/DEGRO2024_Kongresspraesidium-1024x499.jpg 1024w, https:\/\/www.degro.org\/club100\/wp-content\/uploads\/sites\/9\/2024\/07\/DEGRO2024_Kongresspraesidium-768x374.jpg 768w, https:\/\/www.degro.org\/club100\/wp-content\/uploads\/sites\/9\/2024\/07\/DEGRO2024_Kongresspraesidium-1536x749.jpg 1536w, https:\/\/www.degro.org\/club100\/wp-content\/uploads\/sites\/9\/2024\/07\/DEGRO2024_Kongresspraesidium-2048x999.jpg 2048w\" title=\"DEGRO2024_Kongresspr\u00e4sidium\"  class=\"so-widget-image\"\/>\n<\/div>\n\n<\/div><\/div><\/div><div class=\"panel-grid-cell\" id=\"pgc-1159-0-1\" ><div class=\"so-panel widget widget_sow-image panel-first-child panel-last-child\" id=\"panel-1159-0-1-0\" data-index=\"1\"><div class=\"so-widget-sow-image so-widget-sow-image-default-3f547a15eaaa\">\n\n<div class=\"sow-image-container\">\n\t<img src=\"https:\/\/www.degro.org\/club100\/wp-content\/uploads\/sites\/9\/2023\/08\/182_DEGRO_230623_2045-scaled.jpg\" width=\"2560\" height=\"1707\" srcset=\"https:\/\/www.degro.org\/club100\/wp-content\/uploads\/sites\/9\/2023\/08\/182_DEGRO_230623_2045-scaled.jpg 2560w, https:\/\/www.degro.org\/club100\/wp-content\/uploads\/sites\/9\/2023\/08\/182_DEGRO_230623_2045-300x200.jpg 300w, https:\/\/www.degro.org\/club100\/wp-content\/uploads\/sites\/9\/2023\/08\/182_DEGRO_230623_2045-1024x683.jpg 1024w, https:\/\/www.degro.org\/club100\/wp-content\/uploads\/sites\/9\/2023\/08\/182_DEGRO_230623_2045-768x512.jpg 768w, https:\/\/www.degro.org\/club100\/wp-content\/uploads\/sites\/9\/2023\/08\/182_DEGRO_230623_2045-1536x1024.jpg 1536w, https:\/\/www.degro.org\/club100\/wp-content\/uploads\/sites\/9\/2023\/08\/182_DEGRO_230623_2045-2048x1366.jpg 2048w, https:\/\/www.degro.org\/club100\/wp-content\/uploads\/sites\/9\/2023\/08\/182_DEGRO_230623_2045-272x182.jpg 272w\" title=\"182_DEGRO_230623_2045\"  class=\"so-widget-image\"\/>\n<\/div>\n\n<\/div><\/div><\/div><div class=\"panel-grid-cell\" id=\"pgc-1159-0-2\" ><div class=\"so-panel widget widget_sow-image panel-first-child panel-last-child\" id=\"panel-1159-0-2-0\" data-index=\"2\"><div class=\"so-widget-sow-image so-widget-sow-image-default-3f547a15eaaa\">\n\n<div class=\"sow-image-container\">\n\t<img src=\"https:\/\/www.degro.org\/club100\/wp-content\/uploads\/sites\/9\/2023\/08\/002_DEGRO_230623_1686-scaled.jpg\" width=\"2560\" height=\"1707\" srcset=\"https:\/\/www.degro.org\/club100\/wp-content\/uploads\/sites\/9\/2023\/08\/002_DEGRO_230623_1686-scaled.jpg 2560w, https:\/\/www.degro.org\/club100\/wp-content\/uploads\/sites\/9\/2023\/08\/002_DEGRO_230623_1686-300x200.jpg 300w, https:\/\/www.degro.org\/club100\/wp-content\/uploads\/sites\/9\/2023\/08\/002_DEGRO_230623_1686-1024x683.jpg 1024w, https:\/\/www.degro.org\/club100\/wp-content\/uploads\/sites\/9\/2023\/08\/002_DEGRO_230623_1686-768x512.jpg 768w, https:\/\/www.degro.org\/club100\/wp-content\/uploads\/sites\/9\/2023\/08\/002_DEGRO_230623_1686-1536x1024.jpg 1536w, https:\/\/www.degro.org\/club100\/wp-content\/uploads\/sites\/9\/2023\/08\/002_DEGRO_230623_1686-2048x1366.jpg 2048w, https:\/\/www.degro.org\/club100\/wp-content\/uploads\/sites\/9\/2023\/08\/002_DEGRO_230623_1686-272x182.jpg 272w\" title=\"002_DEGRO_230623_1686\"  class=\"so-widget-image\"\/>\n<\/div>\n\n<\/div><\/div><\/div><div class=\"panel-grid-cell\" id=\"pgc-1159-0-3\" ><div class=\"so-panel widget widget_sow-image panel-first-child panel-last-child\" id=\"panel-1159-0-3-0\" data-index=\"3\"><div class=\"so-widget-sow-image so-widget-sow-image-default-3f547a15eaaa\">\n\n<div class=\"sow-image-container\">\n\t<img src=\"https:\/\/www.degro.org\/club100\/wp-content\/uploads\/sites\/9\/2024\/07\/DEGRO2024.jpg\" width=\"1986\" height=\"1380\" srcset=\"https:\/\/www.degro.org\/club100\/wp-content\/uploads\/sites\/9\/2024\/07\/DEGRO2024.jpg 1986w, https:\/\/www.degro.org\/club100\/wp-content\/uploads\/sites\/9\/2024\/07\/DEGRO2024-300x208.jpg 300w, https:\/\/www.degro.org\/club100\/wp-content\/uploads\/sites\/9\/2024\/07\/DEGRO2024-1024x712.jpg 1024w, https:\/\/www.degro.org\/club100\/wp-content\/uploads\/sites\/9\/2024\/07\/DEGRO2024-768x534.jpg 768w, https:\/\/www.degro.org\/club100\/wp-content\/uploads\/sites\/9\/2024\/07\/DEGRO2024-1536x1067.jpg 1536w\"  class=\"so-widget-image\"\/>\n<\/div>\n\n<\/div><\/div><\/div><\/div><div class=\"panel-grid\" id=\"pg-1159-1\" ><div class=\"panel-grid-cell\" id=\"pgc-1159-1-0\" ><div class=\"so-panel widget widget_sow-editor panel-first-child\" id=\"panel-1159-1-0-0\" data-index=\"4\"><div class=\"so-widget-sow-editor so-widget-sow-editor-base\">\n<div class=\"siteorigin-widget-tinymce textwidget\">\n\t<p>Der 30. Jahreskongressg der DEGRO fand unter der Leitung von Frau Professor Marnitz-Schulze und Herrn PD Dr. Klautke vom <strong>13.\u201315. Juni 2024 <\/strong>im <span class=\"location\">Kongress Palais Kassel<\/span> statt. Weitere Informationen zur Jahrestagung sind unter <a href=\"http:\/\/www.degro-kongress.org\">www.degro-kongress.org<\/a> zu finden. Die Abstracts zum Kongress k\u00f6nnen <a href=\"https:\/\/link.springer.com\/article\/10.1007\/s00066-024-02233-7\">hier<\/a> eingesehen werden.<\/p>\n<h4>Preis \"Bester Vortrag\"<\/h4>\n<div id=\"panel-402-0-0-2\" class=\"so-panel widget widget_sow-editor\" data-index=\"2\">\n<div class=\"so-widget-sow-editor so-widget-sow-editor-base\">\n<div class=\"siteorigin-widget-tinymce textwidget\">\n<div id=\"pg-751-2\" class=\"panel-grid\">\n<div id=\"pgc-751-2-0\" class=\"panel-grid-cell\">\n<div id=\"panel-751-2-0-0\" class=\"so-panel widget widget_accordion panel-first-child panel-last-child\" data-index=\"2\">\n<div class=\"thim-widget-accordion thim-widget-accordion-base\">\n<div class=\"thim-widget-accordion\">Der Preis f\u00fcr den inhaltlich und stilistisch besten Vortrag des Symposium \"Symposium von Studierende f\u00fcr Studierende: Von Patientenf\u00fcrsorge bis zur Hochpr\u00e4zionsradiotherapie<span class=\"title ng-binding\">\", dotiert mit <strong>\u20ac1000,-<\/strong> ging an <strong>Frau Marlies Harten (Erlangen)<\/strong> f\u00fcr Ihren Beitrag: <em><span class=\"presentation-title ng-binding\"><span class=\"contenttitle\">Prognostischer Stellenwert von Immunparametern zur Vorhersage des Therapieansprechens einer neoadjuvanten Therapie beim lokal fortgeschrittenen Rektumkarzinom<\/span>.<\/span><\/em><\/span> Wir gratulieren Frau Harten und w\u00fcnschen Ihr viel Freude mit Ihrem Gewinn.<\/div>\n<div>\u00a0<\/div>\n<div><img loading=\"lazy\" class=\"wp-image-1165 aligncenter\" src=\"https:\/\/www.degro.org\/club100\/wp-content\/uploads\/sites\/9\/2024\/07\/DEGRO2024_Preis_Club100-300x126.jpg\" alt=\"\" width=\"471\" height=\"198\" srcset=\"https:\/\/www.degro.org\/club100\/wp-content\/uploads\/sites\/9\/2024\/07\/DEGRO2024_Preis_Club100-300x126.jpg 300w, https:\/\/www.degro.org\/club100\/wp-content\/uploads\/sites\/9\/2024\/07\/DEGRO2024_Preis_Club100-1024x432.jpg 1024w, https:\/\/www.degro.org\/club100\/wp-content\/uploads\/sites\/9\/2024\/07\/DEGRO2024_Preis_Club100-768x324.jpg 768w, https:\/\/www.degro.org\/club100\/wp-content\/uploads\/sites\/9\/2024\/07\/DEGRO2024_Preis_Club100-1536x647.jpg 1536w, https:\/\/www.degro.org\/club100\/wp-content\/uploads\/sites\/9\/2024\/07\/DEGRO2024_Preis_Club100-2048x863.jpg 2048w\" sizes=\"(max-width: 471px) 100vw, 471px\" \/><\/div>\n<\/div>\n<\/div>\n<\/div>\n<div>\u00a0<\/div>\n<div id=\"pgc-751-2-0\" class=\"panel-grid-cell\">\n<div id=\"panel-751-2-0-0\" class=\"so-panel widget widget_accordion panel-first-child panel-last-child\" data-index=\"2\">\n<div class=\"thim-widget-accordion thim-widget-accordion-base\">\n<div>\u00a0<\/div>\n<\/div>\n<\/div>\n<\/div>\n<\/div>\n<\/div>\n<\/div>\n<\/div>\n<\/div>\n<\/div><\/div><div class=\"so-panel widget widget_accordion panel-last-child\" id=\"panel-1159-1-0-1\" data-index=\"5\"><div class=\"thim-widget-accordion thim-widget-accordion-base\">\n<div class=\"thim-widget-accordion\">\n\t<h3 class=\"widget-title\">\u00dcbersicht der Symposien und Vortr\u00e4ge<\/h3>\t<div id=\"accordion_69eb3ae12e746\" class=\"panel-group\" role=\"tablist\" aria-multiselectable=\"true\">\n\t\t<!-- List Panel -->\n\t\t\n\t\t\t<div class=\"panel panel-default\">\n\t\t\t\t<div class=\"panel-heading\" role=\"tab\" id=\"heading_accordion_69eb3ae12e746_0\">\n\t\t\t\t\t<h4 class=\"panel-title\">\n\t\t\t\t\t\t<a role=\"button\" class=\"collapsed\" data-toggle=\"collapse\" data-parent=\"#accordion_69eb3ae12e746\" href=\"#collapse_accordion_69eb3ae12e746_0\" aria-expanded=\"false\" aria-controls=\"collapse_accordion_69eb3ae12e746_0\">\n\t\t\t\t\t\t\tSymposium der AG Studenten \/ Club 100 von Studenten f\u00fcr Studenten - Von Patientenf\u00fcrsorge bis zur Hochpr\u00e4zionsradiotherapie\t\t\t\t\t\t<\/a>\n\t\t\t\t\t<\/h4>\n\t\t\t\t<\/div>\n\t\t\t\t<div id=\"collapse_accordion_69eb3ae12e746_0\" class=\"panel-collapse collapse\" role=\"tabpanel\" aria-labelledby=\"heading_accordion_69eb3ae12e746_0\">\n\t\t\t\t\t<div class=\"panel-body\">\n\t\t\t\t\t\tVorsitzende: F.J. Prott (Wiesbaden), U. Haverkamp (M\u00fcnster), S. Lerch (M\u00fcnster)\n<li>Hausbesuche nach station\u00e4rer Therapie in der Radioonkologie  - Effekte eines Lehrprojekts auf Befinden und Zufriedenheit der Patient:innen (J. Borgeding, Kiel)\n<\/li>\n<li>Toxizit\u00e4tsanalyse mehrmaliger Bestrahlungsserien beim Multiplen Myelom im Vergleich zwischen alleiniger Radiatio und Kombinationstherapien (T. Schlusemann, M\u00fcnster)\n<\/li>\n<li>Zusammenh\u00e4nge zwischen patientenberichteten Langzeitmiktionsbeschwerden und Dosisbelastung der Urethra nach Strahlentherapie \u2013 Ergebnisse einer protokollbasierten Querschnittsstudie (L. Haack, Kiel)\n<\/li>\n<li>Untersuchung fetaler Dosisexposition bei der Bestrahlung schwangerer Patientinnen mit cervicalem Lymphombefall - eine phantombasierte Simulation (L. Smeets, M\u00fcnster)\n<\/li>\n<li>Lebensqualit\u00e4t, psychische Belastung und R\u00fcckkehr ins Berufsleben bei j\u00fcngeren Patienten mit Kopf-Hals-Tumoren nach einer Strahlentherapie (C. Pannenbecker, Leipzig)\n<\/li>\n<li>Prognostischer Stellenwert von Immunparametern zur Vorhersage des Therapieansprechens einer neoadjuvanten Therapie beim lokal fortgeschrittenen Rektumkarzinom (M. Harten, Frankfurt)\n<\/li>\t\t\t\t\t<\/div>\n\t\t\t\t<\/div>\n\t\t\t<\/div>\n\n\t\t\n\t\t\t<div class=\"panel panel-default\">\n\t\t\t\t<div class=\"panel-heading\" role=\"tab\" id=\"heading_accordion_69eb3ae12e746_1\">\n\t\t\t\t\t<h4 class=\"panel-title\">\n\t\t\t\t\t\t<a role=\"button\" class=\"collapsed\" data-toggle=\"collapse\" data-parent=\"#accordion_69eb3ae12e746\" href=\"#collapse_accordion_69eb3ae12e746_1\" aria-expanded=\"false\" aria-controls=\"collapse_accordion_69eb3ae12e746_1\">\n\t\t\t\t\t\t\tMitgliederversammlung der AG Studenten\/ Club 100\t\t\t\t\t\t<\/a>\n\t\t\t\t\t<\/h4>\n\t\t\t\t<\/div>\n\t\t\t\t<div id=\"collapse_accordion_69eb3ae12e746_1\" class=\"panel-collapse collapse\" role=\"tabpanel\" aria-labelledby=\"heading_accordion_69eb3ae12e746_1\">\n\t\t\t\t\t<div class=\"panel-body\">\n\t\t\t\t\t\tVorsitzende: F.-J. Prott (Wiesbaden), U. Haverkamp (M\u00fcnster), L. K\u00e4smann (M\u00fcnchen)\n<li>Bericht des Vorstandes \u00fcber die Aktivit\u00e4ten 2024\n<\/li><li>Aktivit\u00e4ten des Club 100 auf der 30. Jahrestagung der DEGRO in Kassel\n<\/li><li>Vorschl\u00e4ge f\u00fcr die Fortbildungsreise 2024\n<\/li><li>Verschiedenes\n<\/li>\t\t\t\t\t<\/div>\n\t\t\t\t<\/div>\n\t\t\t<\/div>\n\n\t\t\n\t\t\t<div class=\"panel panel-default\">\n\t\t\t\t<div class=\"panel-heading\" role=\"tab\" id=\"heading_accordion_69eb3ae12e746_2\">\n\t\t\t\t\t<h4 class=\"panel-title\">\n\t\t\t\t\t\t<a role=\"button\" class=\"collapsed\" data-toggle=\"collapse\" data-parent=\"#accordion_69eb3ae12e746\" href=\"#collapse_accordion_69eb3ae12e746_2\" aria-expanded=\"false\" aria-controls=\"collapse_accordion_69eb3ae12e746_2\">\n\t\t\t\t\t\t\tLunch Symposium f\u00fcr Studierende\/ ELEKTA und Club100: Adaptive Radiotherapie\t\t\t\t\t\t<\/a>\n\t\t\t\t\t<\/h4>\n\t\t\t\t<\/div>\n\t\t\t\t<div id=\"collapse_accordion_69eb3ae12e746_2\" class=\"panel-collapse collapse\" role=\"tabpanel\" aria-labelledby=\"heading_accordion_69eb3ae12e746_2\">\n\t\t\t\t\t<div class=\"panel-body\">\n\t\t\t\t\t\tVorsitzende: A.-J. Donaubauer (Erlangen), F.-J. Prott (Wiesbaden)\n<li>Pr\u00e4klinische Modelle zur radiotherapieinduzierten Immunogenit\u00e4tsver\u00e4nderung von Kopf-\/Halstumoren (F. Deckwer, Erlangen)\n<\/li><li>Overcoming Challenges in Radiotherapy: The Role of Online Adaptation (E. Geerlof, Elekta)\n<\/li><li>MR Linac \u2013 Bestrahlungsplanung ohne Planungs-CT (C. Warda, T\u00fcbingen)\n<\/li>\t\t\t\t\t<\/div>\n\t\t\t\t<\/div>\n\t\t\t<\/div>\n\n\t\t\t\t<!-- End: List Panel -->\n\t<\/div>\n\n<\/div><\/div><\/div><\/div><\/div><\/div>","protected":false},"excerpt":{"rendered":"<p>#pgc-1159-0-0 , #pgc-1159-0-1 , #pgc-1159-0-2 , #pgc-1159-0-3 { width:25% } #pg-1159-0 , #pl-1159 .panel-grid-cell .so-panel { margin-bottom:30px } #pg-1159-0 .panel-grid-cell { float:left } #pg-1159-1 .panel-grid-cell { float:none } #pl-1159 .panel-grid-cell .so-panel:last-child { margin-bottom:0px } #pg-1159-0 , #pg-1159-1 { margin-left:-15px;margin-right:-15px } <\/p>\n","protected":false},"author":8,"featured_media":0,"parent":0,"menu_order":0,"comment_status":"closed","ping_status":"closed","template":"","meta":[],"_links":{"self":[{"href":"https:\/\/www.degro.org\/club100\/wp-json\/wp\/v2\/pages\/1159"}],"collection":[{"href":"https:\/\/www.degro.org\/club100\/wp-json\/wp\/v2\/pages"}],"about":[{"href":"https:\/\/www.degro.org\/club100\/wp-json\/wp\/v2\/types\/page"}],"author":[{"embeddable":true,"href":"https:\/\/www.degro.org\/club100\/wp-json\/wp\/v2\/users\/8"}],"replies":[{"embeddable":true,"href":"https:\/\/www.degro.org\/club100\/wp-json\/wp\/v2\/comments?post=1159"}],"version-history":[{"count":8,"href":"https:\/\/www.degro.org\/club100\/wp-json\/wp\/v2\/pages\/1159\/revisions"}],"predecessor-version":[{"id":1174,"href":"https:\/\/www.degro.org\/club100\/wp-json\/wp\/v2\/pages\/1159\/revisions\/1174"}],"wp:attachment":[{"href":"https:\/\/www.degro.org\/club100\/wp-json\/wp\/v2\/media?parent=1159"}],"curies":[{"name":"wp","href":"https:\/\/api.w.org\/{rel}","templated":true}]}}