


{"id":1069,"date":"2023-08-09T10:23:46","date_gmt":"2023-08-09T08:23:46","guid":{"rendered":"https:\/\/www.degro.org\/club100\/?page_id=1069"},"modified":"2023-08-09T10:52:08","modified_gmt":"2023-08-09T08:52:08","slug":"degro-jahreskongress-2023","status":"publish","type":"page","link":"https:\/\/www.degro.org\/club100\/degro-jahreskongress-2023\/","title":{"rendered":"DEGRO Jahreskongress 2023"},"content":{"rendered":"<div id=\"pl-1069\"><style scoped>#pgc-1069-0-0 , #pgc-1069-0-1 , #pgc-1069-0-2 , #pgc-1069-0-3 { width:25% } #pg-1069-0 , #pl-1069 .panel-grid-cell .so-panel { margin-bottom:30px } #pg-1069-0 .panel-grid-cell { float:left } #pg-1069-1 .panel-grid-cell { float:none } #pl-1069 .panel-grid-cell .so-panel:last-child { margin-bottom:0px } #pg-1069-0 , #pg-1069-1 { margin-left:-15px;margin-right:-15px } #pg-1069-0 .panel-grid-cell , #pg-1069-1 .panel-grid-cell { padding-left:15px;padding-right:15px } @media (max-width:780px){ #pg-1069-0 .panel-grid-cell , #pg-1069-1 .panel-grid-cell { float:none;width:auto } #pgc-1069-0-0 , #pgc-1069-0-1 , #pgc-1069-0-2 { margin-bottom:30px } #pl-1069 .panel-grid , #pl-1069 .panel-grid-cell {  } #pl-1069 .panel-grid .panel-grid-cell-empty { display:none } #pl-1069 .panel-grid .panel-grid-cell-mobile-last { margin-bottom:0px }  } <\/style><div class=\"panel-grid\" id=\"pg-1069-0\" ><div class=\"panel-grid-cell\" id=\"pgc-1069-0-0\" ><div class=\"so-panel widget widget_sow-image panel-first-child panel-last-child\" id=\"panel-1069-0-0-0\" data-index=\"0\"><div class=\"so-widget-sow-image so-widget-sow-image-default-3f547a15eaaa\">\n\n<div class=\"sow-image-container\">\n\t<img src=\"https:\/\/www.degro.org\/club100\/wp-content\/uploads\/sites\/9\/2023\/08\/52_DEGRO_240623_105606-scaled.jpg\" width=\"2560\" height=\"1707\" srcset=\"https:\/\/www.degro.org\/club100\/wp-content\/uploads\/sites\/9\/2023\/08\/52_DEGRO_240623_105606-scaled.jpg 2560w, https:\/\/www.degro.org\/club100\/wp-content\/uploads\/sites\/9\/2023\/08\/52_DEGRO_240623_105606-300x200.jpg 300w, https:\/\/www.degro.org\/club100\/wp-content\/uploads\/sites\/9\/2023\/08\/52_DEGRO_240623_105606-1024x683.jpg 1024w, https:\/\/www.degro.org\/club100\/wp-content\/uploads\/sites\/9\/2023\/08\/52_DEGRO_240623_105606-768x512.jpg 768w, https:\/\/www.degro.org\/club100\/wp-content\/uploads\/sites\/9\/2023\/08\/52_DEGRO_240623_105606-1536x1024.jpg 1536w, https:\/\/www.degro.org\/club100\/wp-content\/uploads\/sites\/9\/2023\/08\/52_DEGRO_240623_105606-2048x1366.jpg 2048w, https:\/\/www.degro.org\/club100\/wp-content\/uploads\/sites\/9\/2023\/08\/52_DEGRO_240623_105606-272x182.jpg 272w\" title=\"52_DEGRO_240623_105606\"  class=\"so-widget-image\"\/>\n<\/div>\n\n<\/div><\/div><\/div><div class=\"panel-grid-cell\" id=\"pgc-1069-0-1\" ><div class=\"so-panel widget widget_sow-image panel-first-child panel-last-child\" id=\"panel-1069-0-1-0\" data-index=\"1\"><div class=\"so-widget-sow-image so-widget-sow-image-default-3f547a15eaaa\">\n\n<div class=\"sow-image-container\">\n\t<img src=\"https:\/\/www.degro.org\/club100\/wp-content\/uploads\/sites\/9\/2023\/08\/002_DEGRO_230623_1686-scaled.jpg\" width=\"2560\" height=\"1707\" srcset=\"https:\/\/www.degro.org\/club100\/wp-content\/uploads\/sites\/9\/2023\/08\/002_DEGRO_230623_1686-scaled.jpg 2560w, https:\/\/www.degro.org\/club100\/wp-content\/uploads\/sites\/9\/2023\/08\/002_DEGRO_230623_1686-300x200.jpg 300w, https:\/\/www.degro.org\/club100\/wp-content\/uploads\/sites\/9\/2023\/08\/002_DEGRO_230623_1686-1024x683.jpg 1024w, https:\/\/www.degro.org\/club100\/wp-content\/uploads\/sites\/9\/2023\/08\/002_DEGRO_230623_1686-768x512.jpg 768w, https:\/\/www.degro.org\/club100\/wp-content\/uploads\/sites\/9\/2023\/08\/002_DEGRO_230623_1686-1536x1024.jpg 1536w, https:\/\/www.degro.org\/club100\/wp-content\/uploads\/sites\/9\/2023\/08\/002_DEGRO_230623_1686-2048x1366.jpg 2048w, https:\/\/www.degro.org\/club100\/wp-content\/uploads\/sites\/9\/2023\/08\/002_DEGRO_230623_1686-272x182.jpg 272w\" title=\"002_DEGRO_230623_1686\"  class=\"so-widget-image\"\/>\n<\/div>\n\n<\/div><\/div><\/div><div class=\"panel-grid-cell\" id=\"pgc-1069-0-2\" ><div class=\"so-panel widget widget_sow-image panel-first-child panel-last-child\" id=\"panel-1069-0-2-0\" data-index=\"2\"><div class=\"so-widget-sow-image so-widget-sow-image-default-3f547a15eaaa\">\n\n<div class=\"sow-image-container\">\n\t<img src=\"https:\/\/www.degro.org\/club100\/wp-content\/uploads\/sites\/9\/2023\/08\/182_DEGRO_230623_2045-scaled.jpg\" width=\"2560\" height=\"1707\" srcset=\"https:\/\/www.degro.org\/club100\/wp-content\/uploads\/sites\/9\/2023\/08\/182_DEGRO_230623_2045-scaled.jpg 2560w, https:\/\/www.degro.org\/club100\/wp-content\/uploads\/sites\/9\/2023\/08\/182_DEGRO_230623_2045-300x200.jpg 300w, https:\/\/www.degro.org\/club100\/wp-content\/uploads\/sites\/9\/2023\/08\/182_DEGRO_230623_2045-1024x683.jpg 1024w, https:\/\/www.degro.org\/club100\/wp-content\/uploads\/sites\/9\/2023\/08\/182_DEGRO_230623_2045-768x512.jpg 768w, https:\/\/www.degro.org\/club100\/wp-content\/uploads\/sites\/9\/2023\/08\/182_DEGRO_230623_2045-1536x1024.jpg 1536w, https:\/\/www.degro.org\/club100\/wp-content\/uploads\/sites\/9\/2023\/08\/182_DEGRO_230623_2045-2048x1366.jpg 2048w, https:\/\/www.degro.org\/club100\/wp-content\/uploads\/sites\/9\/2023\/08\/182_DEGRO_230623_2045-272x182.jpg 272w\" title=\"182_DEGRO_230623_2045\"  class=\"so-widget-image\"\/>\n<\/div>\n\n<\/div><\/div><\/div><div class=\"panel-grid-cell\" id=\"pgc-1069-0-3\" ><div class=\"so-panel widget widget_sow-image panel-first-child panel-last-child\" id=\"panel-1069-0-3-0\" data-index=\"3\"><div class=\"so-widget-sow-image so-widget-sow-image-default-3f547a15eaaa\">\n\n<div class=\"sow-image-container\">\n\t<img src=\"https:\/\/www.degro.org\/club100\/wp-content\/uploads\/sites\/9\/2023\/08\/086_DEGRO_230623_1044-scaled.jpg\" width=\"2560\" height=\"1707\" srcset=\"https:\/\/www.degro.org\/club100\/wp-content\/uploads\/sites\/9\/2023\/08\/086_DEGRO_230623_1044-scaled.jpg 2560w, https:\/\/www.degro.org\/club100\/wp-content\/uploads\/sites\/9\/2023\/08\/086_DEGRO_230623_1044-300x200.jpg 300w, https:\/\/www.degro.org\/club100\/wp-content\/uploads\/sites\/9\/2023\/08\/086_DEGRO_230623_1044-1024x683.jpg 1024w, https:\/\/www.degro.org\/club100\/wp-content\/uploads\/sites\/9\/2023\/08\/086_DEGRO_230623_1044-768x512.jpg 768w, https:\/\/www.degro.org\/club100\/wp-content\/uploads\/sites\/9\/2023\/08\/086_DEGRO_230623_1044-1536x1024.jpg 1536w, https:\/\/www.degro.org\/club100\/wp-content\/uploads\/sites\/9\/2023\/08\/086_DEGRO_230623_1044-2048x1366.jpg 2048w, https:\/\/www.degro.org\/club100\/wp-content\/uploads\/sites\/9\/2023\/08\/086_DEGRO_230623_1044-272x182.jpg 272w\" title=\"086_DEGRO_230623_1044\"  class=\"so-widget-image\"\/>\n<\/div>\n\n<\/div><\/div><\/div><\/div><div class=\"panel-grid\" id=\"pg-1069-1\" ><div class=\"panel-grid-cell\" id=\"pgc-1069-1-0\" ><div class=\"so-panel widget widget_sow-editor panel-first-child\" id=\"panel-1069-1-0-0\" data-index=\"4\"><div class=\"so-widget-sow-editor so-widget-sow-editor-base\">\n<div class=\"siteorigin-widget-tinymce textwidget\">\n\t<div id=\"panel-402-0-0-1\" class=\"so-panel widget widget_sow-editor\" data-index=\"1\">\n<div class=\"so-widget-sow-editor so-widget-sow-editor-base\">\n<div class=\"siteorigin-widget-tinymce textwidget\">Der 29. Jahreskongressg der DEGRO fand unter der Leitung von Herrn Professor K\u00f6lbl und Herrn Prof. Vordermark vom <strong>22.\u201324. Mai 2023 <\/strong>im <span class=\"location\">Kongress Palais Kassel<\/span> statt. Weitere Informationen zur Jahrestagung sind unter <a href=\"http:\/\/www.degro-kongress.org\">www.degro-kongress.org<\/a> zu finden. Die Abstracts zum Kongress k\u00f6nnen <a href=\"https:\/\/link.springer.com\/article\/10.1007\/s00066-023-02083-9\">hier<\/a> eingesehen werden.<\/p>\n<h4>Preis \"Bester Vortrag\"<\/h4>\n<div id=\"panel-402-0-0-2\" class=\"so-panel widget widget_sow-editor\" data-index=\"2\">\n<div class=\"so-widget-sow-editor so-widget-sow-editor-base\">\n<div class=\"siteorigin-widget-tinymce textwidget\">\n<div id=\"pg-751-2\" class=\"panel-grid\">\n<div id=\"pgc-751-2-0\" class=\"panel-grid-cell\">\n<div id=\"panel-751-2-0-0\" class=\"so-panel widget widget_accordion panel-first-child panel-last-child\" data-index=\"2\">\n<div class=\"thim-widget-accordion thim-widget-accordion-base\">\n<div class=\"thim-widget-accordion\">Der Preis f\u00fcr den inhaltlich und stilistisch besten Vortrag des Symposium \"<span class=\"title ng-binding\">Symposium von Studierende f\u00fcr Studierende: Leben- und Erleben einer Tumortherapie \", dotiert mit <strong>\u20ac1000,-<\/strong> ging an <strong>Frau Julia Narosch (Oldenburg)<\/strong> f\u00fcr Ihren Beitrag: <em>V<span class=\"presentation-title ng-binding\">Explorative Bedarfsanalyse zur Konzeptionierung einer App f\u00fcr trauernde und palliative Jugendliche und Heranwachsende am Beispiel eines Onlineberatungsangebotes.<\/span><\/em><\/span> Wir gratulieren Frau Narosch und w\u00fcnschen Ihr viel Freude mit Ihrem Gewinn.<\/div>\n<div>\u00a0<\/div>\n<\/div>\n<\/div>\n<\/div>\n<\/div>\n<\/div>\n<\/div>\n<\/div>\n<div id=\"panel-402-0-0-3\" class=\"so-panel widget widget_sow-image\" data-index=\"3\">\n<div class=\"so-widget-sow-image so-widget-sow-image-default-3f547a15eaaa\">\n<div class=\"sow-image-container\"><img loading=\"lazy\" class=\"so-widget-image\" src=\"https:\/\/www.degro.org\/club100\/wp-content\/uploads\/sites\/9\/2023\/06\/Preis_Club_100_Narosch-768x348.jpg\" width=\"415\" height=\"188\" \/><\/div>\n<\/div>\n<\/div>\n<\/div>\n<\/div>\n<\/div>\n<\/div>\n<\/div><\/div><div class=\"so-panel widget widget_accordion panel-last-child\" id=\"panel-1069-1-0-1\" data-index=\"5\"><div class=\"thim-widget-accordion thim-widget-accordion-base\">\n<div class=\"thim-widget-accordion\">\n\t<h3 class=\"widget-title\">\u00dcbersicht der Symposien und Vortr\u00e4ge<\/h3>\t<div id=\"accordion_69f2a7f57fb1a\" class=\"panel-group\" role=\"tablist\" aria-multiselectable=\"true\">\n\t\t<!-- List Panel -->\n\t\t\n\t\t\t<div class=\"panel panel-default\">\n\t\t\t\t<div class=\"panel-heading\" role=\"tab\" id=\"heading_accordion_69f2a7f57fb1a_0\">\n\t\t\t\t\t<h4 class=\"panel-title\">\n\t\t\t\t\t\t<a role=\"button\" class=\"collapsed\" data-toggle=\"collapse\" data-parent=\"#accordion_69f2a7f57fb1a\" href=\"#collapse_accordion_69f2a7f57fb1a_0\" aria-expanded=\"false\" aria-controls=\"collapse_accordion_69f2a7f57fb1a_0\">\n\t\t\t\t\t\t\tSymposium der AG Studenten\/Club 100 von Studenten f\u00fcr Studenten - Leben- und Erleben einer Tumortherapie\t\t\t\t\t\t<\/a>\n\t\t\t\t\t<\/h4>\n\t\t\t\t<\/div>\n\t\t\t\t<div id=\"collapse_accordion_69f2a7f57fb1a_0\" class=\"panel-collapse collapse\" role=\"tabpanel\" aria-labelledby=\"heading_accordion_69f2a7f57fb1a_0\">\n\t\t\t\t\t<div class=\"panel-body\">\n\t\t\t\t\t\tVorsitzende: F.J. Prott (Wiesbaden), U. Haverkamp (M\u00fcnster), A. Schr\u00f6der (Rostock)\n<li>\nToxizit\u00e4tsanalyse moderner Therapiekonzepte des multiplen Myeloms \u2013 Evaluation des Einflusses der Radiotherapie, Tom Schlusemann (Borken)\n<\/li>\n<li>\nEinfluss von ePROMs auf die Patientenwahrnehmung des Behandlers im Arzt-Patienten-Gespr\u00e4ch. Ergebnisse der prospektiven, randomisierten ePREFERENCE Studie, Pascal Bickenbach (T\u00fcbingen)\n<\/li>\n<li>\nLebensqualit\u00e4t von Krebspatient:innen bei Abschluss einer Strahlentherapie - Sekund\u00e4re Analyse einer prospektiven multizentrischen Studie, Maren Strack (Freiburg\/Breisgau)\n<\/li>\n<li>\nAuswirkung der COVID-19-Pandemie auf die Lebensqualit\u00e4t von Patienten mit fortgeschrittenem Rektumkarzinom, Daniel Blasko (Erlangen)\n<\/li>\n<li>\nExplorative Bedarfsanalyse zur Konzeptionierung einer App f\u00fcr trauernde und palliative Jugendliche und Heranwachsende am Beispiel eines Onlineberatungsangebotes, Julia Narosch (Oldenburg)\n<\/li>\t\t\t\t\t<\/div>\n\t\t\t\t<\/div>\n\t\t\t<\/div>\n\n\t\t\n\t\t\t<div class=\"panel panel-default\">\n\t\t\t\t<div class=\"panel-heading\" role=\"tab\" id=\"heading_accordion_69f2a7f57fb1a_1\">\n\t\t\t\t\t<h4 class=\"panel-title\">\n\t\t\t\t\t\t<a role=\"button\" class=\"collapsed\" data-toggle=\"collapse\" data-parent=\"#accordion_69f2a7f57fb1a\" href=\"#collapse_accordion_69f2a7f57fb1a_1\" aria-expanded=\"false\" aria-controls=\"collapse_accordion_69f2a7f57fb1a_1\">\n\t\t\t\t\t\t\tMitgliederversammlung der AG Studenten\/Club 100\t\t\t\t\t\t<\/a>\n\t\t\t\t\t<\/h4>\n\t\t\t\t<\/div>\n\t\t\t\t<div id=\"collapse_accordion_69f2a7f57fb1a_1\" class=\"panel-collapse collapse\" role=\"tabpanel\" aria-labelledby=\"heading_accordion_69f2a7f57fb1a_1\">\n\t\t\t\t\t<div class=\"panel-body\">\n\t\t\t\t\t\tVorsitzende: F.J. Prott (Wiesbaden), U. Haverkamp (M\u00fcnster), L. K\u00e4smann (M\u00fcnchen)\n<li>\nBericht \u00fcber die Aktivit\u00e4ten des Jahres 2022\n<\/li>\n<li>\nVorschl\u00e4ge f\u00fcr die Fortbildungsreise am 13. und 14.10.2023\n<\/li>\n<li>\nAktivit\u00e4ten des Club 100 auf der 29. Jahrestagung der DEGRO in Kassel\n<\/li>\n<li>\nVerschiedenes\n<\/li>\t\t\t\t\t<\/div>\n\t\t\t\t<\/div>\n\t\t\t<\/div>\n\n\t\t\n\t\t\t<div class=\"panel panel-default\">\n\t\t\t\t<div class=\"panel-heading\" role=\"tab\" id=\"heading_accordion_69f2a7f57fb1a_2\">\n\t\t\t\t\t<h4 class=\"panel-title\">\n\t\t\t\t\t\t<a role=\"button\" class=\"collapsed\" data-toggle=\"collapse\" data-parent=\"#accordion_69f2a7f57fb1a\" href=\"#collapse_accordion_69f2a7f57fb1a_2\" aria-expanded=\"false\" aria-controls=\"collapse_accordion_69f2a7f57fb1a_2\">\n\t\t\t\t\t\t\tSurface Guided Radiotheraphy (SGRT) f\u00fcr Studierende\t\t\t\t\t\t<\/a>\n\t\t\t\t\t<\/h4>\n\t\t\t\t<\/div>\n\t\t\t\t<div id=\"collapse_accordion_69f2a7f57fb1a_2\" class=\"panel-collapse collapse\" role=\"tabpanel\" aria-labelledby=\"heading_accordion_69f2a7f57fb1a_2\">\n\t\t\t\t\t<div class=\"panel-body\">\n\t\t\t\t\t\tVorsitzende: U. Haverkamp (M\u00fcnster), S. Lerch (M\u00fcnster)\n<li>\nSGRT-basierte Behandlung von Brustkrebspatientinnen in DIBH, L. Dietrich (Erlangen)\n<\/li>\n<li>\nOberfl\u00e4chengef\u00fchrte Strahlentherapie im Rahmen einer Ganzk\u00f6rperbestrahlung, D. Sakarli (Heidelberg)\n<\/li>\n<li>\nEinf\u00fchrung in die Surface Guided Radiotherapy (SGRT), M. Strack (Freiburg)\n<\/li>\t\t\t\t\t<\/div>\n\t\t\t\t<\/div>\n\t\t\t<\/div>\n\n\t\t\t\t<!-- End: List Panel -->\n\t<\/div>\n\n<\/div><\/div><\/div><\/div><\/div><\/div>","protected":false},"excerpt":{"rendered":"<p>#pgc-1069-0-0 , #pgc-1069-0-1 , #pgc-1069-0-2 , #pgc-1069-0-3 { width:25% } #pg-1069-0 , #pl-1069 .panel-grid-cell .so-panel { margin-bottom:30px } #pg-1069-0 .panel-grid-cell { float:left } #pg-1069-1 .panel-grid-cell { float:none } #pl-1069 .panel-grid-cell .so-panel:last-child { margin-bottom:0px } #pg-1069-0 , #pg-1069-1 { margin-left:-15px;margin-right:-15px } <\/p>\n","protected":false},"author":8,"featured_media":0,"parent":0,"menu_order":0,"comment_status":"closed","ping_status":"closed","template":"","meta":[],"_links":{"self":[{"href":"https:\/\/www.degro.org\/club100\/wp-json\/wp\/v2\/pages\/1069"}],"collection":[{"href":"https:\/\/www.degro.org\/club100\/wp-json\/wp\/v2\/pages"}],"about":[{"href":"https:\/\/www.degro.org\/club100\/wp-json\/wp\/v2\/types\/page"}],"author":[{"embeddable":true,"href":"https:\/\/www.degro.org\/club100\/wp-json\/wp\/v2\/users\/8"}],"replies":[{"embeddable":true,"href":"https:\/\/www.degro.org\/club100\/wp-json\/wp\/v2\/comments?post=1069"}],"version-history":[{"count":8,"href":"https:\/\/www.degro.org\/club100\/wp-json\/wp\/v2\/pages\/1069\/revisions"}],"predecessor-version":[{"id":1085,"href":"https:\/\/www.degro.org\/club100\/wp-json\/wp\/v2\/pages\/1069\/revisions\/1085"}],"wp:attachment":[{"href":"https:\/\/www.degro.org\/club100\/wp-json\/wp\/v2\/media?parent=1069"}],"curies":[{"name":"wp","href":"https:\/\/api.w.org\/{rel}","templated":true}]}}