


{"id":684,"date":"2021-03-09T13:35:28","date_gmt":"2021-03-09T12:35:28","guid":{"rendered":"https:\/\/www.degro.org\/ag-stereotaxie\/?page_id=684"},"modified":"2023-11-09T11:30:18","modified_gmt":"2023-11-09T10:30:18","slug":"kontakte","status":"publish","type":"page","link":"https:\/\/www.degro.org\/ag-stereotaxie\/kontakte\/","title":{"rendered":"Kontakt"},"content":{"rendered":"<div id=\"pl-684\"><style scoped>#pg-684-0 .panel-grid-cell { float:none } #pl-684 .panel-grid-cell .so-panel { margin-bottom:30px } #pl-684 .panel-grid-cell .so-panel:last-child { margin-bottom:0px } #pg-684-0 { margin-left:-15px;margin-right:-15px } #pg-684-0 .panel-grid-cell { padding-left:15px;padding-right:15px } @media (max-width:780px){ #pg-684-0 .panel-grid-cell { float:none;width:auto } #pl-684 .panel-grid , #pl-684 .panel-grid-cell {  } #pl-684 .panel-grid .panel-grid-cell-empty { display:none } #pl-684 .panel-grid .panel-grid-cell-mobile-last { margin-bottom:0px }  } <\/style><div class=\"panel-grid\" id=\"pg-684-0\" ><div class=\"panel-grid-cell\" id=\"pgc-684-0-0\" ><div class=\"so-panel widget widget_sow-editor panel-first-child panel-last-child\" id=\"panel-684-0-0-0\" data-index=\"0\"><div class=\"so-widget-sow-editor so-widget-sow-editor-base\">\n<div class=\"siteorigin-widget-tinymce textwidget\">\n\t<p>F\u00fcr Fragen und weiterf\u00fchrende Informationen steht Ihnen die Vorsitzenden zur Verf\u00fcgung:<\/p>\n<p><strong>Univ.-Prof. Dr. med. Andrea Wittig-Sauerwein<\/strong><br \/>\nUniversit\u00e4tsklinikum W\u00fcrzburg | Klinik f\u00fcr Strahlentherapie<br \/>\nJosef-Schneider-Str. 11 | 97080 W\u00fcrzburg<br \/>\nTel.: (0931) 201 28891<br \/>\nE-Mail: <a href=\"wittig_a1@ukw.de\">wittig_a1@ukw.de<\/a><\/p>\n<p><strong>Prof. Dr. med. Thomas Brunner<\/strong><br \/>\nLHK-Univ. Klinikum Graz | Universit\u00e4tsklinik f\u00fcr Strahlentherapie-Radioonkologie<br \/>\nAuenbruggerplatz 32 | A-8036 Graz<br \/>\nTel.: 0043 316) 385 86 677<br \/>\nE-Mail: <a href=\"mailto:thomas.brunner@medunigraz.at\">thomas.brunner@medunigraz.at<\/a><\/p>\n<p>\u00a0<\/p>\n<\/div>\n<\/div><\/div><\/div><\/div><\/div>","protected":false},"excerpt":{"rendered":"<p>#pg-684-0 .panel-grid-cell { float:none } #pl-684 .panel-grid-cell .so-panel { margin-bottom:30px } #pl-684 .panel-grid-cell .so-panel:last-child { margin-bottom:0px } #pg-684-0 { margin-left:-15px;margin-right:-15px } #pg-684-0 .panel-grid-cell { padding-left:15px;padding-right:15px } @media (max-width:780px){ #pg-684-0 .panel-grid-cell { float:none;width:auto } #pl-684 .panel-grid , #pl-684 .panel-grid-cell {  <\/p>\n","protected":false},"author":8,"featured_media":0,"parent":0,"menu_order":0,"comment_status":"closed","ping_status":"closed","template":"","meta":[],"_links":{"self":[{"href":"https:\/\/www.degro.org\/ag-stereotaxie\/wp-json\/wp\/v2\/pages\/684"}],"collection":[{"href":"https:\/\/www.degro.org\/ag-stereotaxie\/wp-json\/wp\/v2\/pages"}],"about":[{"href":"https:\/\/www.degro.org\/ag-stereotaxie\/wp-json\/wp\/v2\/types\/page"}],"author":[{"embeddable":true,"href":"https:\/\/www.degro.org\/ag-stereotaxie\/wp-json\/wp\/v2\/users\/8"}],"replies":[{"embeddable":true,"href":"https:\/\/www.degro.org\/ag-stereotaxie\/wp-json\/wp\/v2\/comments?post=684"}],"version-history":[{"count":6,"href":"https:\/\/www.degro.org\/ag-stereotaxie\/wp-json\/wp\/v2\/pages\/684\/revisions"}],"predecessor-version":[{"id":979,"href":"https:\/\/www.degro.org\/ag-stereotaxie\/wp-json\/wp\/v2\/pages\/684\/revisions\/979"}],"wp:attachment":[{"href":"https:\/\/www.degro.org\/ag-stereotaxie\/wp-json\/wp\/v2\/media?parent=684"}],"curies":[{"name":"wp","href":"https:\/\/api.w.org\/{rel}","templated":true}]}}