


{"id":67,"date":"2017-06-29T11:46:17","date_gmt":"2017-06-29T09:46:17","guid":{"rendered":"https:\/\/www.degro.org\/ag-stereotaxie\/?page_id=67"},"modified":"2025-02-11T12:10:26","modified_gmt":"2025-02-11T11:10:26","slug":"registry-trial-of-stereotactic-radiotherapy-and-targeted-drugs-toastt","status":"publish","type":"page","link":"https:\/\/www.degro.org\/ag-stereotaxie\/projekte\/aktuelle-projekte\/registry-trial-of-stereotactic-radiotherapy-and-targeted-drugs-toastt\/","title":{"rendered":"Registry trial of stereotactic radiotherapy and targeted drugs (TOaSTT)"},"content":{"rendered":"<div id=\"pl-67\"><style scoped>#pg-67-0 .panel-grid-cell { float:none } #pl-67 .panel-grid-cell .so-panel { margin-bottom:30px } #pl-67 .panel-grid-cell .so-panel:last-child { margin-bottom:0px } #pg-67-0 { margin-left:-15px;margin-right:-15px } #pg-67-0 .panel-grid-cell { padding-left:15px;padding-right:15px } #panel-67-0-0-0 a { color:#009cd8 } @media (max-width:780px){ #pg-67-0 .panel-grid-cell { float:none;width:auto } #pl-67 .panel-grid , #pl-67 .panel-grid-cell {  } #pl-67 .panel-grid .panel-grid-cell-empty { display:none } #pl-67 .panel-grid .panel-grid-cell-mobile-last { margin-bottom:0px }  } <\/style><div class=\"panel-grid\" id=\"pg-67-0\" ><div class=\"panel-grid-cell\" id=\"pgc-67-0-0\" ><div class=\"so-panel widget widget_sow-editor panel-first-child panel-last-child\" id=\"panel-67-0-0-0\" data-index=\"0\"><div class=\"so-widget-sow-editor so-widget-sow-editor-base\">\n<div class=\"siteorigin-widget-tinymce textwidget\">\n\t<h2><strong>Toxicity and efficacy of combined stereotactic radiotherapy (SRT) and systemic targeted or immunotherapy (TOaSTT)<\/strong><\/h2>\n<hr \/>\n<h4><span id=\"DeltaPlaceHolderMain\"><strong>PD Dr. med. Stephanie Kroeze mit Hermann-Holthusen-Preis ausgezeichnet<\/strong><\/span><\/h4>\n<p><span id=\"DeltaPlaceHolderMain\">Anl\u00e4sslich des 29. Jahreskongresses der Deutschen Gesellschaft f\u00fcr Radioonkologie (DEGRO) wurde PD Dr. Stephanie Kroeze f\u00fcr ihre wissenschaftlichen Leistungen im Rahmen der multizentrischen Studie \u201eToxicity and efficacy of combined stereotactic radiotherapy (SRT) and systemic targeted or immunotherapy (TOaSTT)\u201c der AG Stereotaxie mit dem <a href=\"https:\/\/www.degro.org\/degro\/preise\/hermann-holthusen-preis\/\">Hermann-Holthusen-Preis<\/a> ausgezeichnet.<\/span><\/p>\n<h4><span id=\"DeltaPlaceHolderMain\"><strong>Study PI (Switzerland):<\/strong><\/span><\/h4>\n<p><span id=\"DeltaPlaceHolderMain\">Prof. Dr. Matthias Guckenberger<br \/>\nUniversity Hospital Zurich<br \/>\n<a href=\"mailto:Matthias.Guckenberger@usz.ch\">Matthias.Guckenberger@usz.ch<\/a><br \/>\n<\/span><\/p>\n<p><span id=\"DeltaPlaceHolderMain\">Dr. Stephanie Kroeze, MD PhD<br \/>\nUniversity Hospital Zurich<br \/>\n<a href=\"mailto:Stephanie.Kroeze@usz.ch\">Stephanie.Kroeze@usz.ch<\/a><\/span><\/p>\n<h4><span id=\"DeltaPlaceHolderMain\"><strong>Study PI (Germany):<\/strong><\/span><\/h4>\n<p>Prof. Dr. Anca Grosu<br \/>\nUniversit\u00e4tsklinikum Freiburg<br \/>\n<a href=\"mailto:anca.grosu@uniklinik-freiburg.de\">anca.grosu@uniklinik-freiburg.de<\/a><\/p>\n<h4><strong> Study design:<\/strong><\/h4>\n<p>\u25cf multi-center, international retrospective study, followed by a<br \/>\n\u25cf multi-center prospective registry study<\/p>\n<h4><strong>Study objective: <\/strong><\/h4>\n<p>\u25cf To evaluate the safety of combined SRT and systemic targeted therapy or immunotherapy.<br \/>\n\u25cf To analyze efficacy and survival of combined SRT and systemic targeted therapy or immunotherapy.<\/p>\n<h4><strong>Project status:<\/strong><\/h4>\n<ul>\n<li>Study closed<\/li>\n<li>Final analysis pending<\/li>\n<li>1 systematic review and multiple manuscripts published<\/li>\n<\/ul>\n<h4><strong>Retrospective part:<\/strong><\/h4>\n<p>\u25cf Data collection succesfully closed 01.07.2018<br \/>\n\u25cf 3 Abstracts accepted for oral presentations at the ESTRO 2019<br \/>\n\u25cf Several papers in preparation<\/p>\n<h4><strong>Prospective part:<\/strong><\/h4>\n<p>\u25cf Ethics approval obtained in Switzerland<br \/>\n\u25cf Data collection started in January 2017 and is ongoing<br \/>\n\u25cf <strong>The study is open to all interested institutions:<br \/>\n\u25cf <\/strong>Detailed information is provided here (<a href=\"https:\/\/www.degro.org\/ag-stereotaxie\/wp-content\/uploads\/sites\/10\/2019\/01\/20190104SBRT_registry_info.pdf\">SBRT_registry_info<\/a>)<\/p>\n<h4><strong>Major findings and results:<\/strong><\/h4>\n<p>Kroeze SGC, Fritz C, Schaule J, et al (2021) <strong>Continued versus Interrupted Targeted Therapy during Metastasis-Directed Stereotactic Radiotherapy: A Retrospective Multi-Center Safety and Efficacy Analysis. <\/strong>Cancers (Basel) 13(19):4780.<br \/>\n<a href=\"https:\/\/pubmed.ncbi.nlm.nih.gov\/34638265\/\">https:\/\/pubmed.ncbi.nlm.nih.gov\/34638265\/<\/a><\/p>\n<p>Kroeze SGC, Schaule J, Fritz C, et al (2021) <strong>Metastasis directed stereotactic radiotherapy in NSCLC patients progressing under targeted- or immunotherapy: efficacy and safety reporting from the 'TOaSTT' database. <\/strong>Radiat Oncol 16(1):4.<br \/>\n<a href=\"https:\/\/pubmed.ncbi.nlm.nih.gov\/33407611\/\">https:\/\/pubmed.ncbi.nlm.nih.gov\/33407611\/<\/a><\/p>\n<p>Kroeze SGC, Fritz C, Schaule J, et al (2020) <strong>Stereotactic radiotherapy combined with immunotherapy or targeted therapy for metastatic renal cell carcinoma.<\/strong> BJU Int 127(6):703-711.<br \/>\n<a href=\"http:\/\/www.pubmed.ncbi.nlm.nih.gov\/33113260\/\">www.pubmed.ncbi.nlm.nih.gov\/33113260\/<\/a><\/p>\n<ul>\n<li>53 patients with metastatic renal cell carcinoma and 128 SRT treatments concurrently receiving targeted therapy or immunotherapy were retrospectively assessed for overall survival, progression-free survival, local metastasis control, time to systemic therapy, and toxicity<\/li>\n<li>Median follow-up 12 months, 1 - 5 (median 1) metastatic lesions per patient treated with SRT, median biologically equivalent dose 65 Gy<\/li>\n<li>1-y-OS: 71%, 1-y-PFS: 25%, 1-y- LC: 75%<\/li>\n<li>Oligometastatic disease state (\u2264 5 syn.- or metachronous metastases) and performance status were independent prognostic factors for OS and PFS in multivariate analysis<\/li>\n<li>No excess toxicity was recorded for combination treatment of SRT and targeted therapy or immunotherapy (G3 acute: 2 patients, G1 late: 1 patient, no G4 or G5)<\/li>\n<\/ul>\n<p>Schaule J, Kroeze SGC, Blanck O, et al (2020) <strong>Predicting survival in melanoma patients treated with concurrent targeted- or immunotherapy and stereotactic radiotherapy.<\/strong> Radiat Oncol 15:135.<br \/>\n<a href=\"https:\/\/pubmed.ncbi.nlm.nih.gov\/32487100\/\">www.pubmed.ncbi.nlm.nih.gov\/32487100\/<\/a><\/p>\n<ul>\n<li>110 melanoma patients with a median of 2 brain metastases were assessed retrospectively (international \u201cTOaSTT\u201d database) for prognostic factors of overall survival<\/li>\n<li>All patients had stereotactic radiotherapy to brain metastases and concurrent targeted therapy or immunotherapy<\/li>\n<li>Median follow-up 8 months, median overall survival 8.4 months<\/li>\n<li>The previously established molecular graded prognostic assessment model (molGPA) was not associated with overall survival. Instead, cumulative brain metastases volume, timing of metastases (syn- vs. metachronous), and systemic therapy with concurrent targeted therapy vs. immunotherapy were significantly associated with overall survival in multivariate analysis<\/li>\n<li>A new score for predicting survival in this context is proposed: VTS score (volume-timing-systemic therapy score)<\/li>\n<\/ul>\n<p>Kroeze SGC, Fritz C, Basler L, et al (2019) <strong>Combination of stereotactic radiotherapy and targeted therapy: Patterns-of-care survey among German-speaking countries.<\/strong> Strahlenther Onkol 195(3):199-206.<br \/>\n<a href=\"https:\/\/pubmed.ncbi.nlm.nih.gov\/30737541\/\">https:\/\/pubmed.ncbi.nlm.nih.gov\/30737541\/<\/a><\/p>\n<ul>\n<li>A survey on treatment practice of combined SRT and targeted- or immunotherapies was collected in 19 German-, 1 Austrian and 7 Swiss radiation oncology clinics.<\/li>\n<li>SRT and targeted therapy or immunotherapy are given concurrently in 52% of clinics.<\/li>\n<li>The majority of clinics pause targeted therapy or immunotherapy 1 week before and after SRT, irrespective of the type of systemic therapy given.<\/li>\n<\/ul>\n<p>Kroeze SGC, Fritz C, Hoyer M, et al (2017) <strong>Toxicity of concurrent stereotactic radiotherapy and targeted therapies or immunotherapy: a systematic review.<\/strong> Cancer Treat Rev 53:25-3<br \/>\n<a href=\"https:\/\/pubmed.ncbi.nlm.nih.gov\/28056412\/\">https:\/\/pubmed.ncbi.nlm.nih.gov\/28056412\/<\/a><\/p>\n<ul>\n<li>Data on toxicity of 49 published original articles evaluating concurrent treatment with stereotactic radiotherapy (SRT) and targeted therapy or immunotherapy up to april 2016 were collected.<\/li>\n<li>Cranial SRT was mostly well tolerated when combined with the majority of immuno- or targeted therapies.<\/li>\n<li>Increased toxicity was observed when cranial SRT was combined with BRAF inhibitors<\/li>\n<li>For extra-cranial SRT, available toxicity information is more limited and needs to be evaluated separately for all combinations of drugs and treatment sites.<\/li>\n<\/ul>\n<\/div>\n<\/div><\/div><\/div><\/div><\/div>","protected":false},"excerpt":{"rendered":"<p>#pg-67-0 .panel-grid-cell { float:none } #pl-67 .panel-grid-cell .so-panel { margin-bottom:30px } #pl-67 .panel-grid-cell .so-panel:last-child { margin-bottom:0px } #pg-67-0 { margin-left:-15px;margin-right:-15px } #pg-67-0 .panel-grid-cell { padding-left:15px;padding-right:15px } #panel-67-0-0-0 a { color:#009cd8 } @media (max-width:780px){ #pg-67-0 .panel-grid-cell { float:none;width:auto } #pl-67 .panel-grid <\/p>\n","protected":false},"author":8,"featured_media":0,"parent":77,"menu_order":0,"comment_status":"closed","ping_status":"closed","template":"","meta":[],"_links":{"self":[{"href":"https:\/\/www.degro.org\/ag-stereotaxie\/wp-json\/wp\/v2\/pages\/67"}],"collection":[{"href":"https:\/\/www.degro.org\/ag-stereotaxie\/wp-json\/wp\/v2\/pages"}],"about":[{"href":"https:\/\/www.degro.org\/ag-stereotaxie\/wp-json\/wp\/v2\/types\/page"}],"author":[{"embeddable":true,"href":"https:\/\/www.degro.org\/ag-stereotaxie\/wp-json\/wp\/v2\/users\/8"}],"replies":[{"embeddable":true,"href":"https:\/\/www.degro.org\/ag-stereotaxie\/wp-json\/wp\/v2\/comments?post=67"}],"version-history":[{"count":16,"href":"https:\/\/www.degro.org\/ag-stereotaxie\/wp-json\/wp\/v2\/pages\/67\/revisions"}],"predecessor-version":[{"id":1004,"href":"https:\/\/www.degro.org\/ag-stereotaxie\/wp-json\/wp\/v2\/pages\/67\/revisions\/1004"}],"up":[{"embeddable":true,"href":"https:\/\/www.degro.org\/ag-stereotaxie\/wp-json\/wp\/v2\/pages\/77"}],"wp:attachment":[{"href":"https:\/\/www.degro.org\/ag-stereotaxie\/wp-json\/wp\/v2\/media?parent=67"}],"curies":[{"name":"wp","href":"https:\/\/api.w.org\/{rel}","templated":true}]}}