


{"id":20,"date":"2017-06-27T11:46:40","date_gmt":"2017-06-27T09:46:40","guid":{"rendered":"https:\/\/www.degro.org\/ag-stereotaxie\/?page_id=20"},"modified":"2026-03-11T19:10:19","modified_gmt":"2026-03-11T18:10:19","slug":"degro-ag-radiochirurgie-und-stereotaxie","status":"publish","type":"page","link":"https:\/\/www.degro.org\/ag-stereotaxie\/","title":{"rendered":"\u00dcber uns"},"content":{"rendered":"<div id=\"pl-20\"><style scoped>#pg-20-0 , #pg-20-1 , #pl-20 .panel-grid-cell .so-panel { margin-bottom:30px } #pg-20-0 .panel-grid-cell , #pg-20-1 .panel-grid-cell { float:none } #pgc-20-2-0 { width:78.615% } #pgc-20-2-1 { width:21.385% } #pg-20-2 .panel-grid-cell { float:left } #pl-20 .panel-grid-cell .so-panel:last-child { margin-bottom:0px } #pg-20-0 , #pg-20-1 , #pg-20-2 { margin-left:-15px;margin-right:-15px } #pg-20-0 .panel-grid-cell , #pg-20-1 .panel-grid-cell , #pg-20-2 .panel-grid-cell { padding-left:15px;padding-right:15px } @media (max-width:780px){ #pg-20-0 .panel-grid-cell , #pg-20-1 .panel-grid-cell , #pg-20-2 .panel-grid-cell { float:none;width:auto } #pgc-20-2-0 { margin-bottom:30px } #pl-20 .panel-grid , #pl-20 .panel-grid-cell {  } #pl-20 .panel-grid .panel-grid-cell-empty { display:none } #pl-20 .panel-grid .panel-grid-cell-mobile-last { margin-bottom:0px }  } <\/style><div class=\"panel-grid\" id=\"pg-20-0\" ><div class=\"panel-grid-cell\" id=\"pgc-20-0-0\" ><div class=\"so-panel widget widget_sow-editor panel-first-child panel-last-child\" id=\"panel-20-0-0-0\" data-index=\"0\"><div class=\"so-widget-sow-editor so-widget-sow-editor-base\">\n<div class=\"siteorigin-widget-tinymce textwidget\">\n\t<h2>Herzlich Willkommen auf der Webseite der Arbeitsgruppe \"Radiochirurgie und Stereotaxie\"<\/h2>\n<p>Die Arbeitsgruppe der Deutschen Gesellschaft f\u00fcr Radioonkologie (DEGRO) wird von Univ.-Prof. Dr. med. Andrea Wittig-Sauerwein, <span class=\" fc-falcon\">Direktorin der Klinik und Poliklinik f\u00fcr Strahlentherapie und Radioonkologie am Universit\u00e4tsklinikum W\u00fcrzburg (UKW)<\/span>, geleitet.<\/p>\n<h4>Die Aufgaben der DEGRO Arbeitsgruppe sind:<\/h4>\n<ul>\n<li>Erstellung bzw. \u00dcberarbeitung von Stellungnahmen und Empfehlungen f\u00fcr die DEGRO<\/li>\n<li>Mitarbeit an interdisziplin\u00e4ren Leitlinien der Deutschen Krebsgesellschaft (DKG)<\/li>\n<li>Im Auftrag des Vorstands die Vertretung der DEGRO in den jeweils relevanten Fachgesellschaften als radioonkologischer Ansprechpartner<\/li>\n<li>Abgabe einer fachkompetenten Meinung zu jeweils relevanten wissenschaftlichen Studien<\/li>\n<\/ul>\n<h4>Zus\u00e4tzlich hat die AG Radiochirurgie \/ Stereotaxie folgende Schwerpunkte:<\/h4>\n<ul>\n<li>Patterns-of-Care und Patterns-of-outcome Analysen zur Radiochirurgie \/ Stereotaxie<\/li>\n<li>Prospektive Studien zur Radiochirurgie \/ Stereotaxie<\/li>\n<li>Schirmherschaft von Fort- und Weiterbildungsveranstaltungen zu den Themen der Radiochirurgie \/ Stereotaxie<\/li>\n<\/ul>\n<p>Auf dieser Webseite finden Sie Informationen zu laufenden Projekten und Studien sowie Material der AG Meetings und Fortbildungsveranstaltungen.<\/p>\n<p>Unsere Arbeitsgruppe steht allen interessierten Kollegen \u2013 Radioonkologen, Medizinphysikern sowie MTRAs offen.<\/p>\n<p>Mit besten kollegialen Gr\u00fcssen<\/p>\n<p>Andrea Wittig-Sauerwein<br \/>\nVorsitzende der AG \"Radiochirurgie\/ Stereotaxie\"<\/p>\n<\/div>\n<\/div><\/div><\/div><\/div><div class=\"panel-grid\" id=\"pg-20-1\" ><div class=\"panel-grid-cell\" id=\"pgc-20-1-0\" ><div class=\"so-panel widget widget_heading panel-first-child panel-last-child\" id=\"panel-20-1-0-0\" data-index=\"1\"><div class=\"thim-widget-heading thim-widget-heading-base\"><div class=\"sc_heading text-left\"><h3 class=\"title\">Aktuelles<\/h3><span class=\"line\"><\/span><\/div><\/div><\/div><\/div><\/div><div class=\"panel-grid\" id=\"pg-20-2\" ><div class=\"panel-grid-cell panel-grid-cell-mobile-last\" id=\"pgc-20-2-0\" ><div class=\"so-panel widget widget_heading panel-first-child\" id=\"panel-20-2-0-0\" data-index=\"2\"><div class=\"thim-widget-heading thim-widget-heading-base\"><div class=\"sc_heading text-left\"><h3 class=\"title\">Webinar des DGMP-Arbeitskreises \"Physik und Technik in der Stereotaxie\" und der DEGRO-AG Radiochirurgie und Stereotaxie<\/h3><span class=\"line\"><\/span><\/div><\/div><\/div><div class=\"so-panel widget widget_sow-editor\" id=\"panel-20-2-0-1\" data-index=\"3\"><div class=\"so-widget-sow-editor so-widget-sow-editor-base\">\n<div class=\"siteorigin-widget-tinymce textwidget\">\n\t<ul>\n<li style=\"list-style-type: none\">\n<ul>\n<li>Datum: 22. April 2026 | 17:00 - 18:30 Uhr<\/li>\n<li>Thema: Stereotaxie und Radiochirurgie<\/li>\n<li>Das Programm zur Veranstaltung k\u00f6nnen Sie dem <a href=\"https:\/\/www.degro.org\/ag-stereotaxie\/wp-content\/uploads\/sites\/10\/2026\/03\/Webinareinladung_DEGRO_AG_Stereotaxie_2026.pdf\">Flyer<\/a> entnehmen<\/li>\n<\/ul>\n<\/li>\n<\/ul>\n<p>\u00a0<\/p>\n<\/div>\n<\/div><\/div><div class=\"so-panel widget widget_heading\" id=\"panel-20-2-0-2\" data-index=\"4\"><div class=\"thim-widget-heading thim-widget-heading-base\"><div class=\"sc_heading text-left\"><h3 class=\"title\">ESTRO 2026<\/h3><span class=\"line\"><\/span><\/div><\/div><\/div><div class=\"so-panel widget widget_sow-editor\" id=\"panel-20-2-0-3\" data-index=\"5\"><div class=\"so-widget-sow-editor so-widget-sow-editor-base\">\n<div class=\"siteorigin-widget-tinymce textwidget\">\n\t<p><img loading=\"lazy\" class=\"alignnone size-full wp-image-1076\" src=\"https:\/\/www.degro.org\/ag-stereotaxie\/wp-content\/uploads\/sites\/10\/2025\/07\/Screenshot-2025-07-09-150458.jpg\" alt=\"\" width=\"196\" height=\"84\" \/><\/p>\n<ul>\n<li>Datum: 15.05.-19.05.2026<\/li>\n<li>Ort: Stockholm<\/li>\n<li>Weitere Informationen: <a href=\"https:\/\/www.estro.org\/Congresses\/ESTRO-2026\">https:\/\/www.estro.org\/Congresses\/ESTRO-2026<\/a><\/li>\n<\/ul>\n<\/div>\n<\/div><\/div><div class=\"so-panel widget widget_heading\" id=\"panel-20-2-0-4\" data-index=\"6\"><div class=\"thim-widget-heading thim-widget-heading-base\"><div class=\"sc_heading text-left\"><h3 class=\"title\">32. Kongress der Deutschen Gesellschaft f\u00fcr Radioonkologie<\/h3><span class=\"line\"><\/span><\/div><\/div><\/div><div class=\"so-panel widget widget_sow-editor\" id=\"panel-20-2-0-5\" data-index=\"7\"><div class=\"so-widget-sow-editor so-widget-sow-editor-base\">\n<div class=\"siteorigin-widget-tinymce textwidget\">\n\t<p><img loading=\"lazy\" class=\"alignnone size-medium wp-image-1066\" src=\"https:\/\/www.degro.org\/ag-stereotaxie\/wp-content\/uploads\/sites\/10\/2025\/06\/DEGRO2026_StD-Banner_5zu2-300x120.png\" alt=\"\" width=\"300\" height=\"120\" srcset=\"https:\/\/www.degro.org\/ag-stereotaxie\/wp-content\/uploads\/sites\/10\/2025\/06\/DEGRO2026_StD-Banner_5zu2-300x120.png 300w, https:\/\/www.degro.org\/ag-stereotaxie\/wp-content\/uploads\/sites\/10\/2025\/06\/DEGRO2026_StD-Banner_5zu2-1024x409.png 1024w, https:\/\/www.degro.org\/ag-stereotaxie\/wp-content\/uploads\/sites\/10\/2025\/06\/DEGRO2026_StD-Banner_5zu2-768x307.png 768w, https:\/\/www.degro.org\/ag-stereotaxie\/wp-content\/uploads\/sites\/10\/2025\/06\/DEGRO2026_StD-Banner_5zu2.png 1398w\" sizes=\"(max-width: 300px) 100vw, 300px\" \/><\/p>\n<ul>\n<li>Datum: 25.06.-27.06.2026<\/li>\n<li>Ort: Leipzig<\/li>\n<li>Weitere Informationen: <a href=\"https:\/\/www.degro-kongress.org\/\">www.degro-kongress.org <\/a><\/li>\n<\/ul>\n<\/div>\n<\/div><\/div><div class=\"so-panel widget widget_heading\" id=\"panel-20-2-0-6\" data-index=\"8\"><div class=\"thim-widget-heading thim-widget-heading-base\"><div class=\"sc_heading text-left\"><h3 class=\"title\">SAVE THE DATE: jDEGRO zu Gast in Marburg<\/h3><span class=\"line\"><\/span><\/div><\/div><\/div><div class=\"so-panel widget widget_sow-editor panel-last-child\" id=\"panel-20-2-0-7\" data-index=\"9\"><div class=\"so-widget-sow-editor so-widget-sow-editor-base\">\n<div class=\"siteorigin-widget-tinymce textwidget\">\n\t<ul>\n<li>Datum: 06.-07. November 2026<\/li>\n<li>Veranstaltungsort: Auditorium des Universit\u00e4tsklinikums Marburg<\/li>\n<li>Weitere Informationen sowie die Anmeldung zur Veranstaltung finden Sie <a href=\"https:\/\/www.degro.org\/jd\/jdegro-zu-gast\/\">hier<\/a><\/li>\n<\/ul>\n<\/div>\n<\/div><\/div><\/div><div class=\"panel-grid-cell panel-grid-cell-empty\" id=\"pgc-20-2-1\" ><\/div><\/div><\/div>","protected":false},"excerpt":{"rendered":"<p>#pg-20-0 , #pg-20-1 , #pl-20 .panel-grid-cell .so-panel { margin-bottom:30px } #pg-20-0 .panel-grid-cell , #pg-20-1 .panel-grid-cell { float:none } #pgc-20-2-0 { width:78.615% } #pgc-20-2-1 { width:21.385% } #pg-20-2 .panel-grid-cell { float:left } #pl-20 .panel-grid-cell .so-panel:last-child { margin-bottom:0px } #pg-20-0 , #pg-20-1 <\/p>\n","protected":false},"author":3,"featured_media":0,"parent":0,"menu_order":0,"comment_status":"closed","ping_status":"closed","template":"","meta":[],"_links":{"self":[{"href":"https:\/\/www.degro.org\/ag-stereotaxie\/wp-json\/wp\/v2\/pages\/20"}],"collection":[{"href":"https:\/\/www.degro.org\/ag-stereotaxie\/wp-json\/wp\/v2\/pages"}],"about":[{"href":"https:\/\/www.degro.org\/ag-stereotaxie\/wp-json\/wp\/v2\/types\/page"}],"author":[{"embeddable":true,"href":"https:\/\/www.degro.org\/ag-stereotaxie\/wp-json\/wp\/v2\/users\/3"}],"replies":[{"embeddable":true,"href":"https:\/\/www.degro.org\/ag-stereotaxie\/wp-json\/wp\/v2\/comments?post=20"}],"version-history":[{"count":50,"href":"https:\/\/www.degro.org\/ag-stereotaxie\/wp-json\/wp\/v2\/pages\/20\/revisions"}],"predecessor-version":[{"id":1138,"href":"https:\/\/www.degro.org\/ag-stereotaxie\/wp-json\/wp\/v2\/pages\/20\/revisions\/1138"}],"wp:attachment":[{"href":"https:\/\/www.degro.org\/ag-stereotaxie\/wp-json\/wp\/v2\/media?parent=20"}],"curies":[{"name":"wp","href":"https:\/\/api.w.org\/{rel}","templated":true}]}}