


{"id":156,"date":"2017-07-10T17:06:38","date_gmt":"2017-07-10T15:06:38","guid":{"rendered":"https:\/\/www.degro.org\/ag-stereotaxie\/?page_id=156"},"modified":"2022-11-09T18:59:38","modified_gmt":"2022-11-09T17:59:38","slug":"voherige_arbeitsgruppenmeetings","status":"publish","type":"page","link":"https:\/\/www.degro.org\/ag-stereotaxie\/mitglieder\/ag-meetings\/voherige_arbeitsgruppenmeetings\/","title":{"rendered":"Vorherige AG-Meetings"},"content":{"rendered":"<div id=\"pl-156\"><style scoped>#pg-156-0 , #pg-156-1 , #pg-156-2 , #pg-156-3 , #pg-156-4 , #pl-156 .panel-grid-cell .so-panel { margin-bottom:30px } #pg-156-0 .panel-grid-cell , #pg-156-1 .panel-grid-cell , #pg-156-2 .panel-grid-cell , #pg-156-3 .panel-grid-cell , #pg-156-4 .panel-grid-cell , #pg-156-5 .panel-grid-cell { float:none } #pl-156 .panel-grid-cell .so-panel:last-child { margin-bottom:0px } #pg-156-0 , #pg-156-1 , #pg-156-2 , #pg-156-3 , #pg-156-4 , #pg-156-5 { margin-left:-15px;margin-right:-15px } #pg-156-0 .panel-grid-cell , #pg-156-1 .panel-grid-cell , #pg-156-2 .panel-grid-cell , #pg-156-3 .panel-grid-cell , #pg-156-4 .panel-grid-cell , #pg-156-5 .panel-grid-cell { padding-left:15px;padding-right:15px } @media (max-width:780px){ #pg-156-0 .panel-grid-cell , #pg-156-1 .panel-grid-cell , #pg-156-2 .panel-grid-cell , #pg-156-3 .panel-grid-cell , #pg-156-4 .panel-grid-cell , #pg-156-5 .panel-grid-cell { float:none;width:auto } #pl-156 .panel-grid , #pl-156 .panel-grid-cell {  } #pl-156 .panel-grid .panel-grid-cell-empty { display:none } #pl-156 .panel-grid .panel-grid-cell-mobile-last { margin-bottom:0px }  } <\/style><div class=\"panel-grid\" id=\"pg-156-0\" ><div class=\"panel-grid-cell\" id=\"pgc-156-0-0\" ><div class=\"so-panel widget widget_heading panel-first-child\" id=\"panel-156-0-0-0\" data-index=\"0\"><div class=\"thim-widget-heading thim-widget-heading-base\"><div class=\"sc_heading text-left\"><h3 class=\"title\">2022<\/h3><span class=\"line\"><\/span><\/div><\/div><\/div><div class=\"so-panel widget widget_sow-editor panel-last-child\" id=\"panel-156-0-0-1\" data-index=\"1\"><div class=\"so-widget-sow-editor so-widget-sow-editor-base\">\n<div class=\"siteorigin-widget-tinymce textwidget\">\n\t<p>Am 30.09.2022 und 01.10.2022 fand in Erlangen das Arbeitsgruppentreffen der DEGRO AG Stereotaxie mit Begleitsymposium \u201eStereotaxie reimag<sup>in<\/sup>ed\u201c statt.<br \/>\n<em>Alle Vortr\u00e4ge sind im <strong><a href=\"https:\/\/www.degro.org\/ag-stereotaxie\/mitglieder\/\">gesch\u00fctzten Mitglieder-Bereich<\/a><\/strong> unter Arbeitsgruppenmeeting 2022 hinterlegt.<\/em><\/p>\n<\/div>\n<\/div><\/div><\/div><\/div><div class=\"panel-grid\" id=\"pg-156-1\" ><div class=\"panel-grid-cell\" id=\"pgc-156-1-0\" ><div class=\"so-panel widget widget_heading panel-first-child\" id=\"panel-156-1-0-0\" data-index=\"2\"><div class=\"thim-widget-heading thim-widget-heading-base\"><div class=\"sc_heading text-left\"><h3 class=\"title\">2021<\/h3><span class=\"line\"><\/span><\/div><\/div><\/div><div class=\"so-panel widget widget_sow-editor panel-last-child\" id=\"panel-156-1-0-1\" data-index=\"3\"><div class=\"so-widget-sow-editor so-widget-sow-editor-base\">\n<div class=\"siteorigin-widget-tinymce textwidget\">\n\t<p>Am 25.06.2021 und 03.12.2021 fanden Arbeitsgruppentreffen der DEGRO AG Stereotaxie in virtueller Form statt.<br \/>\n<em>Mehr Informationen sowie alle Vortr\u00e4ge sind im <strong><a href=\"https:\/\/www.degro.org\/ag-stereotaxie\/mitglieder\/\">gesch\u00fctzten Mitglieder-Bereich<\/a><\/strong> unter Arbeitsgruppenmeeting 2021 hinterlegt.<\/em><\/p>\n<\/div>\n<\/div><\/div><\/div><\/div><div class=\"panel-grid\" id=\"pg-156-2\" ><div class=\"panel-grid-cell\" id=\"pgc-156-2-0\" ><div class=\"so-panel widget widget_heading panel-first-child\" id=\"panel-156-2-0-0\" data-index=\"4\"><div class=\"thim-widget-heading thim-widget-heading-base\"><div class=\"sc_heading text-left\"><h3 class=\"title\">2020<\/h3><span class=\"line\"><\/span><\/div><\/div><\/div><div class=\"so-panel widget widget_sow-editor panel-last-child\" id=\"panel-156-2-0-1\" data-index=\"5\"><div class=\"so-widget-sow-editor so-widget-sow-editor-base\">\n<div class=\"siteorigin-widget-tinymce textwidget\">\n\t<p>Am 06.11.2020 fand ein Arbeitsgruppentreffen der DEGRO AG Stereotaxie in virtueller Form statt.<br \/>\n<em>Mehr Informationen finden Sie im <strong><a href=\"https:\/\/www.degro.org\/ag-stereotaxie\/mitglieder\/\">gesch\u00fctzten Mitglieder-Bereich<\/a><\/strong> unter Arbeitsgruppenmeeting 2020.<\/em><\/p>\n<\/div>\n<\/div><\/div><\/div><\/div><div class=\"panel-grid\" id=\"pg-156-3\" ><div class=\"panel-grid-cell\" id=\"pgc-156-3-0\" ><div class=\"so-panel widget widget_heading panel-first-child\" id=\"panel-156-3-0-0\" data-index=\"6\"><div class=\"thim-widget-heading thim-widget-heading-base\"><div class=\"sc_heading text-left\"><h3 class=\"title\">2019<\/h3><span class=\"line\"><\/span><\/div><\/div><\/div><div class=\"so-panel widget widget_sow-editor panel-last-child\" id=\"panel-156-3-0-1\" data-index=\"7\"><div class=\"so-widget-sow-editor so-widget-sow-editor-base\">\n<div class=\"siteorigin-widget-tinymce textwidget\">\n\t<p>Das Jahrestreffen der DEGRO AG Stereotaxie\u00a0 fand am 23.11.2019 in M\u00fcnchen statt.<br \/>\n<em>Alle Vortr\u00e4ge sind im <strong><a href=\"https:\/\/www.degro.org\/ag-stereotaxie\/mitglieder\/\">gesch\u00fctzten Mitglieder-Bereich<\/a><\/strong> unter Arbeitsgruppenmeeting 2019 hinterlegt.<\/em><\/p>\n<\/div>\n<\/div><\/div><\/div><\/div><div class=\"panel-grid\" id=\"pg-156-4\" ><div class=\"panel-grid-cell\" id=\"pgc-156-4-0\" ><div class=\"so-panel widget widget_heading panel-first-child\" id=\"panel-156-4-0-0\" data-index=\"8\"><div class=\"thim-widget-heading thim-widget-heading-base\"><div class=\"sc_heading text-left\"><h3 class=\"title\">2017<\/h3><span class=\"line\"><\/span><\/div><\/div><\/div><div class=\"so-panel widget widget_sow-editor panel-last-child\" id=\"panel-156-4-0-1\" data-index=\"9\"><div class=\"so-widget-sow-editor so-widget-sow-editor-base\">\n<div class=\"siteorigin-widget-tinymce textwidget\">\n\t<p>Liebe Kolleginnen und Kollegen,<\/p>\n<p>das Jahrestreffen der DEGRO AG Stereotaxie am 21.10.2017 war kombiniert mit einem Symposium der DEGRO und DGNC (Deutschen Gesellschaft f\u00fcr Neurochirurgie) am 20.10.2017. Die lokale Organisation durch die Kollegen aus Frankfurt \u2013 Prof. R\u00f6del und Prof. Seifert \u2013 sowie durch Dr. Blanck war exzellent \u2013 hierf\u00fcr ein herzlicher Dank.<\/p>\n<h3><strong>DEGRO &amp; DGNC Symposium \u201eHirnmetastasen\u201c<\/strong><\/h3>\n<p>Am Freitag wurde das Thema der Hirnmetastasierung umfassend und interdisziplin\u00e4r beleuchtet. Die hohe Relevanz des Themas dr\u00fcckt sich alleine durch die gro\u00dfe Teilnehmerzahl von 191 Kolleginnen und Kollegen aus den Disziplinen der Radioonkologie und Neurochirurgie aus: aber auch f\u00fcr z.B. Dermatologen, Pathologen und Allgemein\u00e4rzte war das Thema interessant. Durch die rasanten Fortschritte auf den Gebieten der Diagnostik, Radiotherapie, Neurochirurgie und Systemtherapie wurden \u201ealte\u201c Therapiekonzepte kritisch diskutiert und interpretiert.<\/p>\n<p><em>Alle Vortr\u00e4ge des Symposiums sind im <strong><a href=\"https:\/\/www.degro.org\/ag-stereotaxie\/mitglieder\/\">gesch\u00fctzten Mitglieder-Bereich<\/a><\/strong> unter Arbeitsgruppenmeeting 2017 hinterlegt.<\/em><\/p>\n<h3><strong>Jahrestreffen der DEGRO AG Stereotaxie<\/strong><\/h3>\n<p>Das Jahresmeeting der DEGRO AG Stereotaxie wurde von 136 Kolleginnen und Kollegen besucht \u2013 HERZLICHEN DANK f\u00fcr das Engagement und Interesse!<\/p>\n<p><em>Alle Vortr\u00e4ge sind im <strong><a href=\"https:\/\/www.degro.org\/ag-stereotaxie\/mitglieder\/\">gesch\u00fctzten Mitglieder-Bereich<\/a><\/strong> unter Arbeitsgruppenmeeting 2017 hinterlegt.<\/em><\/p>\n<p>Prof. Guckenberger fasste die Aktivit\u00e4ten der DEGRO AG Stereotaxie aus dem Jahr 2017 zusammen. Ein Highlight war die Ver\u00f6ffentlichung von bisher 6 Manuskripten \u2013 allen beteiligen Zentren und Kolleginnen und Kollegen ein herzliches DANKESCH\u00d6N und Gratulation an die Autoren.<\/p>\n<p>Entsprechend dem Reglement der DEGRO wurde die Leitung der AG Stereotaxie gew\u00e4hlt. Als Leiter wurde f\u00fcr weitere zwei Jahre Prof. Matthias Guckenberger wiedergew\u00e4hlt, neue Stellvertreterin ist Dr. Juliane H\u00f6rner-Rieber aus Heidelberg. Frau Dr. Marciana-Nona Duma aus der TUM wurde als Beisitzerin \/ Schriftf\u00fchrer gew\u00e4hlt, Dr. Oliver Blanck aus G\u00fcstrow wurde zum Beisitzer \/ Verbindungsperson zur DGMP gew\u00e4hlt. Herzlichen Dank f\u00fcr das Vertrauen und den Kolleginnen und Kollegen f\u00fcr das Engagement. Die Wahl muss noch durch den DEGRO Vorstand best\u00e4tigt werden.<\/p>\n<p>Zwei Themen wurden aus einem Fortbildungsgesichtspunkt beleuchtet. Frau Dr. Lotte Wilke fasste die neu ver\u00f6ffentlichte ICRU 91 zusammen und stellte sie in den Kontext der historischen ICRU Reporte. Prof. A Mahadevan aus Boston diskutierte die vorhandene Evidenz zur SBRT beim Pankreas Karzinom.<\/p>\n<p>Die zahlreichen laufenden Projekte der AG Stereotaxie wurden vorgestellt und teils erweitert: erste Priorit\u00e4t innerhalb der DEGRO AG Stereotaxie hat die TOaSTT Studie. Diese untersucht prospektiv und retrospektiv die Vertr\u00e4glichkeit und Wirksamkeit wenn stereotaktische Bestrahlung (craniell und extracraniell) mit modernen zielgerichteten Medikamenten kombiniert wird, ein Thema von h\u00f6chster Relevanz f\u00fcr unser Fach. Alle Mitglieder der DEGRO AG Stereotaxie (und solche die es werden wollen) sind wieder herzlich zur Teilnahme eingeladen. <strong><a href=\"https:\/\/www.degro.org\/ag-stereotaxie\/registry-trial-of-stereotactic-radiotherapy-and-targeted-drugs-toastt\/\">&gt;&gt;&gt;&gt;&gt;Lesen Sie hier mehr<\/a><\/strong><\/p>\n<p>Die laufenden Projekte der AG Stereotaxie wurden vorgestellt und teils erweitert:<\/p>\n<ul>\n<li>DEGRO AG Stereotaxie Datenbank zur SBRT von Lungenmetastasen<\/li>\n<li>DEGRO AG Stereotaxie Datenbank zur SBRT von Lebermetastasen<\/li>\n<li>DEGRO AG Stereotaxie Datenbank zur SBRT von prim\u00e4ren Lebertumoren<\/li>\n<li>DOSIS Studie: Randomisierter Vergleich von SBRT und konventioneller Radiotherapie bez\u00fcglich des Schmerzansprechens von Wirbels\u00e4ulenmetastasen<\/li>\n<\/ul>\n<p>Ebenso wurden neue Projektideen zu den Themen Hirnmetastasen, Pankreas Karzinom, Radiomics, in-silico Planungsstudien vorgestellt. Wir werden wir in einer sp\u00e4teren Umfrage unter den DEGRO AG Stereotaxie Mitgliedern das Interesse an den einzelnen Projekten abfragen und dann entsprechend planen.<\/p>\n<p><span style=\"color: #ff0000\"><strong>Ein herzlicher Dank an alle aktiven Zentren und Kolleginnen und Kollegen!<\/strong><\/span><\/p>\n<p>Beste Gr\u00fc\u00dfe<\/p>\n<p>Matthias Guckenberger<\/p>\n<\/div>\n<\/div><\/div><\/div><\/div><div class=\"panel-grid\" id=\"pg-156-5\" ><div class=\"panel-grid-cell\" id=\"pgc-156-5-0\" ><div class=\"so-panel widget widget_sow-image panel-first-child panel-last-child\" id=\"panel-156-5-0-0\" data-index=\"10\"><div class=\"so-widget-sow-image so-widget-sow-image-default-3f547a15eaaa\">\n\n<div class=\"sow-image-container\">\n\t<img src=\"https:\/\/www.degro.org\/ag-stereotaxie\/wp-content\/uploads\/sites\/10\/2017\/10\/AG_Foto_2017x.jpeg\" width=\"2000\" height=\"595\" srcset=\"https:\/\/www.degro.org\/ag-stereotaxie\/wp-content\/uploads\/sites\/10\/2017\/10\/AG_Foto_2017x.jpeg 2000w, https:\/\/www.degro.org\/ag-stereotaxie\/wp-content\/uploads\/sites\/10\/2017\/10\/AG_Foto_2017x-300x89.jpeg 300w, https:\/\/www.degro.org\/ag-stereotaxie\/wp-content\/uploads\/sites\/10\/2017\/10\/AG_Foto_2017x-768x228.jpeg 768w, https:\/\/www.degro.org\/ag-stereotaxie\/wp-content\/uploads\/sites\/10\/2017\/10\/AG_Foto_2017x-1024x305.jpeg 1024w\"  class=\"so-widget-image\"\/>\n<\/div>\n\n<\/div><\/div><\/div><\/div><\/div>","protected":false},"excerpt":{"rendered":"<p>#pg-156-0 , #pg-156-1 , #pg-156-2 , #pg-156-3 , #pg-156-4 , #pl-156 .panel-grid-cell .so-panel { margin-bottom:30px } #pg-156-0 .panel-grid-cell , #pg-156-1 .panel-grid-cell , #pg-156-2 .panel-grid-cell , #pg-156-3 .panel-grid-cell , #pg-156-4 .panel-grid-cell , #pg-156-5 .panel-grid-cell { float:none } #pl-156 .panel-grid-cell .so-panel:last-child { <\/p>\n","protected":false},"author":8,"featured_media":0,"parent":223,"menu_order":0,"comment_status":"closed","ping_status":"closed","template":"","meta":[],"_links":{"self":[{"href":"https:\/\/www.degro.org\/ag-stereotaxie\/wp-json\/wp\/v2\/pages\/156"}],"collection":[{"href":"https:\/\/www.degro.org\/ag-stereotaxie\/wp-json\/wp\/v2\/pages"}],"about":[{"href":"https:\/\/www.degro.org\/ag-stereotaxie\/wp-json\/wp\/v2\/types\/page"}],"author":[{"embeddable":true,"href":"https:\/\/www.degro.org\/ag-stereotaxie\/wp-json\/wp\/v2\/users\/8"}],"replies":[{"embeddable":true,"href":"https:\/\/www.degro.org\/ag-stereotaxie\/wp-json\/wp\/v2\/comments?post=156"}],"version-history":[{"count":21,"href":"https:\/\/www.degro.org\/ag-stereotaxie\/wp-json\/wp\/v2\/pages\/156\/revisions"}],"predecessor-version":[{"id":917,"href":"https:\/\/www.degro.org\/ag-stereotaxie\/wp-json\/wp\/v2\/pages\/156\/revisions\/917"}],"up":[{"embeddable":true,"href":"https:\/\/www.degro.org\/ag-stereotaxie\/wp-json\/wp\/v2\/pages\/223"}],"wp:attachment":[{"href":"https:\/\/www.degro.org\/ag-stereotaxie\/wp-json\/wp\/v2\/media?parent=156"}],"curies":[{"name":"wp","href":"https:\/\/api.w.org\/{rel}","templated":true}]}}