


{"id":2,"date":"2024-03-25T09:22:06","date_gmt":"2024-03-25T08:22:06","guid":{"rendered":"https:\/\/www.degro.org\/adaptivestrahlentherapie\/?page_id=2"},"modified":"2024-07-08T11:45:45","modified_gmt":"2024-07-08T09:45:45","slug":"ag-adaptive-strahlentherapie","status":"publish","type":"page","link":"https:\/\/www.degro.org\/adaptivestrahlentherapie\/","title":{"rendered":"AG Adaptive Strahlentherapie"},"content":{"rendered":"<div id=\"pl-2\"><style scoped>#pg-2-0 , #pl-2 .panel-grid-cell .so-panel { margin-bottom:30px } #pg-2-0 .panel-grid-cell , #pg-2-1 .panel-grid-cell { float:none } #pl-2 .panel-grid-cell .so-panel:last-child { margin-bottom:0px } #pg-2-0 , #pg-2-1 { margin-left:-15px;margin-right:-15px } #pg-2-0 .panel-grid-cell , #pg-2-1 .panel-grid-cell { padding-left:15px;padding-right:15px } @media (max-width:780px){ #pg-2-0 .panel-grid-cell , #pg-2-1 .panel-grid-cell { float:none;width:auto } #pl-2 .panel-grid , #pl-2 .panel-grid-cell {  } #pl-2 .panel-grid .panel-grid-cell-empty { display:none } #pl-2 .panel-grid .panel-grid-cell-mobile-last { margin-bottom:0px }  } <\/style><div class=\"panel-grid\" id=\"pg-2-0\" ><div class=\"panel-grid-cell\" id=\"pgc-2-0-0\" ><div class=\"so-panel widget widget_sow-editor panel-first-child\" id=\"panel-2-0-0-0\" data-index=\"0\"><div class=\"so-widget-sow-editor so-widget-sow-editor-base\">\n<div class=\"siteorigin-widget-tinymce textwidget\">\n\t<h3>Herzlich Willkommen auf der Webseite der Arbeitsgruppe Adaptive Strahlentherapie<\/h3>\n<\/div>\n<\/div><\/div><div class=\"so-panel widget widget_sow-editor panel-last-child\" id=\"panel-2-0-0-1\" data-index=\"1\"><div class=\"so-widget-sow-editor so-widget-sow-editor-base\">\n<div class=\"siteorigin-widget-tinymce textwidget\">\n\t<p><strong><span style=\"color: #009cd8\">AG Adaptive Strahlentherapie<\/span> <\/strong><\/p>\n<p>Die Arbeitsgruppe \"Adaptive Strahlentherapie\" innerhalb der Deutschen Gesellschaft f\u00fcr Radioonkologie (DEGRO) vereint Experten und Fachleute im Bereich CT- und MR-basierter adaptiver Strahlentherapie, deren Bestreben es ist die Forschung und das Wissen dieser zukunftweisenden Technik gezielt voranzubringen.<\/p>\n<p>\u00a0<\/p>\n<p style=\"text-align: left\"><span style=\"color: #009cd8\"><strong>Was ist Adaptive Strahlentherapie?<\/strong><\/span><\/p>\n<p>Adaptive Strahlentherapie (<em>Adapted Radiotherapy<\/em>; ART) beschreibt ein Verfahren, bei welchem unter Ber\u00fccksichtigung der Anatomie und Morphologie ein Bestrahlungsplan neu berechnet und appliziert wird. Die wichtigste Form der Adaptiven Strahlentherapie ist die online Adaptive Radiotherapie (<em>online Adapted Radiotherapy<\/em>; oART), bei welcher diese Neuplanung tagesaktuell durchgef\u00fchrt wird. Der Patient verweilt hierbei in Behandlungsposition. Es k\u00f6nnen Ver\u00e4nderungen in der Tumorgr\u00f6\u00dfe, Form oder Position w\u00e4hrend der Behandlung ber\u00fccksichtigt werden. F\u00fcr die Bildf\u00fchrung stehen aktuell CT- und MR-basierte Systeme zur Verf\u00fcgung.<\/p>\n<p>\u00a0<\/p>\n<p><span style=\"color: #009cd8\"><strong>Unsere Aufgaben<\/strong><\/span><\/p>\n<p>Als Gruppe von Experten CT-adaptiver und MR-adaptiver Strahlentherapie besteht eine zentrale Aufgabe in der Erarbeitung von Empfehlungen zur Indikation und Applikation der ART, deren Implementierung in den klinischen Alltag und die kontinuierliche Optimierung medizinphysikalischer und technischer Aspekte. Dies beinhaltet die Entwicklung von Workflows, die Sicherung der Qualit\u00e4t und die Optimierung der Bestrahlungsplanung. Ein weiterer Schwerpunkt liegt in der Verbesserung von Forschungsm\u00f6glichkeiten durch eine engere und interdisziplin\u00e4re Zusammenarbeit sowie die Unterst\u00fctzung laufender Forschungsprojekte.<\/p>\n<p>\u00a0<\/p>\n<p><span style=\"color: #009cd8\"><strong>Expertise und Fokus<\/strong><\/span><\/p>\n<p>Die Arbeitsgruppe befasst sich mit klinischen und wissenschaftlichen Aspekten der CT-adaptiven und MR-adaptiven Strahlentherapie. Hierbei steht insbesondere die Anwendung der ART bei abdominellen sowie pelvinen und thorakalen Tumoren im Fokus. Die ART bietet zudem f\u00fcr viele weitere Bestrahlungsindikationen und Entit\u00e4ten Vorteile, sodass bei Projekten dieser Arbeitsgemeinschaft die jeweiligen organbezogenen Arbeitsgruppen miteinbezogen werden und Synergien entstehen k\u00f6nnen.<\/p>\n<p>Durch die unterschiedliche Bildgebungsmodalit\u00e4t und die resultierend unterschiedlichen physikalisch-technischen Herausforderungen ergeben sich deutliche Unterschiede zwischen beiden Systemen. Um den spezifischen Anforderungen beider Verfahren gerecht zu werden, erfolgt eine Unterteilung der Arbeitsgruppe in zwei Themenschwerpunkte: CT-adaptive Strahlentherapie und MR-adaptive Strahlentherapie.<\/p>\n<p>\u00a0<\/p>\n<p><span style=\"color: #009cd8\"><strong>Forschung und Studien<\/strong><\/span><\/p>\n<p>Die Arbeitsgruppe \u00fcberwacht aufmerksam laufende Studien, analysiert ihre Fortschritte und evaluiert die Ergebnisse. Auf dieser Grundlage werden Stellungnahmen und Empfehlungen f\u00fcr die DEGRO erstellt und \u00fcberarbeitet. Zus\u00e4tzlich engagiert sich die Gruppe aktiv in der Anregung und Umsetzung eigener multizentrischer Studien. Damit tr\u00e4gt die Arbeitsgruppe dazu bei, Richtlinien und Standards f\u00fcr die Anwendung der ART zu definieren und fortlaufend zu verbessern.<\/p>\n<p>\u00a0<\/p>\n<p><strong><span style=\"color: #009cd8\">Bildungsangebote<\/span> <\/strong><\/p>\n<p>Die ART ist eine treibende Kraft f\u00fcr Innovation in der technischen Entwicklung unseres Fachgebiets. Fort- und Weiterbildungsprogramme nehmen daher eine zentrale Rolle als Anliegen unserer Arbeitsgruppe ein. Mit Schulungen und Informationsveranstaltungen f\u00f6rdern wir aktiv den Wissenserwerb und die Vertiefung aktueller Kenntnisse innerhalb der Fachgemeinschaft. Unser Ziel ist es, eine qualitativ hochwertige Anwendung der ART zu etablieren.<\/p>\n<p>\u00a0<\/p>\n<p><span style=\"color: #009cd8\"><strong>Kontakt und Engagement<\/strong><\/span><\/p>\n<p>Wir laden alle Interessierten herzlich dazu ein, ein Teil unserer Arbeitsgruppe \u201eAdaptive Strahlentherapie\u201c zu werden, um die Zukunft dieser modernsten Form der intensit\u00e4tsmodulierten und bildgef\u00fchrten Strahlentherapie aktiv mitzugestalten. Die positive Weiterentwicklung unseres Fachgebiets ist in erster Linie abh\u00e4ngig vom pers\u00f6nlichen Engagement und der Motivation eines jeden Einzelnen.<\/p>\n<p>\u00a0<\/p>\n<p>\u00a0<\/p>\n<\/div>\n<\/div><\/div><\/div><\/div><div class=\"panel-grid\" id=\"pg-2-1\" ><div class=\"panel-grid-cell\" id=\"pgc-2-1-0\" ><div class=\"so-panel widget widget_sow-editor panel-first-child\" id=\"panel-2-1-0-0\" data-index=\"2\"><div class=\"so-widget-sow-editor so-widget-sow-editor-base\">\n<div class=\"siteorigin-widget-tinymce textwidget\">\n\t<p><strong>Der Vorstand der Arbeitsgruppe<\/strong><\/p>\n<\/div>\n<\/div><\/div><div class=\"so-panel widget widget_lsow-accordion panel-last-child\" id=\"panel-2-1-0-1\" data-index=\"3\"><div class=\"so-widget-lsow-accordion so-widget-lsow-accordion-default-d75171398898\">\n\n<div class=\"lsow-accordion style2\" data-toggle=\"false\">\n\n    \n        <div class=\"lsow-panel\">\n\n            <div class=\"lsow-panel-title\">Prof. Dr. Dr. med. Stefanie Corradini<\/div>\n\n            <div class=\"lsow-panel-content\"><p><span style=\"color: #00ccff\"><strong><img class=\"alignnone size-medium wp-image-27\" src=\"https:\/\/www.degro.org\/adaptivestrahlentherapie\/wp-content\/uploads\/sites\/20\/2024\/07\/20240528_Foto_Prof.-Dr.-med.-Stefanie-Corradini-300x200.jpg\" alt=\"\" width=\"300\" height=\"200\" \/>Vorsitzende<\/strong><\/span><br \/>Klinikum der Ludwig-Maximilian-Universit\u00e4t M\u00fcnchen<br \/>Campus Grosshadern<br \/>Klinik und Poliklinik f\u00fcr Strahlentherapie und Radioonkologie<br \/>E-Mail: <a href=\"mailto:stefanie.corradini@med.uni-muenchen.de\">stefanie.corradini@med.uni-muenchen.de<\/a><\/p><\/div>\n\n        <\/div>\n\n        \n        <div class=\"lsow-panel\">\n\n            <div class=\"lsow-panel-title\">Prof. Dr. med. Juliane H\u00f6rner-Rieber<\/div>\n\n            <div class=\"lsow-panel-content\"><p><strong><span style=\"color: #00ccff\">Stellvertreterin<\/span><\/strong><br \/>Universit\u00e4tsKlinikum Heidelberg<br \/>Klinik f\u00fcr RadioOnkologie und Strahlentherapie<br \/>E-Mail: <a href=\"mailto:juliane.hoerner-rieber@med.uni-heidelberg.de\">juliane.hoerner-rieber@med.uni-heidelberg.de<\/a><\/p><\/div>\n\n        <\/div>\n\n        \n        <div class=\"lsow-panel\">\n\n            <div class=\"lsow-panel-title\">Univ.-Prof. Dr. med. Rami El Shafie<\/div>\n\n            <div class=\"lsow-panel-content\"><p>Georg-August-Universit\u00e4t G\u00f6ttingen<br \/>Klinik f\u00fcr Strahlentherapie und Radioonkologie<br \/>E-Mail: <a href=\"mailto:rami.elshafie@med.uni-goettingen.de\">rami.elshafie@med.uni-goettingen.de<\/a><\/p><\/div>\n\n        <\/div>\n\n        \n        <div class=\"lsow-panel\">\n\n            <div class=\"lsow-panel-title\">Dr. med. Simon B\u00f6ke<\/div>\n\n            <div class=\"lsow-panel-content\"><p><strong><span style=\"color: #00ccff\">Beisitzer<\/span><\/strong><br \/>Universit\u00e4tsklinikum T\u00fcbingen<br \/>Universit\u00e4tsklinik f\u00fcr Radioonkologie mit MVZ<br \/>E-Mail: <a href=\"mailto:simon.boeke@med.uni-tuebingen.de\">simon.boeke@med.uni-tuebingen.de<\/a><\/p><\/div>\n\n        <\/div>\n\n        \n        <div class=\"lsow-panel\">\n\n            <div class=\"lsow-panel-title\">Prof. Dr. med. Nicolaus Andratschke<\/div>\n\n            <div class=\"lsow-panel-content\"><p><strong><span style=\"color: #00ccff\">Beisitzer<\/span><\/strong><br \/>Universit\u00e4tsspital Z\u00fcrich<br \/>Klinik f\u00fcr Radio-Onkologie<br \/>Kompetenzzentrum f\u00fcr Palliative Care<br \/>Interdisziplin\u00e4res Zentrum f\u00fcr Hochpr\u00e4zisionstherapie<br \/>E-Mail: <a href=\"mailto:nicolaus.andratschke@usz.ch\">nicolaus.andratschke@usz.ch<\/a><\/p><\/div>\n\n        <\/div>\n\n        \n<\/div><\/div><\/div><\/div><\/div><\/div>","protected":false},"excerpt":{"rendered":"<p>#pg-2-0 , #pl-2 .panel-grid-cell .so-panel { margin-bottom:30px } #pg-2-0 .panel-grid-cell , #pg-2-1 .panel-grid-cell { float:none } #pl-2 .panel-grid-cell .so-panel:last-child { margin-bottom:0px } #pg-2-0 , #pg-2-1 { margin-left:-15px;margin-right:-15px } #pg-2-0 .panel-grid-cell , #pg-2-1 .panel-grid-cell { padding-left:15px;padding-right:15px } @media (max-width:780px){ #pg-2-0 .panel-grid-cell <\/p>\n","protected":false},"author":11,"featured_media":0,"parent":0,"menu_order":0,"comment_status":"closed","ping_status":"open","template":"","meta":[],"_links":{"self":[{"href":"https:\/\/www.degro.org\/adaptivestrahlentherapie\/wp-json\/wp\/v2\/pages\/2"}],"collection":[{"href":"https:\/\/www.degro.org\/adaptivestrahlentherapie\/wp-json\/wp\/v2\/pages"}],"about":[{"href":"https:\/\/www.degro.org\/adaptivestrahlentherapie\/wp-json\/wp\/v2\/types\/page"}],"author":[{"embeddable":true,"href":"https:\/\/www.degro.org\/adaptivestrahlentherapie\/wp-json\/wp\/v2\/users\/11"}],"replies":[{"embeddable":true,"href":"https:\/\/www.degro.org\/adaptivestrahlentherapie\/wp-json\/wp\/v2\/comments?post=2"}],"version-history":[{"count":8,"href":"https:\/\/www.degro.org\/adaptivestrahlentherapie\/wp-json\/wp\/v2\/pages\/2\/revisions"}],"predecessor-version":[{"id":22,"href":"https:\/\/www.degro.org\/adaptivestrahlentherapie\/wp-json\/wp\/v2\/pages\/2\/revisions\/22"}],"wp:attachment":[{"href":"https:\/\/www.degro.org\/adaptivestrahlentherapie\/wp-json\/wp\/v2\/media?parent=2"}],"curies":[{"name":"wp","href":"https:\/\/api.w.org\/{rel}","templated":true}]}}